{"id":107063,"date":"2023-03-21T09:36:02","date_gmt":"2023-03-21T09:36:02","guid":{"rendered":"https:\/\/jordil13.sg-host.com\/blog-2\/"},"modified":"2023-05-23T16:05:23","modified_gmt":"2023-05-23T16:05:23","slug":"blog-2","status":"publish","type":"page","link":"https:\/\/menorcaventura.es\/en\/blog-2\/","title":{"rendered":"Blog"},"content":{"rendered":"<p>[et_pb_section fb_built=&#8221;1&#8243; admin_label=&#8221;Listings&#8221; _builder_version=&#8221;4.16&#8243; custom_padding=&#8221;80px|0px|80px|0px|true|false&#8221; da_disable_devices=&#8221;off|off|off&#8221; global_colors_info=&#8221;{}&#8221; da_is_popup=&#8221;off&#8221; da_exit_intent=&#8221;off&#8221; da_has_close=&#8221;on&#8221; da_alt_close=&#8221;off&#8221; da_dark_close=&#8221;off&#8221; da_not_modal=&#8221;on&#8221; da_is_singular=&#8221;off&#8221; da_with_loader=&#8221;off&#8221; da_has_shadow=&#8221;on&#8221;][et_pb_row _builder_version=&#8221;4.16&#8243; module_alignment=&#8221;center&#8221; use_custom_width=&#8221;on&#8221; locked=&#8221;off&#8221; global_colors_info=&#8221;{}&#8221;][et_pb_column type=&#8221;4_4&#8243; _builder_version=&#8221;4.16&#8243; custom_padding=&#8221;|||&#8221; global_colors_info=&#8221;{}&#8221; custom_padding__hover=&#8221;|||&#8221;][et_pb_text _builder_version=&#8221;4.20.4&#8243; text_font=&#8221;Lato||||||||&#8221; text_font_size=&#8221;20px&#8221; text_line_height=&#8221;1.8em&#8221; header_font=&#8221;||||||||&#8221; header_2_font=&#8221;Teko||||||||&#8221; header_2_font_size=&#8221;96px&#8221; text_orientation=&#8221;center&#8221; max_width=&#8221;700px&#8221; module_alignment=&#8221;center&#8221; custom_margin=&#8221;||0px|&#8221; header_2_font_size_tablet=&#8221;66px&#8221; header_2_font_size_phone=&#8221;36px&#8221; header_2_font_size_last_edited=&#8221;on|phone&#8221; global_colors_info=&#8221;{}&#8221;]<\/p>\n<h2>Last News<\/h2>\n<p><span>Updates and news about the activities, services and events of MenorcAventura, as well as relevant news from the tourism sector and the island of Menorca in general, stay informed.<\/span><\/p>\n<p>[\/et_pb_text][\/et_pb_column][\/et_pb_row][et_pb_row use_custom_gutter=&#8221;on&#8221; gutter_width=&#8221;2&#8243; _builder_version=&#8221;4.21.0&#8243; _module_preset=&#8221;default&#8221; width=&#8221;90%&#8221; max_width=&#8221;1336px&#8221; global_colors_info=&#8221;{}&#8221;][et_pb_column type=&#8221;4_4&#8243; _builder_version=&#8221;4.21.0&#8243; _module_preset=&#8221;default&#8221; global_colors_info=&#8221;{}&#8221;][et_pb_post_slider show_meta=&#8221;off&#8221; _builder_version=&#8221;4.21.0&#8243; _module_preset=&#8221;default&#8221; global_colors_info=&#8221;{}&#8221;][\/et_pb_post_slider][\/et_pb_column][\/et_pb_row][et_pb_row disabled_on=&#8221;on|on|on&#8221; admin_label=&#8221;Shop area&#8221; module_class=&#8221; et_pb_row_fullwidth&#8221; _builder_version=&#8221;4.21.0&#8243; width=&#8221;89%&#8221; width_tablet=&#8221;80%&#8221; width_phone=&#8221;80%&#8221; width_last_edited=&#8221;on|desktop&#8221; max_width=&#8221;89%&#8221; max_width_tablet=&#8221;80%&#8221; max_width_phone=&#8221;80%&#8221; max_width_last_edited=&#8221;on|desktop&#8221; custom_margin=&#8221;|||&#8221; custom_padding=&#8221;|||&#8221; make_fullwidth=&#8221;on&#8221; disabled=&#8221;on&#8221; global_colors_info=&#8221;{}&#8221;][et_pb_column type=&#8221;4_4&#8243; _builder_version=&#8221;4.16&#8243; custom_padding=&#8221;|||&#8221; global_colors_info=&#8221;{}&#8221; custom_padding__hover=&#8221;|||&#8221;][et_pb_blog fullwidth=&#8221;off&#8221; posts_number=&#8221;36&#8243; show_author=&#8221;off&#8221; show_date=&#8221;off&#8221; _builder_version=&#8221;4.21.0&#8243; _module_preset=&#8221;default&#8221; global_colors_info=&#8221;{}&#8221;][\/et_pb_blog][\/et_pb_column][\/et_pb_row][\/et_pb_section][et_pb_section fb_built=&#8221;1&#8243; prev_background_color=&#8221;#ffffff&#8221; admin_label=&#8221;Financing&#8221; _builder_version=&#8221;4.21.0&#8243; use_background_color_gradient=&#8221;on&#8221; background_color_gradient_stops=&#8221;rgba(27,31,37,0.3) 37%|#08050a 100%&#8221; background_color_gradient_overlays_image=&#8221;on&#8221; background_color_gradient_start=&#8221;rgba(27,31,37,0.3)&#8221; background_color_gradient_end=&#8221;#1b1f25&#8243; background_image=&#8221;https:\/\/menorcaventura.es\/wp-content\/uploads\/2023\/05\/taxiboat.webp&#8221; parallax=&#8221;on&#8221; custom_padding=&#8221;500px||0px||false|false&#8221; top_divider_style=&#8221;arrow&#8221; top_divider_height_tablet=&#8221;&#8221; top_divider_height_phone=&#8221;50px&#8221; top_divider_height_last_edited=&#8221;on|phone&#8221; hover_enabled=&#8221;0&#8243; da_disable_devices=&#8221;off|off|off&#8221; global_colors_info=&#8221;{}&#8221; title_text=&#8221;taxiboat&#8221; link_option_url=&#8221;https:\/\/taxiboatmenorca.com\/&#8221; link_option_url_new_window=&#8221;on&#8221; sticky_enabled=&#8221;0&#8243; da_is_popup=&#8221;off&#8221; da_exit_intent=&#8221;off&#8221; da_has_close=&#8221;on&#8221; da_alt_close=&#8221;off&#8221; da_dark_close=&#8221;off&#8221; da_not_modal=&#8221;on&#8221; da_is_singular=&#8221;off&#8221; da_with_loader=&#8221;off&#8221; da_has_shadow=&#8221;on&#8221;][et_pb_row _builder_version=&#8221;4.20.2&#8243; width=&#8221;90%&#8221; max_width=&#8221;1430px&#8221; custom_padding=&#8221;0|0px|0px|0px|false|false&#8221; mix_blend_mode=&#8221;soft-light&#8221; animation_style=&#8221;zoom&#8221; animation_intensity_zoom=&#8221;20%&#8221; global_colors_info=&#8221;{}&#8221;][et_pb_column type=&#8221;4_4&#8243; _builder_version=&#8221;4.16&#8243; custom_padding=&#8221;|||&#8221; global_colors_info=&#8221;{}&#8221; custom_padding__hover=&#8221;|||&#8221;][et_pb_text _builder_version=&#8221;4.20.2&#8243; text_font=&#8221;Teko|500||on|||||&#8221; text_font_size=&#8221;257px&#8221; text_line_height=&#8221;0.5em&#8221; header_font=&#8221;||||||||&#8221; text_orientation=&#8221;center&#8221; background_layout=&#8221;dark&#8221; custom_margin=&#8221;||-60px|&#8221; filter_blur=&#8221;8px&#8221; animation_style=&#8221;slide&#8221; animation_duration=&#8221;1300ms&#8221; text_font_size_tablet=&#8221;300px&#8221; text_font_size_phone=&#8221;230px&#8221; text_font_size_last_edited=&#8221;on|phone&#8221; global_colors_info=&#8221;{}&#8221;]<\/p>\n<p>MENORCA<\/p>\n<p>[\/et_pb_text][\/et_pb_column][\/et_pb_row][et_pb_row module_class=&#8221; et_pb_row_fullwidth&#8221; _builder_version=&#8221;4.16&#8243; width=&#8221;89%&#8221; width_tablet=&#8221;80%&#8221; width_phone=&#8221;80%&#8221; width_last_edited=&#8221;on|desktop&#8221; max_width=&#8221;89%&#8221; max_width_tablet=&#8221;80%&#8221; max_width_phone=&#8221;80%&#8221; max_width_last_edited=&#8221;on|desktop&#8221; custom_margin=&#8221;|||&#8221; custom_padding=&#8221;0|0px|0px|0px|false|false&#8221; make_fullwidth=&#8221;on&#8221; global_colors_info=&#8221;{}&#8221;][et_pb_column type=&#8221;4_4&#8243; _builder_version=&#8221;4.16&#8243; custom_padding=&#8221;|||&#8221; global_colors_info=&#8221;{}&#8221; custom_padding__hover=&#8221;|||&#8221;][et_pb_text _builder_version=&#8221;4.20.4&#8243; text_font=&#8221;||||||||&#8221; header_font=&#8221;||||||||&#8221; header_line_height=&#8221;0.7em&#8221; header_2_font=&#8221;Teko|500||on|||||&#8221; header_2_text_color=&#8221;#ffffff&#8221; header_2_font_size=&#8221;9vw&#8221; header_2_line_height=&#8221;1.2em&#8221; text_orientation=&#8221;center&#8221; animation_style=&#8221;zoom&#8221; animation_delay=&#8221;100ms&#8221; animation_intensity_zoom=&#8221;20%&#8221; header_line_height_tablet=&#8221;&#8221; header_line_height_phone=&#8221;1.2em&#8221; header_line_height_last_edited=&#8221;on|phone&#8221; header_2_text_shadow_style=&#8221;preset1&#8243; header_2_text_shadow_color=&#8221;rgba(0,0,0,0.73)&#8221; global_colors_info=&#8221;{}&#8221;]<\/p>\n<h2>Discover Taxi boat<\/h2>\n<p>[\/et_pb_text][\/et_pb_column][\/et_pb_row][et_pb_row _builder_version=&#8221;4.16&#8243; custom_margin=&#8221;|||&#8221; custom_padding=&#8221;||0px|&#8221; locked=&#8221;off&#8221; global_colors_info=&#8221;{}&#8221;][et_pb_column type=&#8221;4_4&#8243; _builder_version=&#8221;4.16&#8243; custom_padding=&#8221;|||&#8221; global_colors_info=&#8221;{}&#8221; custom_padding__hover=&#8221;|||&#8221;][et_pb_button button_url=&#8221;https:\/\/www.taxiboatmenorca.com&#8221; url_new_window=&#8221;on&#8221; button_text=&#8221;Live a unique experience&#8221; button_alignment=&#8221;center&#8221; _builder_version=&#8221;4.20.4&#8243; custom_button=&#8221;on&#8221; button_text_size=&#8221;16px&#8221; button_bg_color=&#8221;#00A8BE&#8221; button_border_width=&#8221;8px&#8221; button_border_color=&#8221;#00A8BE&#8221; button_border_radius=&#8221;0px&#8221; button_letter_spacing=&#8221;4px&#8221; button_font=&#8221;Teko|700||on|||||&#8221; button_icon=&#8221;&#x24;||divi||400&#8243; background_layout=&#8221;dark&#8221; hover_enabled=&#8221;0&#8243; global_colors_info=&#8221;{}&#8221; button_text_size__hover_enabled=&#8221;off&#8221; button_one_text_size__hover_enabled=&#8221;off&#8221; button_two_text_size__hover_enabled=&#8221;off&#8221; button_text_color__hover_enabled=&#8221;off&#8221; button_one_text_color__hover_enabled=&#8221;off&#8221; button_two_text_color__hover_enabled=&#8221;off&#8221; button_border_width__hover_enabled=&#8221;off&#8221; button_one_border_width__hover_enabled=&#8221;off&#8221; button_two_border_width__hover_enabled=&#8221;off&#8221; button_border_color__hover_enabled=&#8221;off&#8221; button_one_border_color__hover_enabled=&#8221;off&#8221; button_two_border_color__hover_enabled=&#8221;off&#8221; button_border_radius__hover_enabled=&#8221;off&#8221; button_one_border_radius__hover_enabled=&#8221;off&#8221; button_two_border_radius__hover_enabled=&#8221;off&#8221; button_letter_spacing__hover_enabled=&#8221;off&#8221; button_one_letter_spacing__hover_enabled=&#8221;off&#8221; button_two_letter_spacing__hover_enabled=&#8221;off&#8221; button_bg_color__hover_enabled=&#8221;off&#8221; button_one_bg_color__hover_enabled=&#8221;off&#8221; button_two_bg_color__hover_enabled=&#8221;off&#8221; sticky_enabled=&#8221;0&#8243;][\/et_pb_button][\/et_pb_column][\/et_pb_row][\/et_pb_section]<\/p>\n","protected":false},"excerpt":{"rendered":"<p>Last News Updates and news about the activities, services and events of MenorcAventura, as well as relevant news from the tourism sector and the island of Menorca in general, stay informed.MENORCADiscover Taxi boat<\/p>\n","protected":false},"author":1,"featured_media":0,"parent":0,"menu_order":0,"comment_status":"closed","ping_status":"closed","template":"","meta":{"_et_pb_use_builder":"on","_et_pb_old_content":"","_et_gb_content_width":"","_joinchat":[],"footnotes":""},"class_list":["post-107063","page","type-page","status-publish","hentry"],"yoast_head":"<!-- This site is optimized with the Yoast SEO plugin v27.0 - https:\/\/yoast.com\/product\/yoast-seo-wordpress\/ -->\n<title>Blog - MENORCAVENTURA<\/title>\n<meta name=\"robots\" content=\"index, follow, max-snippet:-1, max-image-preview:large, max-video-preview:-1\" \/>\n<link rel=\"canonical\" href=\"https:\/\/menorcaventura.es\/en\/blog-2\/\" \/>\n<meta property=\"og:locale\" content=\"en_US\" \/>\n<meta property=\"og:type\" content=\"article\" \/>\n<meta property=\"og:title\" content=\"Blog - MENORCAVENTURA\" \/>\n<meta property=\"og:description\" content=\"Last News Updates and news about the activities, services and events of MenorcAventura, as well as relevant news from the tourism sector and the island of Menorca in general, stay informed.MENORCADiscover Taxi boat\" \/>\n<meta property=\"og:url\" content=\"https:\/\/menorcaventura.es\/en\/blog-2\/\" \/>\n<meta property=\"og:site_name\" content=\"MENORCAVENTURA\" \/>\n<meta property=\"article:publisher\" content=\"https:\/\/www.facebook.com\/MenorcAventuraCalanPorter\/?fref=ts\" \/>\n<meta property=\"article:modified_time\" content=\"2023-05-23T16:05:23+00:00\" \/>\n<meta property=\"og:image\" content=\"https:\/\/menorcaventura.es\/wp-content\/uploads\/2023\/03\/imagVideoKayacs.webp\" \/>\n\t<meta property=\"og:image:width\" content=\"1920\" \/>\n\t<meta property=\"og:image:height\" content=\"1089\" \/>\n\t<meta property=\"og:image:type\" content=\"image\/webp\" \/>\n<meta name=\"twitter:card\" content=\"summary_large_image\" \/>\n<meta name=\"twitter:label1\" content=\"Est. reading time\" \/>\n\t<meta name=\"twitter:data1\" content=\"5 minutes\" \/>\n<script type=\"application\/ld+json\" class=\"yoast-schema-graph\">{\"@context\":\"https:\/\/schema.org\",\"@graph\":[{\"@type\":\"WebPage\",\"@id\":\"https:\/\/menorcaventura.es\/en\/blog-2\/\",\"url\":\"https:\/\/menorcaventura.es\/en\/blog-2\/\",\"name\":\"Blog - MENORCAVENTURA\",\"isPartOf\":{\"@id\":\"https:\/\/menorcaventura.es\/en\/#website\"},\"datePublished\":\"2023-03-21T09:36:02+00:00\",\"dateModified\":\"2023-05-23T16:05:23+00:00\",\"breadcrumb\":{\"@id\":\"https:\/\/menorcaventura.es\/en\/blog-2\/#breadcrumb\"},\"inLanguage\":\"en-US\",\"potentialAction\":[{\"@type\":\"ReadAction\",\"target\":[\"https:\/\/menorcaventura.es\/en\/blog-2\/\"]}]},{\"@type\":\"BreadcrumbList\",\"@id\":\"https:\/\/menorcaventura.es\/en\/blog-2\/#breadcrumb\",\"itemListElement\":[{\"@type\":\"ListItem\",\"position\":1,\"name\":\"Portada\",\"item\":\"https:\/\/menorcaventura.es\/en\/\"},{\"@type\":\"ListItem\",\"position\":2,\"name\":\"Blog\"}]},{\"@type\":\"WebSite\",\"@id\":\"https:\/\/menorcaventura.es\/en\/#website\",\"url\":\"https:\/\/menorcaventura.es\/en\/\",\"name\":\"MENORCAVENTURA\",\"description\":\"MenorcAventura cuenta con m\u00e1s de diez a\u00f1os de experiencia en actividades n\u00e1uticas y en el medio natural, tales como paseos en barca, rutas y traves\u00edas en kayak, paddle surf, SUPYoga, senderismo, bicicleta de monta\u00f1a, entre otras opciones. Somos especialistas en la gesti\u00f3n de grupos y en la organizaci\u00f3n de experiencias \u201ca medida\u201d.\",\"publisher\":{\"@id\":\"https:\/\/menorcaventura.es\/en\/#organization\"},\"alternateName\":\"Menorcaventura\",\"potentialAction\":[{\"@type\":\"SearchAction\",\"target\":{\"@type\":\"EntryPoint\",\"urlTemplate\":\"https:\/\/menorcaventura.es\/en\/?s={search_term_string}\"},\"query-input\":{\"@type\":\"PropertyValueSpecification\",\"valueRequired\":true,\"valueName\":\"search_term_string\"}}],\"inLanguage\":\"en-US\"},{\"@type\":\"Organization\",\"@id\":\"https:\/\/menorcaventura.es\/en\/#organization\",\"name\":\"MENORCAVENTURA\",\"url\":\"https:\/\/menorcaventura.es\/en\/\",\"logo\":{\"@type\":\"ImageObject\",\"inLanguage\":\"en-US\",\"@id\":\"https:\/\/menorcaventura.es\/en\/#\/schema\/logo\/image\/\",\"url\":\"https:\/\/menorcaventura.es\/wp-content\/uploads\/2023\/05\/menorcavebtura-logo-sinletras.webp\",\"contentUrl\":\"https:\/\/menorcaventura.es\/wp-content\/uploads\/2023\/05\/menorcavebtura-logo-sinletras.webp\",\"width\":250,\"height\":294,\"caption\":\"MENORCAVENTURA\"},\"image\":{\"@id\":\"https:\/\/menorcaventura.es\/en\/#\/schema\/logo\/image\/\"},\"sameAs\":[\"https:\/\/www.facebook.com\/MenorcAventuraCalanPorter\/?fref=ts\",\"https:\/\/www.instagram.com\/menorcaventura\/\"]}]}<\/script>\n<!-- \/ Yoast SEO plugin. -->","yoast_head_json":{"title":"Blog - MENORCAVENTURA","robots":{"index":"index","follow":"follow","max-snippet":"max-snippet:-1","max-image-preview":"max-image-preview:large","max-video-preview":"max-video-preview:-1"},"canonical":"https:\/\/menorcaventura.es\/en\/blog-2\/","og_locale":"en_US","og_type":"article","og_title":"Blog - MENORCAVENTURA","og_description":"Last News Updates and news about the activities, services and events of MenorcAventura, as well as relevant news from the tourism sector and the island of Menorca in general, stay informed.MENORCADiscover Taxi boat","og_url":"https:\/\/menorcaventura.es\/en\/blog-2\/","og_site_name":"MENORCAVENTURA","article_publisher":"https:\/\/www.facebook.com\/MenorcAventuraCalanPorter\/?fref=ts","article_modified_time":"2023-05-23T16:05:23+00:00","og_image":[{"width":1920,"height":1089,"url":"https:\/\/menorcaventura.es\/wp-content\/uploads\/2023\/03\/imagVideoKayacs.webp","type":"image\/webp"}],"twitter_card":"summary_large_image","twitter_misc":{"Est. reading time":"5 minutes"},"schema":{"@context":"https:\/\/schema.org","@graph":[{"@type":"WebPage","@id":"https:\/\/menorcaventura.es\/en\/blog-2\/","url":"https:\/\/menorcaventura.es\/en\/blog-2\/","name":"Blog - MENORCAVENTURA","isPartOf":{"@id":"https:\/\/menorcaventura.es\/en\/#website"},"datePublished":"2023-03-21T09:36:02+00:00","dateModified":"2023-05-23T16:05:23+00:00","breadcrumb":{"@id":"https:\/\/menorcaventura.es\/en\/blog-2\/#breadcrumb"},"inLanguage":"en-US","potentialAction":[{"@type":"ReadAction","target":["https:\/\/menorcaventura.es\/en\/blog-2\/"]}]},{"@type":"BreadcrumbList","@id":"https:\/\/menorcaventura.es\/en\/blog-2\/#breadcrumb","itemListElement":[{"@type":"ListItem","position":1,"name":"Portada","item":"https:\/\/menorcaventura.es\/en\/"},{"@type":"ListItem","position":2,"name":"Blog"}]},{"@type":"WebSite","@id":"https:\/\/menorcaventura.es\/en\/#website","url":"https:\/\/menorcaventura.es\/en\/","name":"MENORCAVENTURA","description":"MenorcAventura cuenta con m\u00e1s de diez a\u00f1os de experiencia en actividades n\u00e1uticas y en el medio natural, tales como paseos en barca, rutas y traves\u00edas en kayak, paddle surf, SUPYoga, senderismo, bicicleta de monta\u00f1a, entre otras opciones. Somos especialistas en la gesti\u00f3n de grupos y en la organizaci\u00f3n de experiencias \u201ca medida\u201d.","publisher":{"@id":"https:\/\/menorcaventura.es\/en\/#organization"},"alternateName":"Menorcaventura","potentialAction":[{"@type":"SearchAction","target":{"@type":"EntryPoint","urlTemplate":"https:\/\/menorcaventura.es\/en\/?s={search_term_string}"},"query-input":{"@type":"PropertyValueSpecification","valueRequired":true,"valueName":"search_term_string"}}],"inLanguage":"en-US"},{"@type":"Organization","@id":"https:\/\/menorcaventura.es\/en\/#organization","name":"MENORCAVENTURA","url":"https:\/\/menorcaventura.es\/en\/","logo":{"@type":"ImageObject","inLanguage":"en-US","@id":"https:\/\/menorcaventura.es\/en\/#\/schema\/logo\/image\/","url":"https:\/\/menorcaventura.es\/wp-content\/uploads\/2023\/05\/menorcavebtura-logo-sinletras.webp","contentUrl":"https:\/\/menorcaventura.es\/wp-content\/uploads\/2023\/05\/menorcavebtura-logo-sinletras.webp","width":250,"height":294,"caption":"MENORCAVENTURA"},"image":{"@id":"https:\/\/menorcaventura.es\/en\/#\/schema\/logo\/image\/"},"sameAs":["https:\/\/www.facebook.com\/MenorcAventuraCalanPorter\/?fref=ts","https:\/\/www.instagram.com\/menorcaventura\/"]}]}},"_links":{"self":[{"href":"https:\/\/menorcaventura.es\/en\/wp-json\/wp\/v2\/pages\/107063","targetHints":{"allow":["GET"]}}],"collection":[{"href":"https:\/\/menorcaventura.es\/en\/wp-json\/wp\/v2\/pages"}],"about":[{"href":"https:\/\/menorcaventura.es\/en\/wp-json\/wp\/v2\/types\/page"}],"author":[{"embeddable":true,"href":"https:\/\/menorcaventura.es\/en\/wp-json\/wp\/v2\/users\/1"}],"replies":[{"embeddable":true,"href":"https:\/\/menorcaventura.es\/en\/wp-json\/wp\/v2\/comments?post=107063"}],"version-history":[{"count":2,"href":"https:\/\/menorcaventura.es\/en\/wp-json\/wp\/v2\/pages\/107063\/revisions"}],"predecessor-version":[{"id":107065,"href":"https:\/\/menorcaventura.es\/en\/wp-json\/wp\/v2\/pages\/107063\/revisions\/107065"}],"wp:attachment":[{"href":"https:\/\/menorcaventura.es\/en\/wp-json\/wp\/v2\/media?parent=107063"}],"curies":[{"name":"wp","href":"https:\/\/api.w.org\/{rel}","templated":true}]}}