{"id":107092,"date":"2023-03-21T09:50:26","date_gmt":"2023-03-21T09:50:26","guid":{"rendered":"https:\/\/jordil13.sg-host.com\/privacy-policy\/"},"modified":"2024-05-08T09:29:53","modified_gmt":"2024-05-08T09:29:53","slug":"privacy-policy","status":"publish","type":"page","link":"https:\/\/menorcaventura.es\/en\/privacy-policy\/","title":{"rendered":"Privacy Policy"},"content":{"rendered":"<p>[et_pb_section fb_built=&#8221;1&#8243; next_background_color=&#8221;#000000&#8243; admin_label=&#8221;Hero&#8221; _builder_version=&#8221;4.20.2&#8243; custom_padding=&#8221;80px|0px|121px|0px|false|false&#8221; bottom_divider_style=&#8221;arrow&#8221; bottom_divider_height=&#8221;162px&#8221; bottom_divider_height_tablet=&#8221;117px&#8221; bottom_divider_height_phone=&#8221;126px&#8221; bottom_divider_height_last_edited=&#8221;on|phone&#8221; da_disable_devices=&#8221;off|off|off&#8221; global_colors_info=&#8221;{}&#8221; da_is_popup=&#8221;off&#8221; da_exit_intent=&#8221;off&#8221; da_has_close=&#8221;on&#8221; da_alt_close=&#8221;off&#8221; da_dark_close=&#8221;off&#8221; da_not_modal=&#8221;on&#8221; da_is_singular=&#8221;off&#8221; da_with_loader=&#8221;off&#8221; da_has_shadow=&#8221;on&#8221;][et_pb_row _builder_version=&#8221;4.20.2&#8243; background_size=&#8221;initial&#8221; background_position=&#8221;top_left&#8221; background_repeat=&#8221;repeat&#8221; max_width=&#8221;820px&#8221; use_custom_width=&#8221;on&#8221; custom_width_px=&#8221;700px&#8221; global_colors_info=&#8221;{}&#8221;][et_pb_column type=&#8221;4_4&#8243; _builder_version=&#8221;4.16&#8243; custom_padding=&#8221;|||&#8221; global_colors_info=&#8221;{}&#8221; custom_padding__hover=&#8221;|||&#8221;][et_pb_text _builder_version=&#8221;4.20.2&#8243; text_font=&#8221;Teko||||||||&#8221; text_text_color=&#8221;#00A8BE&#8221; text_font_size=&#8221;26px&#8221; text_line_height=&#8221;1.2em&#8221; ul_font=&#8221;||||||||&#8221; header_font=&#8221;Teko|||on|||||&#8221; header_font_size=&#8221;96px&#8221; header_letter_spacing=&#8221;2px&#8221; header_line_height=&#8221;0.9em&#8221; text_orientation=&#8221;center&#8221; custom_margin=&#8221;|||&#8221; header_font_size_tablet=&#8221;66px&#8221; header_font_size_phone=&#8221;36px&#8221; header_font_size_last_edited=&#8221;on|phone&#8221; global_colors_info=&#8221;{}&#8221;]<\/p>\n<h1>Privacy Policy<\/h1>\n<p>[\/et_pb_text][et_pb_text _builder_version=&#8221;4.20.2&#8243; text_font=&#8221;Lato||||||||&#8221; text_font_size=&#8221;18px&#8221; text_line_height=&#8221;1.6em&#8221; link_text_color=&#8221;#00A8BE&#8221; header_2_font=&#8221;Teko||||||||&#8221; header_2_text_color=&#8221;#00A8BE&#8221; header_2_font_size=&#8221;33px&#8221; header_2_letter_spacing=&#8221;2px&#8221; header_2_line_height=&#8221;1.3em&#8221; header_3_font=&#8221;Teko||||||||&#8221; header_3_font_size=&#8221;23px&#8221; max_width=&#8221;629px&#8221; module_alignment=&#8221;center&#8221; text_font_size_tablet=&#8221;18px&#8221; text_font_size_phone=&#8221;16px&#8221; text_font_size_last_edited=&#8221;on|desktop&#8221; header_2_font_size_tablet=&#8221;33px&#8221; header_2_font_size_phone=&#8221;30px&#8221; header_2_font_size_last_edited=&#8221;on|phone&#8221; header_2_line_height_tablet=&#8221;1.3em&#8221; header_2_line_height_phone=&#8221;1.1em&#8221; header_2_line_height_last_edited=&#8221;on|phone&#8221; global_colors_info=&#8221;{}&#8221;]<\/p>\n<p><i>This privacy policy was last updated on 05\/08\/2021 and applies to citizens of the European Economic Area (EU).<\/i><\/p>\n<p>In this privacy statement, we explain what we do with the data we obtain about you through <a href=\"https:\/\/menorcaventura.es\/en\/\">https:\/\/menorcaventura.es<\/a>. We recommend that you read this statement carefully. In our processing we comply with the requirements of privacy legislation. Which means, among other things, that:<\/p>\n<ul>\n<li>we clearly indicate the purposes for which we process personal data. We do this by means of this privacy statement.<\/li>\n<li>our goal is to limit our collection of personal data to the personal data necessary for legitimate purposes.<\/li>\n<li>First of all, we request your explicit consent for the processing of your personal data in cases where it is necessary.<\/li>\n<li>we take appropriate security measures to protect your personal data and also require this of parties who process personal data on our behalf;<\/li>\n<li>we respect your right to access, rectify or cancel your personal data upon request.<\/li>\n<\/ul>\n<p>If you have any questions or want to know exactly what data we store about you, please contact us.<\/p>\n<h2>1. Purpose, data and retention period<\/h2>\n<h3>1.1 Contact &#8211; By phone, mail, email and\/or forms on the site<\/h3>\n<p class=\"cmplz-subtitle\">For this we use the following data:<\/p>\n<ul>\n<li>Name, Addresses and City<\/li>\n<li>Email address<\/li>\n<\/ul>\n<p class=\"cmplz-subtitle\">The basis on which we may process this data is:<\/p>\n<p><a href=\"https:\/\/cookiedatabase.org\/legal-bases\/#agreement\" target=\"_blank\" rel=\"noopener noreferrer nofollow\">Execution of an agreement<\/a><\/p>\n<p class=\"cmplz-subtitle\">Retention period<\/p>\n<p>We will retain this data until the service is cancelled.<\/p>\n<h3>1.2 Payments<\/h3>\n<p class=\"cmplz-subtitle\">For this we use the following data:<\/p>\n<ul>\n<li>Name, Addresses and City<\/li>\n<li>Email address<\/li>\n<li>Financial data<\/li>\n<\/ul>\n<p class=\"cmplz-subtitle\">The basis on which we may process this data is:<\/p>\n<p><a href=\"https:\/\/cookiedatabase.org\/legal-bases\/#agreement\" target=\"_blank\" rel=\"noopener noreferrer nofollow\">Execution of an agreement<\/a><\/p>\n<p class=\"cmplz-subtitle\">Retention period<\/p>\n<p>We will retain this data until the service is cancelled.<\/p>\n<h3>1.3 To support services or products that a customer wants to buy or has bought<\/h3>\n<p class=\"cmplz-subtitle\">For this we use the following data:<\/p>\n<ul>\n<li>Name, Addresses and City<\/li>\n<li>Email address<\/li>\n<li>Birthdate<\/li>\n<li>Location<\/li>\n<\/ul>\n<p class=\"cmplz-subtitle\">The basis on which we may process this data is:<\/p>\n<p><a href=\"https:\/\/cookiedatabase.org\/legal-bases\/#agreement\" target=\"_blank\" rel=\"noopener noreferrer nofollow\">Execution of an agreement<\/a><\/p>\n<p class=\"cmplz-subtitle\">Retention period<\/p>\n<p>We will retain this data until the service is cancelled.<\/p>\n<h2>2. Cookies<\/h2>\n<p>Our website uses cookies. For more information about cookies, please refer to our <a href=\"\/?page_id=4645\">Cookie Policy<\/a> Statement. We have a data processing agreement with Google. Google cannot use this data for other Google services.<\/p>\n<h2>3. Security<\/h2>\n<p>We are committed to the security of personal data. We take appropriate security measures to limit abuse and unauthorized access to personal data. This ensures that only the necessary people have access to your data, that access to the data is protected and that our security measures are regularly reviewed.<\/p>\n<h2>4. Third Party Websites<\/h2>\n<p>This privacy statement does not apply to third party websites connected via links on our website. We cannot guarantee that these third parties will handle your personal data in a reliable or secure manner. We recommend that you read the privacy statements of these websites before using them.<\/p>\n<h2>5. Privacy and reference to the privacy statement<\/h2>\n<p>We reserve the right to amend this privacy statement. It is recommended that you check this privacy statement regularly to be aware of any changes. In addition, we will actively inform you whenever possible.<\/p>\n<h2>6. Access and modification of your data<\/h2>\n<p>If you have any questions or want to know what personal data we hold about you, please contact us. You can contact us using the information below. You have the following rights:<\/p>\n<ul>\n<li>You have the right to know why your personal data is needed, what will happen to it, and for how long it will be kept.<\/li>\n<li>Right of access: You have the right to access the personal data we know about you.<\/li>\n<li>Right of rectification: you have the right to complete, rectify, delete or block your personal data whenever you wish.<\/li>\n<li>If you give us your consent to process your data, you have the right to revoke that consent and have your personal data deleted.<\/li>\n<li>Right to transfer your data: you have the right to request all your personal data from the controller and to transfer it in its entirety to another controller.<\/li>\n<li>Right of opposition: you can oppose the processing of your data. We comply with this, unless there are justified grounds for the processing.<\/li>\n<\/ul>\n<p>Please make sure that you always state clearly who you are, so that we can be sure that we do not modify or delete any data of the wrong person.<\/p>\n<h2>7. Submitting a complaint<\/h2>\n<p>If you are not satisfied with the way we treat or process your personal data, you have the right to lodge a complaint with the Data Protection Authority.<\/p>\n<h2>8. Contact details<\/h2>\n<p>ACTIVA&#8217;T GESTIONS 2016 S.L.<br \/>Av. Central, 99 Cala En Porter<br \/>07730 ALAIOR<br \/>Espa\u00f1a<br \/>Website: <a href=\"https:\/\/menorcaventura.es\/en\/\">https:\/\/menorcaventura.es<\/a><br \/>Email: <a href=\"mailto:info@menorcaventura.es\">info@menorcaventura.es<\/a><\/p>\n<p>[\/et_pb_text][\/et_pb_column][\/et_pb_row][\/et_pb_section][et_pb_section fb_built=&#8221;1&#8243; theme_builder_area=&#8221;post_content&#8221; _builder_version=&#8221;4.24.0&#8243; _module_preset=&#8221;default&#8221; da_is_popup=&#8221;off&#8221; da_exit_intent=&#8221;off&#8221; da_has_close=&#8221;on&#8221; da_alt_close=&#8221;off&#8221; da_dark_close=&#8221;off&#8221; da_not_modal=&#8221;on&#8221; da_is_singular=&#8221;off&#8221; da_with_loader=&#8221;off&#8221; da_has_shadow=&#8221;on&#8221; da_disable_devices=&#8221;off|off|off&#8221;][et_pb_row _builder_version=&#8221;4.24.0&#8243; _module_preset=&#8221;default&#8221; column_structure=&#8221;1_2,1_2&#8243; theme_builder_area=&#8221;post_content&#8221;][et_pb_column _builder_version=&#8221;4.24.0&#8243; _module_preset=&#8221;default&#8221; type=&#8221;1_2&#8243; theme_builder_area=&#8221;post_content&#8221;][et_pb_button button_text=&#8221;DOWNLOAD KAYAK-SUP-BIKE RENTAL AGREEMENT&#8221; _builder_version=&#8221;4.24.0&#8243; _module_preset=&#8221;default&#8221; theme_builder_area=&#8221;post_content&#8221; hover_enabled=&#8221;0&#8243; sticky_enabled=&#8221;0&#8243; button_url=&#8221;https:\/\/menorcaventura.es\/wp-content\/uploads\/2024\/05\/CONTRATO-ALQUILER-KAYAKS-SUP-BICI-AQUA.odt&#8221; url_new_window=&#8221;on&#8221;][\/et_pb_button][\/et_pb_column][et_pb_column _builder_version=&#8221;4.24.0&#8243; _module_preset=&#8221;default&#8221; type=&#8221;1_2&#8243; theme_builder_area=&#8221;post_content&#8221;][et_pb_button button_text=&#8221;DOWNLOAD 2024 CAVES ROUTE AGREEMENT.&#8221; _builder_version=&#8221;4.24.0&#8243; _module_preset=&#8221;default&#8221; theme_builder_area=&#8221;post_content&#8221; hover_enabled=&#8221;0&#8243; sticky_enabled=&#8221;0&#8243; button_url=&#8221;https:\/\/menorcaventura.es\/wp-content\/uploads\/2024\/05\/CONTRATO-RUTA-CUEVAS-2024.odt&#8221; url_new_window=&#8221;on&#8221;][\/et_pb_button][\/et_pb_column][\/et_pb_row][\/et_pb_section]<\/p>\n","protected":false},"excerpt":{"rendered":"<p>Privacy PolicyThis privacy policy was last updated on 05\/08\/2021 and applies to citizens of the European Economic Area (EU). In this privacy statement, we explain what we do with the data we obtain about you through https:\/\/menorcaventura.es. We recommend that you read this statement carefully. In our processing we comply with the requirements of privacy [&hellip;]<\/p>\n","protected":false},"author":1,"featured_media":0,"parent":0,"menu_order":0,"comment_status":"closed","ping_status":"closed","template":"","meta":{"_et_pb_use_builder":"on","_et_pb_old_content":"","_et_gb_content_width":"","_joinchat":[],"footnotes":""},"class_list":["post-107092","page","type-page","status-publish","hentry"],"yoast_head":"<!-- This site is optimized with the Yoast SEO plugin v27.0 - https:\/\/yoast.com\/product\/yoast-seo-wordpress\/ -->\n<title>Privacy Policy - MENORCAVENTURA<\/title>\n<meta name=\"robots\" content=\"index, follow, max-snippet:-1, max-image-preview:large, max-video-preview:-1\" \/>\n<link rel=\"canonical\" href=\"https:\/\/menorcaventura.es\/en\/privacy-policy\/\" \/>\n<meta property=\"og:locale\" content=\"en_US\" \/>\n<meta property=\"og:type\" content=\"article\" \/>\n<meta property=\"og:title\" content=\"Privacy Policy - MENORCAVENTURA\" \/>\n<meta property=\"og:description\" content=\"Privacy PolicyThis privacy policy was last updated on 05\/08\/2021 and applies to citizens of the European Economic Area (EU). In this privacy statement, we explain what we do with the data we obtain about you through https:\/\/menorcaventura.es. We recommend that you read this statement carefully. In our processing we comply with the requirements of privacy [&hellip;]\" \/>\n<meta property=\"og:url\" content=\"https:\/\/menorcaventura.es\/en\/privacy-policy\/\" \/>\n<meta property=\"og:site_name\" content=\"MENORCAVENTURA\" \/>\n<meta property=\"article:publisher\" content=\"https:\/\/www.facebook.com\/MenorcAventuraCalanPorter\/?fref=ts\" \/>\n<meta property=\"article:modified_time\" content=\"2024-05-08T09:29:53+00:00\" \/>\n<meta property=\"og:image\" content=\"https:\/\/menorcaventura.es\/wp-content\/uploads\/2023\/03\/imagVideoKayacs.webp\" \/>\n\t<meta property=\"og:image:width\" content=\"1920\" \/>\n\t<meta property=\"og:image:height\" content=\"1089\" \/>\n\t<meta property=\"og:image:type\" content=\"image\/webp\" \/>\n<meta name=\"twitter:card\" content=\"summary_large_image\" \/>\n<meta name=\"twitter:label1\" content=\"Est. reading time\" \/>\n\t<meta name=\"twitter:data1\" content=\"6 minutes\" \/>\n<script type=\"application\/ld+json\" class=\"yoast-schema-graph\">{\"@context\":\"https:\/\/schema.org\",\"@graph\":[{\"@type\":\"WebPage\",\"@id\":\"https:\/\/menorcaventura.es\/en\/privacy-policy\/\",\"url\":\"https:\/\/menorcaventura.es\/en\/privacy-policy\/\",\"name\":\"Privacy Policy - MENORCAVENTURA\",\"isPartOf\":{\"@id\":\"https:\/\/menorcaventura.es\/en\/#website\"},\"datePublished\":\"2023-03-21T09:50:26+00:00\",\"dateModified\":\"2024-05-08T09:29:53+00:00\",\"breadcrumb\":{\"@id\":\"https:\/\/menorcaventura.es\/en\/privacy-policy\/#breadcrumb\"},\"inLanguage\":\"en-US\",\"potentialAction\":[{\"@type\":\"ReadAction\",\"target\":[\"https:\/\/menorcaventura.es\/en\/privacy-policy\/\"]}]},{\"@type\":\"BreadcrumbList\",\"@id\":\"https:\/\/menorcaventura.es\/en\/privacy-policy\/#breadcrumb\",\"itemListElement\":[{\"@type\":\"ListItem\",\"position\":1,\"name\":\"Portada\",\"item\":\"https:\/\/menorcaventura.es\/en\/\"},{\"@type\":\"ListItem\",\"position\":2,\"name\":\"Privacy Policy\"}]},{\"@type\":\"WebSite\",\"@id\":\"https:\/\/menorcaventura.es\/en\/#website\",\"url\":\"https:\/\/menorcaventura.es\/en\/\",\"name\":\"MENORCAVENTURA\",\"description\":\"MenorcAventura cuenta con m\u00e1s de diez a\u00f1os de experiencia en actividades n\u00e1uticas y en el medio natural, tales como paseos en barca, rutas y traves\u00edas en kayak, paddle surf, SUPYoga, senderismo, bicicleta de monta\u00f1a, entre otras opciones. Somos especialistas en la gesti\u00f3n de grupos y en la organizaci\u00f3n de experiencias \u201ca medida\u201d.\",\"publisher\":{\"@id\":\"https:\/\/menorcaventura.es\/en\/#organization\"},\"alternateName\":\"Menorcaventura\",\"potentialAction\":[{\"@type\":\"SearchAction\",\"target\":{\"@type\":\"EntryPoint\",\"urlTemplate\":\"https:\/\/menorcaventura.es\/en\/?s={search_term_string}\"},\"query-input\":{\"@type\":\"PropertyValueSpecification\",\"valueRequired\":true,\"valueName\":\"search_term_string\"}}],\"inLanguage\":\"en-US\"},{\"@type\":\"Organization\",\"@id\":\"https:\/\/menorcaventura.es\/en\/#organization\",\"name\":\"MENORCAVENTURA\",\"url\":\"https:\/\/menorcaventura.es\/en\/\",\"logo\":{\"@type\":\"ImageObject\",\"inLanguage\":\"en-US\",\"@id\":\"https:\/\/menorcaventura.es\/en\/#\/schema\/logo\/image\/\",\"url\":\"https:\/\/menorcaventura.es\/wp-content\/uploads\/2023\/05\/menorcavebtura-logo-sinletras.webp\",\"contentUrl\":\"https:\/\/menorcaventura.es\/wp-content\/uploads\/2023\/05\/menorcavebtura-logo-sinletras.webp\",\"width\":250,\"height\":294,\"caption\":\"MENORCAVENTURA\"},\"image\":{\"@id\":\"https:\/\/menorcaventura.es\/en\/#\/schema\/logo\/image\/\"},\"sameAs\":[\"https:\/\/www.facebook.com\/MenorcAventuraCalanPorter\/?fref=ts\",\"https:\/\/www.instagram.com\/menorcaventura\/\"]}]}<\/script>\n<!-- \/ Yoast SEO plugin. -->","yoast_head_json":{"title":"Privacy Policy - MENORCAVENTURA","robots":{"index":"index","follow":"follow","max-snippet":"max-snippet:-1","max-image-preview":"max-image-preview:large","max-video-preview":"max-video-preview:-1"},"canonical":"https:\/\/menorcaventura.es\/en\/privacy-policy\/","og_locale":"en_US","og_type":"article","og_title":"Privacy Policy - MENORCAVENTURA","og_description":"Privacy PolicyThis privacy policy was last updated on 05\/08\/2021 and applies to citizens of the European Economic Area (EU). In this privacy statement, we explain what we do with the data we obtain about you through https:\/\/menorcaventura.es. We recommend that you read this statement carefully. In our processing we comply with the requirements of privacy [&hellip;]","og_url":"https:\/\/menorcaventura.es\/en\/privacy-policy\/","og_site_name":"MENORCAVENTURA","article_publisher":"https:\/\/www.facebook.com\/MenorcAventuraCalanPorter\/?fref=ts","article_modified_time":"2024-05-08T09:29:53+00:00","og_image":[{"width":1920,"height":1089,"url":"https:\/\/menorcaventura.es\/wp-content\/uploads\/2023\/03\/imagVideoKayacs.webp","type":"image\/webp"}],"twitter_card":"summary_large_image","twitter_misc":{"Est. reading time":"6 minutes"},"schema":{"@context":"https:\/\/schema.org","@graph":[{"@type":"WebPage","@id":"https:\/\/menorcaventura.es\/en\/privacy-policy\/","url":"https:\/\/menorcaventura.es\/en\/privacy-policy\/","name":"Privacy Policy - MENORCAVENTURA","isPartOf":{"@id":"https:\/\/menorcaventura.es\/en\/#website"},"datePublished":"2023-03-21T09:50:26+00:00","dateModified":"2024-05-08T09:29:53+00:00","breadcrumb":{"@id":"https:\/\/menorcaventura.es\/en\/privacy-policy\/#breadcrumb"},"inLanguage":"en-US","potentialAction":[{"@type":"ReadAction","target":["https:\/\/menorcaventura.es\/en\/privacy-policy\/"]}]},{"@type":"BreadcrumbList","@id":"https:\/\/menorcaventura.es\/en\/privacy-policy\/#breadcrumb","itemListElement":[{"@type":"ListItem","position":1,"name":"Portada","item":"https:\/\/menorcaventura.es\/en\/"},{"@type":"ListItem","position":2,"name":"Privacy Policy"}]},{"@type":"WebSite","@id":"https:\/\/menorcaventura.es\/en\/#website","url":"https:\/\/menorcaventura.es\/en\/","name":"MENORCAVENTURA","description":"MenorcAventura cuenta con m\u00e1s de diez a\u00f1os de experiencia en actividades n\u00e1uticas y en el medio natural, tales como paseos en barca, rutas y traves\u00edas en kayak, paddle surf, SUPYoga, senderismo, bicicleta de monta\u00f1a, entre otras opciones. Somos especialistas en la gesti\u00f3n de grupos y en la organizaci\u00f3n de experiencias \u201ca medida\u201d.","publisher":{"@id":"https:\/\/menorcaventura.es\/en\/#organization"},"alternateName":"Menorcaventura","potentialAction":[{"@type":"SearchAction","target":{"@type":"EntryPoint","urlTemplate":"https:\/\/menorcaventura.es\/en\/?s={search_term_string}"},"query-input":{"@type":"PropertyValueSpecification","valueRequired":true,"valueName":"search_term_string"}}],"inLanguage":"en-US"},{"@type":"Organization","@id":"https:\/\/menorcaventura.es\/en\/#organization","name":"MENORCAVENTURA","url":"https:\/\/menorcaventura.es\/en\/","logo":{"@type":"ImageObject","inLanguage":"en-US","@id":"https:\/\/menorcaventura.es\/en\/#\/schema\/logo\/image\/","url":"https:\/\/menorcaventura.es\/wp-content\/uploads\/2023\/05\/menorcavebtura-logo-sinletras.webp","contentUrl":"https:\/\/menorcaventura.es\/wp-content\/uploads\/2023\/05\/menorcavebtura-logo-sinletras.webp","width":250,"height":294,"caption":"MENORCAVENTURA"},"image":{"@id":"https:\/\/menorcaventura.es\/en\/#\/schema\/logo\/image\/"},"sameAs":["https:\/\/www.facebook.com\/MenorcAventuraCalanPorter\/?fref=ts","https:\/\/www.instagram.com\/menorcaventura\/"]}]}},"_links":{"self":[{"href":"https:\/\/menorcaventura.es\/en\/wp-json\/wp\/v2\/pages\/107092","targetHints":{"allow":["GET"]}}],"collection":[{"href":"https:\/\/menorcaventura.es\/en\/wp-json\/wp\/v2\/pages"}],"about":[{"href":"https:\/\/menorcaventura.es\/en\/wp-json\/wp\/v2\/types\/page"}],"author":[{"embeddable":true,"href":"https:\/\/menorcaventura.es\/en\/wp-json\/wp\/v2\/users\/1"}],"replies":[{"embeddable":true,"href":"https:\/\/menorcaventura.es\/en\/wp-json\/wp\/v2\/comments?post=107092"}],"version-history":[{"count":5,"href":"https:\/\/menorcaventura.es\/en\/wp-json\/wp\/v2\/pages\/107092\/revisions"}],"predecessor-version":[{"id":108125,"href":"https:\/\/menorcaventura.es\/en\/wp-json\/wp\/v2\/pages\/107092\/revisions\/108125"}],"wp:attachment":[{"href":"https:\/\/menorcaventura.es\/en\/wp-json\/wp\/v2\/media?parent=107092"}],"curies":[{"name":"wp","href":"https:\/\/api.w.org\/{rel}","templated":true}]}}