{"id":109652,"date":"2025-05-26T16:37:34","date_gmt":"2025-05-26T16:37:34","guid":{"rendered":"https:\/\/menorcaventura.es\/terminos-y-condiciones\/"},"modified":"2025-05-26T16:43:09","modified_gmt":"2025-05-26T16:43:09","slug":"terminos-y-condiciones","status":"publish","type":"page","link":"https:\/\/menorcaventura.es\/en\/terminos-y-condiciones\/","title":{"rendered":"T\u00e9rminos y condiciones"},"content":{"rendered":"<p>[et_pb_section fb_built=&#8221;1&#8243; next_background_color=&#8221;#000000&#8243; admin_label=&#8221;Hero&#8221; _builder_version=&#8221;4.20.2&#8243; custom_padding=&#8221;80px|0px|121px|0px|false|false&#8221; bottom_divider_style=&#8221;arrow&#8221; bottom_divider_height=&#8221;162px&#8221; bottom_divider_height_tablet=&#8221;117px&#8221; bottom_divider_height_phone=&#8221;126px&#8221; bottom_divider_height_last_edited=&#8221;on|phone&#8221; da_disable_devices=&#8221;off|off|off&#8221; global_colors_info=&#8221;{}&#8221; da_is_popup=&#8221;off&#8221; da_exit_intent=&#8221;off&#8221; da_has_close=&#8221;on&#8221; da_alt_close=&#8221;off&#8221; da_dark_close=&#8221;off&#8221; da_not_modal=&#8221;on&#8221; da_is_singular=&#8221;off&#8221; da_with_loader=&#8221;off&#8221; da_has_shadow=&#8221;on&#8221;][et_pb_row _builder_version=&#8221;4.20.2&#8243; background_size=&#8221;initial&#8221; background_position=&#8221;top_left&#8221; background_repeat=&#8221;repeat&#8221; max_width=&#8221;820px&#8221; use_custom_width=&#8221;on&#8221; custom_width_px=&#8221;700px&#8221; global_colors_info=&#8221;{}&#8221;][et_pb_column type=&#8221;4_4&#8243; _builder_version=&#8221;4.16&#8243; custom_padding=&#8221;|||&#8221; global_colors_info=&#8221;{}&#8221; custom_padding__hover=&#8221;|||&#8221;][et_pb_text _builder_version=&#8221;4.27.4&#8243; text_font=&#8221;Teko||||||||&#8221; text_text_color=&#8221;#00A8BE&#8221; text_font_size=&#8221;26px&#8221; text_line_height=&#8221;1.2em&#8221; ul_font=&#8221;||||||||&#8221; header_font=&#8221;Teko|||on|||||&#8221; header_font_size=&#8221;96px&#8221; header_letter_spacing=&#8221;2px&#8221; header_line_height=&#8221;0.9em&#8221; text_orientation=&#8221;center&#8221; custom_margin=&#8221;|||&#8221; header_font_size_tablet=&#8221;66px&#8221; header_font_size_phone=&#8221;36px&#8221; header_font_size_last_edited=&#8221;on|phone&#8221; global_colors_info=&#8221;{}&#8221;]<\/p>\n<h1>T\u00e9rminos y condiciones de participaci\u00f3n en actividades de kayak guiado<\/h1>\n<p>[\/et_pb_text][et_pb_text _builder_version=&#8221;4.27.4&#8243; text_font=&#8221;Lato||||||||&#8221; text_font_size=&#8221;18px&#8221; text_line_height=&#8221;1.6em&#8221; link_text_color=&#8221;#00A8BE&#8221; header_2_font=&#8221;Teko||||||||&#8221; header_2_text_color=&#8221;#00A8BE&#8221; header_2_font_size=&#8221;33px&#8221; header_2_letter_spacing=&#8221;2px&#8221; header_2_line_height=&#8221;1.3em&#8221; header_3_font=&#8221;Teko||||||||&#8221; header_3_font_size=&#8221;23px&#8221; max_width=&#8221;629px&#8221; module_alignment=&#8221;center&#8221; text_font_size_tablet=&#8221;18px&#8221; text_font_size_phone=&#8221;16px&#8221; text_font_size_last_edited=&#8221;on|desktop&#8221; header_2_font_size_tablet=&#8221;33px&#8221; header_2_font_size_phone=&#8221;30px&#8221; header_2_font_size_last_edited=&#8221;on|phone&#8221; header_2_line_height_tablet=&#8221;1.3em&#8221; header_2_line_height_phone=&#8221;1.1em&#8221; header_2_line_height_last_edited=&#8221;on|phone&#8221; global_colors_info=&#8221;{}&#8221;]<\/p>\n<p>ACTIVA\u2019T GESTIONS 2016 S.L. &#8211; MENORCAVENTURA<br \/>Este documento establece las condiciones legales de participaci\u00f3n en las actividades organizadas por ACTIVA\u2019T GESTIONS 2016, S.L., en adelante MenorcAventura, titular del sitio web www.menorcaventura.es.<br \/>La participaci\u00f3n en nuestras actividades implica la aceptaci\u00f3n plena de estas condiciones. Si no est\u00e1 de acuerdo con ellas, no deber\u00e1 realizar la reserva ni participar en la actividad.<\/p>\n<p>1. ACEPTACI\u00d3N DEL CONTRATO<br \/>Al marcar la casilla correspondiente y completar la reserva, el\/la cliente declara haber le\u00eddo, comprendido y aceptado este contrato de participaci\u00f3n, incluyendo la exoneraci\u00f3n de responsabilidad de la empresa.<\/p>\n<p>La aceptaci\u00f3n expresa mediante casilla en la web, registro por plataformas externas o firma presencial constituye un consentimiento v\u00e1lido legalmente conforme a la normativa vigente.<\/p>\n<p>2. DECLARACIONES DEL PARTICIPANTE<br \/>El participante manifiesta:<\/p>\n<ul>\n<li>Haber recibido informaci\u00f3n suficiente sobre el contenido, nivel f\u00edsico y riesgos inherentes a la actividad.<\/li>\n<li>Estar en condiciones f\u00edsicas adecuadas, saber nadar y no padecer enfermedades incompatibles con la actividad.<\/li>\n<li>Seguir en todo momento las instrucciones del monitor o gu\u00eda responsable.<\/li>\n<li>Asumir la responsabilidad sobre los menores a su cargo durante la actividad.<\/li>\n<\/ul>\n<p>3. EXONERACI\u00d3N DE RESPONSABILIDAD<br \/>MenorcAventura queda exenta de responsabilidad por:<\/p>\n<ul>\n<li>Da\u00f1os derivados del incumplimiento de las indicaciones del personal responsable.<\/li>\n<li>Conductas imprudentes o negligentes por parte del participante o acompa\u00f1antes.<\/li>\n<li>P\u00e9rdida o da\u00f1o de objetos personales durante la actividad.<\/li>\n<li>Consecuencias derivadas de accidentes provocados por causas externas, fuerza mayor o naturaleza de la actividad.<\/li>\n<li>La empresa dispone de los seguros obligatorios de Responsabilidad Civil y del equipamiento de seguridad necesario.<\/li>\n<\/ul>\n<p>4. PROTECCI\u00d3N DE DATOS<br \/>De conformidad con el Reglamento (UE) 2016\/679 (RGPD), sus datos ser\u00e1n tratados por MenorcAventura con fines de gesti\u00f3n de reservas y comunicaci\u00f3n comercial. Puede ejercer sus derechos de acceso, rectificaci\u00f3n, cancelaci\u00f3n y oposici\u00f3n mediante correo a: info@menorcaventura.es.<\/p>\n<p>5. USO DE IMAGEN<br \/>El cliente autoriza el uso de su imagen en fotograf\u00edas o v\u00eddeos captados durante la actividad para fines promocionales de MenorcAventura. Esta autorizaci\u00f3n podr\u00e1 ser revocada en cualquier momento escribiendo a: info@menorcaventura.es.<\/p>\n<p>6. FIRMAS Y FORMALIZACI\u00d3N<br \/>Este contrato se considerar\u00e1 formalizado mediante:<\/p>\n<ul>\n<li>Aceptaci\u00f3n online con registro de datos (IP, fecha, email, casilla marcada).<\/li>\n<li>Confirmaci\u00f3n por plataformas de terceros que integren estos t\u00e9rminos.<\/li>\n<li>Firma presencial en caso de reservas en punto de encuentro o inscripci\u00f3n directa.<\/li>\n<\/ul>\n<p>Con la aceptaci\u00f3n de la reserva, usted acepta las presentes condiciones legales.<\/p>\n<h2>8. Detalles de contacto<\/h2>\n<p>ACTIVA&#8217;T GESTIONS 2016 S.L.<br \/>Av. Central, 99 Cala En Porter<br \/>07730 ALAIOR<br \/>Espa\u00f1a<br \/>Sitio web:\u00a0<a href=\"https:\/\/menorcaventura.es\/en\/\">https:\/\/menorcaventura.es<\/a><br \/>Email: <a href=\"mailto:info@menorcaventura.es\">info@menorcaventura.es\u00a0\u00a0<\/a><\/p>\n<p>[\/et_pb_text][\/et_pb_column][\/et_pb_row][\/et_pb_section][et_pb_section fb_built=&#8221;1&#8243; _builder_version=&#8221;4.24.0&#8243; _module_preset=&#8221;default&#8221; da_disable_devices=&#8221;off|off|off&#8221; global_colors_info=&#8221;{}&#8221; da_is_popup=&#8221;off&#8221; da_exit_intent=&#8221;off&#8221; da_has_close=&#8221;on&#8221; da_alt_close=&#8221;off&#8221; da_dark_close=&#8221;off&#8221; da_not_modal=&#8221;on&#8221; da_is_singular=&#8221;off&#8221; da_with_loader=&#8221;off&#8221; da_has_shadow=&#8221;on&#8221;][et_pb_row column_structure=&#8221;1_2,1_2&#8243; _builder_version=&#8221;4.24.0&#8243; _module_preset=&#8221;default&#8221; global_colors_info=&#8221;{}&#8221;][et_pb_column type=&#8221;1_2&#8243; _builder_version=&#8221;4.24.0&#8243; _module_preset=&#8221;default&#8221; global_colors_info=&#8221;{}&#8221;][et_pb_button button_url=&#8221;https:\/\/menorcaventura.es\/wp-content\/uploads\/2024\/05\/CONTRATO-ALQUILER-KAYAKS-SUP-BICI-AQUA.odt&#8221; url_new_window=&#8221;on&#8221; button_text=&#8221;DESCARGAR CONTRATO ALQUILER KAYAKS-SUP-BICI&#8221; _builder_version=&#8221;4.27.4&#8243; _module_preset=&#8221;default&#8221; global_colors_info=&#8221;{}&#8221;][\/et_pb_button][\/et_pb_column][et_pb_column type=&#8221;1_2&#8243; _builder_version=&#8221;4.24.0&#8243; _module_preset=&#8221;default&#8221; global_colors_info=&#8221;{}&#8221;][et_pb_button button_url=&#8221;https:\/\/menorcaventura.es\/wp-content\/uploads\/2024\/05\/CONTRATO-RUTA-CUEVAS-2024.odt&#8221; url_new_window=&#8221;on&#8221; button_text=&#8221;DESCARGAR CONTRATO RUTA CUEVAS 2024.&#8221; _builder_version=&#8221;4.27.4&#8243; _module_preset=&#8221;default&#8221; global_colors_info=&#8221;{}&#8221;][\/et_pb_button][\/et_pb_column][\/et_pb_row][\/et_pb_section]<\/p>\n","protected":false},"excerpt":{"rendered":"<p>T\u00e9rminos y condiciones de participaci\u00f3n en actividades de kayak guiadoACTIVA\u2019T GESTIONS 2016 S.L. &#8211; MENORCAVENTURAEste documento establece las condiciones legales de participaci\u00f3n en las actividades organizadas por ACTIVA\u2019T GESTIONS 2016, S.L., en adelante MenorcAventura, titular del sitio web www.menorcaventura.es.La participaci\u00f3n en nuestras actividades implica la aceptaci\u00f3n plena de estas condiciones. Si no est\u00e1 de acuerdo [&hellip;]<\/p>\n","protected":false},"author":3,"featured_media":0,"parent":0,"menu_order":0,"comment_status":"closed","ping_status":"closed","template":"","meta":{"_et_pb_use_builder":"on","_et_pb_old_content":"","_et_gb_content_width":"","_joinchat":[],"footnotes":""},"class_list":["post-109652","page","type-page","status-publish","hentry"],"yoast_head":"<!-- This site is optimized with the Yoast SEO plugin v27.0 - https:\/\/yoast.com\/product\/yoast-seo-wordpress\/ -->\n<title>T\u00e9rminos y condiciones - MENORCAVENTURA<\/title>\n<meta name=\"description\" content=\"T\u00e9rminos y condiciones\" \/>\n<meta name=\"robots\" content=\"index, follow, max-snippet:-1, max-image-preview:large, max-video-preview:-1\" \/>\n<link rel=\"canonical\" href=\"https:\/\/menorcaventura.es\/en\/terminos-y-condiciones\/\" \/>\n<meta property=\"og:locale\" content=\"en_US\" \/>\n<meta property=\"og:type\" content=\"article\" \/>\n<meta property=\"og:title\" content=\"T\u00e9rminos y condiciones - MENORCAVENTURA\" \/>\n<meta property=\"og:description\" content=\"T\u00e9rminos y condiciones\" \/>\n<meta property=\"og:url\" content=\"https:\/\/menorcaventura.es\/en\/terminos-y-condiciones\/\" \/>\n<meta property=\"og:site_name\" content=\"MENORCAVENTURA\" \/>\n<meta property=\"article:publisher\" content=\"https:\/\/www.facebook.com\/MenorcAventuraCalanPorter\/?fref=ts\" \/>\n<meta property=\"article:modified_time\" content=\"2025-05-26T16:43:09+00:00\" \/>\n<meta property=\"og:image\" content=\"https:\/\/menorcaventura.es\/wp-content\/uploads\/2023\/03\/imagVideoKayacs.webp\" \/>\n\t<meta property=\"og:image:width\" content=\"1920\" \/>\n\t<meta property=\"og:image:height\" content=\"1089\" \/>\n\t<meta property=\"og:image:type\" content=\"image\/webp\" \/>\n<meta name=\"twitter:card\" content=\"summary_large_image\" \/>\n<meta name=\"twitter:label1\" content=\"Est. reading time\" \/>\n\t<meta name=\"twitter:data1\" content=\"2 minutes\" \/>\n<script type=\"application\/ld+json\" class=\"yoast-schema-graph\">{\"@context\":\"https:\/\/schema.org\",\"@graph\":[{\"@type\":\"WebPage\",\"@id\":\"https:\/\/menorcaventura.es\/en\/terminos-y-condiciones\/\",\"url\":\"https:\/\/menorcaventura.es\/en\/terminos-y-condiciones\/\",\"name\":\"T\u00e9rminos y condiciones - MENORCAVENTURA\",\"isPartOf\":{\"@id\":\"https:\/\/menorcaventura.es\/en\/#website\"},\"datePublished\":\"2025-05-26T16:37:34+00:00\",\"dateModified\":\"2025-05-26T16:43:09+00:00\",\"description\":\"T\u00e9rminos y condiciones\",\"breadcrumb\":{\"@id\":\"https:\/\/menorcaventura.es\/en\/terminos-y-condiciones\/#breadcrumb\"},\"inLanguage\":\"en-US\",\"potentialAction\":[{\"@type\":\"ReadAction\",\"target\":[\"https:\/\/menorcaventura.es\/en\/terminos-y-condiciones\/\"]}]},{\"@type\":\"BreadcrumbList\",\"@id\":\"https:\/\/menorcaventura.es\/en\/terminos-y-condiciones\/#breadcrumb\",\"itemListElement\":[{\"@type\":\"ListItem\",\"position\":1,\"name\":\"Portada\",\"item\":\"https:\/\/menorcaventura.es\/en\/\"},{\"@type\":\"ListItem\",\"position\":2,\"name\":\"T\u00e9rminos y condiciones\"}]},{\"@type\":\"WebSite\",\"@id\":\"https:\/\/menorcaventura.es\/en\/#website\",\"url\":\"https:\/\/menorcaventura.es\/en\/\",\"name\":\"MENORCAVENTURA\",\"description\":\"MenorcAventura cuenta con m\u00e1s de diez a\u00f1os de experiencia en actividades n\u00e1uticas y en el medio natural, tales como paseos en barca, rutas y traves\u00edas en kayak, paddle surf, SUPYoga, senderismo, bicicleta de monta\u00f1a, entre otras opciones. Somos especialistas en la gesti\u00f3n de grupos y en la organizaci\u00f3n de experiencias \u201ca medida\u201d.\",\"publisher\":{\"@id\":\"https:\/\/menorcaventura.es\/en\/#organization\"},\"alternateName\":\"Menorcaventura\",\"potentialAction\":[{\"@type\":\"SearchAction\",\"target\":{\"@type\":\"EntryPoint\",\"urlTemplate\":\"https:\/\/menorcaventura.es\/en\/?s={search_term_string}\"},\"query-input\":{\"@type\":\"PropertyValueSpecification\",\"valueRequired\":true,\"valueName\":\"search_term_string\"}}],\"inLanguage\":\"en-US\"},{\"@type\":\"Organization\",\"@id\":\"https:\/\/menorcaventura.es\/en\/#organization\",\"name\":\"MENORCAVENTURA\",\"url\":\"https:\/\/menorcaventura.es\/en\/\",\"logo\":{\"@type\":\"ImageObject\",\"inLanguage\":\"en-US\",\"@id\":\"https:\/\/menorcaventura.es\/en\/#\/schema\/logo\/image\/\",\"url\":\"https:\/\/menorcaventura.es\/wp-content\/uploads\/2023\/05\/menorcavebtura-logo-sinletras.webp\",\"contentUrl\":\"https:\/\/menorcaventura.es\/wp-content\/uploads\/2023\/05\/menorcavebtura-logo-sinletras.webp\",\"width\":250,\"height\":294,\"caption\":\"MENORCAVENTURA\"},\"image\":{\"@id\":\"https:\/\/menorcaventura.es\/en\/#\/schema\/logo\/image\/\"},\"sameAs\":[\"https:\/\/www.facebook.com\/MenorcAventuraCalanPorter\/?fref=ts\",\"https:\/\/www.instagram.com\/menorcaventura\/\"]}]}<\/script>\n<!-- \/ Yoast SEO plugin. -->","yoast_head_json":{"title":"T\u00e9rminos y condiciones - MENORCAVENTURA","description":"T\u00e9rminos y condiciones","robots":{"index":"index","follow":"follow","max-snippet":"max-snippet:-1","max-image-preview":"max-image-preview:large","max-video-preview":"max-video-preview:-1"},"canonical":"https:\/\/menorcaventura.es\/en\/terminos-y-condiciones\/","og_locale":"en_US","og_type":"article","og_title":"T\u00e9rminos y condiciones - MENORCAVENTURA","og_description":"T\u00e9rminos y condiciones","og_url":"https:\/\/menorcaventura.es\/en\/terminos-y-condiciones\/","og_site_name":"MENORCAVENTURA","article_publisher":"https:\/\/www.facebook.com\/MenorcAventuraCalanPorter\/?fref=ts","article_modified_time":"2025-05-26T16:43:09+00:00","og_image":[{"width":1920,"height":1089,"url":"https:\/\/menorcaventura.es\/wp-content\/uploads\/2023\/03\/imagVideoKayacs.webp","type":"image\/webp"}],"twitter_card":"summary_large_image","twitter_misc":{"Est. reading time":"2 minutes"},"schema":{"@context":"https:\/\/schema.org","@graph":[{"@type":"WebPage","@id":"https:\/\/menorcaventura.es\/en\/terminos-y-condiciones\/","url":"https:\/\/menorcaventura.es\/en\/terminos-y-condiciones\/","name":"T\u00e9rminos y condiciones - MENORCAVENTURA","isPartOf":{"@id":"https:\/\/menorcaventura.es\/en\/#website"},"datePublished":"2025-05-26T16:37:34+00:00","dateModified":"2025-05-26T16:43:09+00:00","description":"T\u00e9rminos y condiciones","breadcrumb":{"@id":"https:\/\/menorcaventura.es\/en\/terminos-y-condiciones\/#breadcrumb"},"inLanguage":"en-US","potentialAction":[{"@type":"ReadAction","target":["https:\/\/menorcaventura.es\/en\/terminos-y-condiciones\/"]}]},{"@type":"BreadcrumbList","@id":"https:\/\/menorcaventura.es\/en\/terminos-y-condiciones\/#breadcrumb","itemListElement":[{"@type":"ListItem","position":1,"name":"Portada","item":"https:\/\/menorcaventura.es\/en\/"},{"@type":"ListItem","position":2,"name":"T\u00e9rminos y condiciones"}]},{"@type":"WebSite","@id":"https:\/\/menorcaventura.es\/en\/#website","url":"https:\/\/menorcaventura.es\/en\/","name":"MENORCAVENTURA","description":"MenorcAventura cuenta con m\u00e1s de diez a\u00f1os de experiencia en actividades n\u00e1uticas y en el medio natural, tales como paseos en barca, rutas y traves\u00edas en kayak, paddle surf, SUPYoga, senderismo, bicicleta de monta\u00f1a, entre otras opciones. Somos especialistas en la gesti\u00f3n de grupos y en la organizaci\u00f3n de experiencias \u201ca medida\u201d.","publisher":{"@id":"https:\/\/menorcaventura.es\/en\/#organization"},"alternateName":"Menorcaventura","potentialAction":[{"@type":"SearchAction","target":{"@type":"EntryPoint","urlTemplate":"https:\/\/menorcaventura.es\/en\/?s={search_term_string}"},"query-input":{"@type":"PropertyValueSpecification","valueRequired":true,"valueName":"search_term_string"}}],"inLanguage":"en-US"},{"@type":"Organization","@id":"https:\/\/menorcaventura.es\/en\/#organization","name":"MENORCAVENTURA","url":"https:\/\/menorcaventura.es\/en\/","logo":{"@type":"ImageObject","inLanguage":"en-US","@id":"https:\/\/menorcaventura.es\/en\/#\/schema\/logo\/image\/","url":"https:\/\/menorcaventura.es\/wp-content\/uploads\/2023\/05\/menorcavebtura-logo-sinletras.webp","contentUrl":"https:\/\/menorcaventura.es\/wp-content\/uploads\/2023\/05\/menorcavebtura-logo-sinletras.webp","width":250,"height":294,"caption":"MENORCAVENTURA"},"image":{"@id":"https:\/\/menorcaventura.es\/en\/#\/schema\/logo\/image\/"},"sameAs":["https:\/\/www.facebook.com\/MenorcAventuraCalanPorter\/?fref=ts","https:\/\/www.instagram.com\/menorcaventura\/"]}]}},"_links":{"self":[{"href":"https:\/\/menorcaventura.es\/en\/wp-json\/wp\/v2\/pages\/109652","targetHints":{"allow":["GET"]}}],"collection":[{"href":"https:\/\/menorcaventura.es\/en\/wp-json\/wp\/v2\/pages"}],"about":[{"href":"https:\/\/menorcaventura.es\/en\/wp-json\/wp\/v2\/types\/page"}],"author":[{"embeddable":true,"href":"https:\/\/menorcaventura.es\/en\/wp-json\/wp\/v2\/users\/3"}],"replies":[{"embeddable":true,"href":"https:\/\/menorcaventura.es\/en\/wp-json\/wp\/v2\/comments?post=109652"}],"version-history":[{"count":1,"href":"https:\/\/menorcaventura.es\/en\/wp-json\/wp\/v2\/pages\/109652\/revisions"}],"predecessor-version":[{"id":109654,"href":"https:\/\/menorcaventura.es\/en\/wp-json\/wp\/v2\/pages\/109652\/revisions\/109654"}],"wp:attachment":[{"href":"https:\/\/menorcaventura.es\/en\/wp-json\/wp\/v2\/media?parent=109652"}],"curies":[{"name":"wp","href":"https:\/\/api.w.org\/{rel}","templated":true}]}}