{"id":110181,"date":"2025-09-03T14:46:53","date_gmt":"2025-09-03T14:46:53","guid":{"rendered":"https:\/\/menorcaventura.es\/galeria-de-fotos-menorca-aventura\/"},"modified":"2025-09-14T10:59:28","modified_gmt":"2025-09-14T10:59:28","slug":"menorca-adventure-photo-gallery","status":"publish","type":"page","link":"https:\/\/menorcaventura.es\/en\/menorca-adventure-photo-gallery\/","title":{"rendered":"MENORCA ADVENTURE PHOTO GALLERY"},"content":{"rendered":"<p>[et_pb_section fb_built=&#8221;1&#8243; admin_label=&#8221;section&#8221; _builder_version=&#8221;4.24.0&#8243; da_disable_devices=&#8221;off|off|off&#8221; global_colors_info=&#8221;{}&#8221; da_is_popup=&#8221;off&#8221; da_exit_intent=&#8221;off&#8221; da_has_close=&#8221;on&#8221; da_alt_close=&#8221;off&#8221; da_dark_close=&#8221;off&#8221; da_not_modal=&#8221;on&#8221; da_is_singular=&#8221;off&#8221; da_with_loader=&#8221;off&#8221; da_has_shadow=&#8221;on&#8221;][et_pb_row _builder_version=&#8221;4.24.0&#8243; _module_preset=&#8221;default&#8221; global_colors_info=&#8221;{}&#8221;][et_pb_column type=&#8221;4_4&#8243; _builder_version=&#8221;4.24.0&#8243; _module_preset=&#8221;default&#8221; global_colors_info=&#8221;{}&#8221;][et_pb_text _builder_version=&#8221;4.27.4&#8243; _module_preset=&#8221;default&#8221; text_font_size=&#8221;18px&#8221; global_colors_info=&#8221;{}&#8221;]<\/p>\n<h1 style=\"text-align: center;\">Get photos of your adventure with us<\/h1>\n<p>[\/et_pb_text][\/et_pb_column][\/et_pb_row][et_pb_row column_structure=&#8221;1_2,1_2&#8243; _builder_version=&#8221;4.24.0&#8243; _module_preset=&#8221;default&#8221; global_colors_info=&#8221;{}&#8221;][et_pb_column type=&#8221;1_2&#8243; _builder_version=&#8221;4.24.0&#8243; _module_preset=&#8221;default&#8221; global_colors_info=&#8221;{}&#8221;][et_pb_text _builder_version=&#8221;4.27.4&#8243; _module_preset=&#8221;default&#8221; text_font_size=&#8221;18px&#8221; global_colors_info=&#8221;{}&#8221;]<\/p>\n<h2>July 2025<\/h2>\n<h3>Day:<\/h3>\n<ul>\n<li>1-7-25 : <a href=\"https:\/\/gopro.com\/v\/693MkXMV4Qww4\">https:\/\/gopro.com\/v\/693MkXMV4Qww4<\/a><\/li>\n<li>2-7-25 : <a href=\"https:\/\/gopro.com\/v\/KBron7zd6Erdp\">https:\/\/gopro.com\/v\/KBron7zd6Erdp<\/a><\/li>\n<li>3-7-25 : <a href=\"https:\/\/gopro.com\/v\/Bb3KwV7o7G3Ba\">https:\/\/gopro.com\/v\/Bb3KwV7o7G3Ba<\/a><\/li>\n<li>4-7-25 : <a href=\"https:\/\/gopro.com\/v\/ezBd9nNXqERmw\">https:\/\/gopro.com\/v\/ezBd9nNXqERmw<\/a><\/li>\n<li>5-7-25 : <a href=\"https:\/\/gopro.com\/v\/k41gZpgMbp0v3\">https:\/\/gopro.com\/v\/k41gZpgMbp0v3<\/a><\/li>\n<li>6-7-25 : <a href=\"https:\/\/gopro.com\/v\/MWqB9d9gV6daq\">https:\/\/gopro.com\/v\/MWqB9d9gV6daq<\/a><\/li>\n<li>7-7-25 : <a href=\"https:\/\/gopro.com\/v\/P3zNDyl2dyXny\">https:\/\/gopro.com\/v\/P3zNDyl2dyXny<\/a><\/li>\n<li>8-7-25 : <a href=\"https:\/\/gopro.com\/v\/5W32r9ZgrnPqy\">https:\/\/gopro.com\/v\/5W32r9ZgrnPqy<\/a><\/li>\n<li>9-7-25 : <a href=\"https:\/\/gopro.com\/v\/rdBb90OPOZB68\">https:\/\/gopro.com\/v\/rdBb90OPOZB68<\/a><\/li>\n<li>10-7-25 : <a href=\"https:\/\/gopro.com\/v\/vk4odp391d2nz\">https:\/\/gopro.com\/v\/vk4odp391d2nz<\/a><\/li>\n<li>11-7-25 : <a href=\"https:\/\/gopro.com\/v\/Z0aDrQZQe6LvV\">https:\/\/gopro.com\/v\/Z0aDrQZQe6LvV<\/a><\/li>\n<li>12-7-25 : <a href=\"https:\/\/gopro.com\/v\/1Z2PGBzmRzr2b\">https:\/\/gopro.com\/v\/1Z2PGBzmRzr2b<\/a><\/li>\n<li>13-7-25 : <a href=\"https:\/\/gopro.com\/v\/KBroWMQg351z8\">https:\/\/gopro.com\/v\/KBroWMQg351z8<\/a><\/li>\n<li>14-7-25 : <a href=\"https:\/\/gopro.com\/v\/EB3LJ4DLGy1XP\">https:\/\/gopro.com\/v\/EB3LJ4DLGy1XP<\/a><\/li>\n<li>15-7-25 : <a href=\"https:\/\/gopro.com\/v\/plBLWvrnZ8wGm\">https:\/\/gopro.com\/v\/plBLWvrnZ8wGm<\/a><\/li>\n<li>16-7-25 : <a href=\"https:\/\/gopro.com\/v\/0wOXQl1JnGW0L\">https:\/\/gopro.com\/v\/0wOXQl1JnGW0L<\/a><\/li>\n<li>17-7-25 : <a href=\"https:\/\/gopro.com\/v\/m4BKoXpE3Kv8r\">https:\/\/gopro.com\/v\/m4BKoXpE3Kv8r<\/a><\/li>\n<li>18-7-25 : <a href=\"https:\/\/gopro.com\/v\/oKyzlomZXOeEN\">https:\/\/gopro.com\/v\/oKyzlomZXOeEN<\/a><\/li>\n<li>20-7-25 : <a href=\"https:\/\/gopro.com\/v\/2qoerMOzVa6Ol\">https:\/\/gopro.com\/v\/2qoerMOzVa6Ol<\/a><\/li>\n<li>21-7-25 : <a href=\"https:\/\/gopro.com\/v\/Dk3z2kWzXWopV\">https:\/\/gopro.com\/v\/Dk3z2kWzXWopV<\/a><\/li>\n<li>22-7-25 : <a href=\"https:\/\/gopro.com\/v\/k41goqkvVmLw3\">https:\/\/gopro.com\/v\/k41goqkvVmLw3<\/a><\/li>\n<li>23-7-25 : <a href=\"https:\/\/gopro.com\/v\/0wOXneOkP0qvd\">https:\/\/gopro.com\/v\/0wOXneOkP0qvd<\/a><\/li>\n<li>26-7-25 : <a href=\"https:\/\/gopro.com\/v\/Ow7RN613d3maM\">https:\/\/gopro.com\/v\/Ow7RN613d3maM<\/a><\/li>\n<li>27-7-25 : <a href=\"https:\/\/gopro.com\/v\/1Z2P4oOBMRZlM\">https:\/\/gopro.com\/v\/1Z2P4oOBMRZlM<\/a><\/li>\n<li>28-7-25 : <a href=\"https:\/\/gopro.com\/v\/nqy6WXg5vPqDD\">https:\/\/gopro.com\/v\/nqy6WXg5vPqDD<\/a><\/li>\n<li>30-7-25 : <a href=\"https:\/\/gopro.com\/v\/Dk3z2LBvX5BVp\">https:\/\/gopro.com\/v\/Dk3z2LBvX5BVp<\/a><\/li>\n<\/ul>\n<p>[\/et_pb_text][\/et_pb_column][et_pb_column type=&#8221;1_2&#8243; _builder_version=&#8221;4.24.0&#8243; _module_preset=&#8221;default&#8221; global_colors_info=&#8221;{}&#8221;][et_pb_text _builder_version=&#8221;4.27.4&#8243; _module_preset=&#8221;default&#8221; text_font_size=&#8221;18px&#8221; global_colors_info=&#8221;{}&#8221;]<\/p>\n<h2>August 2025<\/h2>\n<h3>Day:<\/h3>\n<ul>\n<li>1-08-25: <a href=\"https:\/\/gopro.com\/v\/nqy3yzdyZKnpE\">https:\/\/gopro.com\/v\/nqy3yzdyZKnpE<\/a><\/li>\n<li>2-08-25: <a href=\"https:\/\/gopro.com\/v\/vk434XQnBXo3e\">https:\/\/gopro.com\/v\/vk434XQnBXo3e<\/a><\/li>\n<li>3-08-25: <a href=\"https:\/\/gopro.com\/v\/MWq2qyyXaL6q3\">https:\/\/gopro.com\/v\/MWq2qyyXaL6q3<\/a><\/li>\n<li>4-08-25: <a href=\"https:\/\/gopro.com\/v\/8GVdVo6lVqmZa\">https:\/\/gopro.com\/v\/8GVdVo6lVqmZa<\/a><\/li>\n<li>5-08-25: <a href=\"https:\/\/gopro.com\/v\/RDLBLOg4pdQpq\">https:\/\/gopro.com\/v\/RDLBLOg4pdQpq<\/a><\/li>\n<li>6-08-25: <a href=\"https:\/\/gopro.com\/v\/GB3e3goBZr40q\">https:\/\/gopro.com\/v\/GB3e3goBZr40q<\/a><\/li>\n<li>7-08-25: <a href=\"https:\/\/gopro.com\/v\/1Z2l21oG6Od5r\">https:\/\/gopro.com\/v\/1Z2l21oG6Od5r<\/a><\/li>\n<li>8-08-25: <a href=\"https:\/\/gopro.com\/v\/LRKOK9823Dvw5\">https:\/\/gopro.com\/v\/LRKOK9823Dvw5<\/a><\/li>\n<li>9-08-25: <a href=\"https:\/\/gopro.com\/v\/wbrnrXNOQQZJv\">https:\/\/gopro.com\/v\/wbrnrXNOQQZJv<\/a><\/li>\n<li>10-08-25: <a href=\"https:\/\/gopro.com\/v\/lny3yQp37MzO3\">https:\/\/gopro.com\/v\/lny3yQp37MzO3<\/a><\/li>\n<li>11-08-25: <a href=\"https:\/\/gopro.com\/v\/gVB3BmBnP28R2\">https:\/\/gopro.com\/v\/gVB3BmBnP28R2<\/a><\/li>\n<li>12-08-25: <a href=\"https:\/\/gopro.com\/v\/LRKOKam0ZP1bv\">https:\/\/gopro.com\/v\/LRKOKam0ZP1bv<\/a><\/li>\n<li>13-08-25: <a href=\"https:\/\/gopro.com\/v\/723R3mJGLeNw2\">https:\/\/gopro.com\/v\/723R3mJGLeNw2<\/a><\/li>\n<li>14-08-25: <a href=\"https:\/\/gopro.com\/v\/k4131Ka65GWRN\">https:\/\/gopro.com\/v\/k4131Ka65GWRN<\/a><\/li>\n<li>15-08-25: <a href=\"https:\/\/gopro.com\/v\/RDLBZnyGn7maP\">https:\/\/gopro.com\/v\/RDLBZnyGn7maP<\/a><\/li>\n<li>16-08-25: <a href=\"https:\/\/gopro.com\/v\/zb6KXLqkeqXR8\">https:\/\/gopro.com\/v\/zb6KXLqkeqXR8<\/a><\/li>\n<li>17-08-25: <a href=\"https:\/\/gopro.com\/v\/Dk3m8NVKdWpre\">https:\/\/gopro.com\/v\/Dk3m8NVKdWpre<\/a><\/li>\n<li>18-08-25: <a href=\"https:\/\/gopro.com\/v\/Bb3L8wdNwdd9G\">https:\/\/gopro.com\/v\/Bb3L8wdNwdd9G<\/a><\/li>\n<li>19-08-25: <a href=\"https:\/\/gopro.com\/v\/LRKOpBDX7GlZ7\">https:\/\/gopro.com\/v\/LRKOpBDX7GlZ7<\/a><\/li>\n<li>20-08-25: <a href=\"https:\/\/gopro.com\/v\/P3zl8ZQeOzDOJ\">https:\/\/gopro.com\/v\/P3zl8ZQeOzDOJ<\/a><\/li>\n<li>21-08-25: <a href=\"https:\/\/gopro.com\/v\/NN6o8d3gDlg62\">https:\/\/gopro.com\/v\/NN6o8d3gDlg62<\/a><\/li>\n<li>22-08-25: <a href=\"https:\/\/gopro.com\/v\/lny3lmZ1NBbBm\">https:\/\/gopro.com\/v\/lny3lmZ1NBbBm<\/a><\/li>\n<li>23-08-25: <a href=\"https:\/\/gopro.com\/v\/8GVdBQpvw0N4r\">https:\/\/gopro.com\/v\/8GVdBQpvw0N4r<\/a><\/li>\n<li>24-08-25: <a href=\"https:\/\/gopro.com\/v\/6938lPRVmllKv\">https:\/\/gopro.com\/v\/6938lPRVmllKv<\/a><\/li>\n<li>25-08-25: <a href=\"https:\/\/gopro.com\/v\/m4B3WgPmGl0ZK\">https:\/\/gopro.com\/v\/m4B3WgPmGl0ZK<\/a><\/li>\n<li>26-08-25: <a href=\"https:\/\/gopro.com\/v\/Z0a36zoea783w\">https:\/\/gopro.com\/v\/Z0a36zoea783w<\/a><\/li>\n<li>27-08-25: <a href=\"https:\/\/gopro.com\/v\/WledErnmyJdKp\">https:\/\/gopro.com\/v\/WledErnmyJdKp<\/a><\/li>\n<li>29-08-25: <a href=\"https:\/\/gopro.com\/v\/9m3nwXE0VXD2R\">https:\/\/gopro.com\/v\/9m3nwXE0VXD2R<\/a><\/li>\n<li>30-08-25: <a href=\"https:\/\/gopro.com\/v\/ao53ZKnWvqaK7\">https:\/\/gopro.com\/v\/ao53ZKnWvqaK7<\/a><\/li>\n<li>31-08-25: <a href=\"https:\/\/gopro.com\/v\/EB3PVDyvP0Lzv\">https:\/\/gopro.com\/v\/EB3PVDyvP0Lzv<\/a><\/li>\n<\/ul>\n<p>&nbsp;<\/p>\n<p>[\/et_pb_text][\/et_pb_column][\/et_pb_row][\/et_pb_section]<\/p>\n","protected":false},"excerpt":{"rendered":"<p>Get photos of your adventure with usJuly 2025 Day: 1-7-25 : https:\/\/gopro.com\/v\/693MkXMV4Qww4 2-7-25 : https:\/\/gopro.com\/v\/KBron7zd6Erdp 3-7-25 : https:\/\/gopro.com\/v\/Bb3KwV7o7G3Ba 4-7-25 : https:\/\/gopro.com\/v\/ezBd9nNXqERmw 5-7-25 : https:\/\/gopro.com\/v\/k41gZpgMbp0v3 6-7-25 : https:\/\/gopro.com\/v\/MWqB9d9gV6daq 7-7-25 : https:\/\/gopro.com\/v\/P3zNDyl2dyXny 8-7-25 : https:\/\/gopro.com\/v\/5W32r9ZgrnPqy 9-7-25 : https:\/\/gopro.com\/v\/rdBb90OPOZB68 10-7-25 : https:\/\/gopro.com\/v\/vk4odp391d2nz 11-7-25 : https:\/\/gopro.com\/v\/Z0aDrQZQe6LvV 12-7-25 : https:\/\/gopro.com\/v\/1Z2PGBzmRzr2b 13-7-25 : https:\/\/gopro.com\/v\/KBroWMQg351z8 14-7-25 : https:\/\/gopro.com\/v\/EB3LJ4DLGy1XP 15-7-25 : https:\/\/gopro.com\/v\/plBLWvrnZ8wGm 16-7-25 [&hellip;]<\/p>\n","protected":false},"author":3,"featured_media":107946,"parent":0,"menu_order":0,"comment_status":"closed","ping_status":"closed","template":"","meta":{"_et_pb_use_builder":"on","_et_pb_old_content":"","_et_gb_content_width":"","_joinchat":[],"footnotes":""},"class_list":["post-110181","page","type-page","status-publish","has-post-thumbnail","hentry"],"yoast_head":"<!-- This site is optimized with the Yoast SEO plugin v27.0 - https:\/\/yoast.com\/product\/yoast-seo-wordpress\/ -->\n<title>MENORCA ADVENTURE PHOTO GALLERY - MENORCAVENTURA<\/title>\n<meta name=\"description\" content=\"MENORCA ADVENTURE PHOTO GALLERY\" \/>\n<meta name=\"robots\" content=\"index, follow, max-snippet:-1, max-image-preview:large, max-video-preview:-1\" \/>\n<link rel=\"canonical\" href=\"https:\/\/menorcaventura.es\/en\/menorca-adventure-photo-gallery\/\" \/>\n<meta property=\"og:locale\" content=\"en_US\" \/>\n<meta property=\"og:type\" content=\"article\" \/>\n<meta property=\"og:title\" content=\"MENORCA ADVENTURE PHOTO GALLERY - MENORCAVENTURA\" \/>\n<meta property=\"og:description\" content=\"MENORCA ADVENTURE PHOTO GALLERY\" \/>\n<meta property=\"og:url\" content=\"https:\/\/menorcaventura.es\/en\/menorca-adventure-photo-gallery\/\" \/>\n<meta property=\"og:site_name\" content=\"MENORCAVENTURA\" \/>\n<meta property=\"article:publisher\" content=\"https:\/\/www.facebook.com\/MenorcAventuraCalanPorter\/?fref=ts\" \/>\n<meta property=\"article:modified_time\" content=\"2025-09-14T10:59:28+00:00\" \/>\n<meta property=\"og:image\" content=\"https:\/\/menorcaventura.es\/wp-content\/uploads\/2024\/04\/ENJOY-26-GRUPO-5-BICICLETAS-ACUATICAS.jpg\" \/>\n\t<meta property=\"og:image:width\" content=\"960\" \/>\n\t<meta property=\"og:image:height\" content=\"946\" \/>\n\t<meta property=\"og:image:type\" content=\"image\/jpeg\" \/>\n<meta name=\"twitter:card\" content=\"summary_large_image\" \/>\n<meta name=\"twitter:label1\" content=\"Est. reading time\" \/>\n\t<meta name=\"twitter:data1\" content=\"1 minute\" \/>\n<script type=\"application\/ld+json\" class=\"yoast-schema-graph\">{\"@context\":\"https:\/\/schema.org\",\"@graph\":[{\"@type\":\"WebPage\",\"@id\":\"https:\/\/menorcaventura.es\/en\/menorca-adventure-photo-gallery\/\",\"url\":\"https:\/\/menorcaventura.es\/en\/menorca-adventure-photo-gallery\/\",\"name\":\"MENORCA ADVENTURE PHOTO GALLERY - MENORCAVENTURA\",\"isPartOf\":{\"@id\":\"https:\/\/menorcaventura.es\/en\/#website\"},\"primaryImageOfPage\":{\"@id\":\"https:\/\/menorcaventura.es\/en\/menorca-adventure-photo-gallery\/#primaryimage\"},\"image\":{\"@id\":\"https:\/\/menorcaventura.es\/en\/menorca-adventure-photo-gallery\/#primaryimage\"},\"thumbnailUrl\":\"https:\/\/menorcaventura.es\/wp-content\/uploads\/2024\/04\/ENJOY-26-GRUPO-5-BICICLETAS-ACUATICAS.jpg\",\"datePublished\":\"2025-09-03T14:46:53+00:00\",\"dateModified\":\"2025-09-14T10:59:28+00:00\",\"description\":\"MENORCA ADVENTURE PHOTO GALLERY\",\"breadcrumb\":{\"@id\":\"https:\/\/menorcaventura.es\/en\/menorca-adventure-photo-gallery\/#breadcrumb\"},\"inLanguage\":\"en-US\",\"potentialAction\":[{\"@type\":\"ReadAction\",\"target\":[\"https:\/\/menorcaventura.es\/en\/menorca-adventure-photo-gallery\/\"]}]},{\"@type\":\"ImageObject\",\"inLanguage\":\"en-US\",\"@id\":\"https:\/\/menorcaventura.es\/en\/menorca-adventure-photo-gallery\/#primaryimage\",\"url\":\"https:\/\/menorcaventura.es\/wp-content\/uploads\/2024\/04\/ENJOY-26-GRUPO-5-BICICLETAS-ACUATICAS.jpg\",\"contentUrl\":\"https:\/\/menorcaventura.es\/wp-content\/uploads\/2024\/04\/ENJOY-26-GRUPO-5-BICICLETAS-ACUATICAS.jpg\",\"width\":960,\"height\":946,\"caption\":\"un grupo con bicis actuaticas\"},{\"@type\":\"BreadcrumbList\",\"@id\":\"https:\/\/menorcaventura.es\/en\/menorca-adventure-photo-gallery\/#breadcrumb\",\"itemListElement\":[{\"@type\":\"ListItem\",\"position\":1,\"name\":\"Portada\",\"item\":\"https:\/\/menorcaventura.es\/en\/\"},{\"@type\":\"ListItem\",\"position\":2,\"name\":\"MENORCA ADVENTURE PHOTO GALLERY\"}]},{\"@type\":\"WebSite\",\"@id\":\"https:\/\/menorcaventura.es\/en\/#website\",\"url\":\"https:\/\/menorcaventura.es\/en\/\",\"name\":\"MENORCAVENTURA\",\"description\":\"MenorcAventura cuenta con m\u00e1s de diez a\u00f1os de experiencia en actividades n\u00e1uticas y en el medio natural, tales como paseos en barca, rutas y traves\u00edas en kayak, paddle surf, SUPYoga, senderismo, bicicleta de monta\u00f1a, entre otras opciones. Somos especialistas en la gesti\u00f3n de grupos y en la organizaci\u00f3n de experiencias \u201ca medida\u201d.\",\"publisher\":{\"@id\":\"https:\/\/menorcaventura.es\/en\/#organization\"},\"alternateName\":\"Menorcaventura\",\"potentialAction\":[{\"@type\":\"SearchAction\",\"target\":{\"@type\":\"EntryPoint\",\"urlTemplate\":\"https:\/\/menorcaventura.es\/en\/?s={search_term_string}\"},\"query-input\":{\"@type\":\"PropertyValueSpecification\",\"valueRequired\":true,\"valueName\":\"search_term_string\"}}],\"inLanguage\":\"en-US\"},{\"@type\":\"Organization\",\"@id\":\"https:\/\/menorcaventura.es\/en\/#organization\",\"name\":\"MENORCAVENTURA\",\"url\":\"https:\/\/menorcaventura.es\/en\/\",\"logo\":{\"@type\":\"ImageObject\",\"inLanguage\":\"en-US\",\"@id\":\"https:\/\/menorcaventura.es\/en\/#\/schema\/logo\/image\/\",\"url\":\"https:\/\/menorcaventura.es\/wp-content\/uploads\/2023\/05\/menorcavebtura-logo-sinletras.webp\",\"contentUrl\":\"https:\/\/menorcaventura.es\/wp-content\/uploads\/2023\/05\/menorcavebtura-logo-sinletras.webp\",\"width\":250,\"height\":294,\"caption\":\"MENORCAVENTURA\"},\"image\":{\"@id\":\"https:\/\/menorcaventura.es\/en\/#\/schema\/logo\/image\/\"},\"sameAs\":[\"https:\/\/www.facebook.com\/MenorcAventuraCalanPorter\/?fref=ts\",\"https:\/\/www.instagram.com\/menorcaventura\/\"]}]}<\/script>\n<!-- \/ Yoast SEO plugin. -->","yoast_head_json":{"title":"MENORCA ADVENTURE PHOTO GALLERY - MENORCAVENTURA","description":"MENORCA ADVENTURE PHOTO GALLERY","robots":{"index":"index","follow":"follow","max-snippet":"max-snippet:-1","max-image-preview":"max-image-preview:large","max-video-preview":"max-video-preview:-1"},"canonical":"https:\/\/menorcaventura.es\/en\/menorca-adventure-photo-gallery\/","og_locale":"en_US","og_type":"article","og_title":"MENORCA ADVENTURE PHOTO GALLERY - MENORCAVENTURA","og_description":"MENORCA ADVENTURE PHOTO GALLERY","og_url":"https:\/\/menorcaventura.es\/en\/menorca-adventure-photo-gallery\/","og_site_name":"MENORCAVENTURA","article_publisher":"https:\/\/www.facebook.com\/MenorcAventuraCalanPorter\/?fref=ts","article_modified_time":"2025-09-14T10:59:28+00:00","og_image":[{"width":960,"height":946,"url":"https:\/\/menorcaventura.es\/wp-content\/uploads\/2024\/04\/ENJOY-26-GRUPO-5-BICICLETAS-ACUATICAS.jpg","type":"image\/jpeg"}],"twitter_card":"summary_large_image","twitter_misc":{"Est. reading time":"1 minute"},"schema":{"@context":"https:\/\/schema.org","@graph":[{"@type":"WebPage","@id":"https:\/\/menorcaventura.es\/en\/menorca-adventure-photo-gallery\/","url":"https:\/\/menorcaventura.es\/en\/menorca-adventure-photo-gallery\/","name":"MENORCA ADVENTURE PHOTO GALLERY - MENORCAVENTURA","isPartOf":{"@id":"https:\/\/menorcaventura.es\/en\/#website"},"primaryImageOfPage":{"@id":"https:\/\/menorcaventura.es\/en\/menorca-adventure-photo-gallery\/#primaryimage"},"image":{"@id":"https:\/\/menorcaventura.es\/en\/menorca-adventure-photo-gallery\/#primaryimage"},"thumbnailUrl":"https:\/\/menorcaventura.es\/wp-content\/uploads\/2024\/04\/ENJOY-26-GRUPO-5-BICICLETAS-ACUATICAS.jpg","datePublished":"2025-09-03T14:46:53+00:00","dateModified":"2025-09-14T10:59:28+00:00","description":"MENORCA ADVENTURE PHOTO GALLERY","breadcrumb":{"@id":"https:\/\/menorcaventura.es\/en\/menorca-adventure-photo-gallery\/#breadcrumb"},"inLanguage":"en-US","potentialAction":[{"@type":"ReadAction","target":["https:\/\/menorcaventura.es\/en\/menorca-adventure-photo-gallery\/"]}]},{"@type":"ImageObject","inLanguage":"en-US","@id":"https:\/\/menorcaventura.es\/en\/menorca-adventure-photo-gallery\/#primaryimage","url":"https:\/\/menorcaventura.es\/wp-content\/uploads\/2024\/04\/ENJOY-26-GRUPO-5-BICICLETAS-ACUATICAS.jpg","contentUrl":"https:\/\/menorcaventura.es\/wp-content\/uploads\/2024\/04\/ENJOY-26-GRUPO-5-BICICLETAS-ACUATICAS.jpg","width":960,"height":946,"caption":"un grupo con bicis actuaticas"},{"@type":"BreadcrumbList","@id":"https:\/\/menorcaventura.es\/en\/menorca-adventure-photo-gallery\/#breadcrumb","itemListElement":[{"@type":"ListItem","position":1,"name":"Portada","item":"https:\/\/menorcaventura.es\/en\/"},{"@type":"ListItem","position":2,"name":"MENORCA ADVENTURE PHOTO GALLERY"}]},{"@type":"WebSite","@id":"https:\/\/menorcaventura.es\/en\/#website","url":"https:\/\/menorcaventura.es\/en\/","name":"MENORCAVENTURA","description":"MenorcAventura cuenta con m\u00e1s de diez a\u00f1os de experiencia en actividades n\u00e1uticas y en el medio natural, tales como paseos en barca, rutas y traves\u00edas en kayak, paddle surf, SUPYoga, senderismo, bicicleta de monta\u00f1a, entre otras opciones. Somos especialistas en la gesti\u00f3n de grupos y en la organizaci\u00f3n de experiencias \u201ca medida\u201d.","publisher":{"@id":"https:\/\/menorcaventura.es\/en\/#organization"},"alternateName":"Menorcaventura","potentialAction":[{"@type":"SearchAction","target":{"@type":"EntryPoint","urlTemplate":"https:\/\/menorcaventura.es\/en\/?s={search_term_string}"},"query-input":{"@type":"PropertyValueSpecification","valueRequired":true,"valueName":"search_term_string"}}],"inLanguage":"en-US"},{"@type":"Organization","@id":"https:\/\/menorcaventura.es\/en\/#organization","name":"MENORCAVENTURA","url":"https:\/\/menorcaventura.es\/en\/","logo":{"@type":"ImageObject","inLanguage":"en-US","@id":"https:\/\/menorcaventura.es\/en\/#\/schema\/logo\/image\/","url":"https:\/\/menorcaventura.es\/wp-content\/uploads\/2023\/05\/menorcavebtura-logo-sinletras.webp","contentUrl":"https:\/\/menorcaventura.es\/wp-content\/uploads\/2023\/05\/menorcavebtura-logo-sinletras.webp","width":250,"height":294,"caption":"MENORCAVENTURA"},"image":{"@id":"https:\/\/menorcaventura.es\/en\/#\/schema\/logo\/image\/"},"sameAs":["https:\/\/www.facebook.com\/MenorcAventuraCalanPorter\/?fref=ts","https:\/\/www.instagram.com\/menorcaventura\/"]}]}},"_links":{"self":[{"href":"https:\/\/menorcaventura.es\/en\/wp-json\/wp\/v2\/pages\/110181","targetHints":{"allow":["GET"]}}],"collection":[{"href":"https:\/\/menorcaventura.es\/en\/wp-json\/wp\/v2\/pages"}],"about":[{"href":"https:\/\/menorcaventura.es\/en\/wp-json\/wp\/v2\/types\/page"}],"author":[{"embeddable":true,"href":"https:\/\/menorcaventura.es\/en\/wp-json\/wp\/v2\/users\/3"}],"replies":[{"embeddable":true,"href":"https:\/\/menorcaventura.es\/en\/wp-json\/wp\/v2\/comments?post=110181"}],"version-history":[{"count":8,"href":"https:\/\/menorcaventura.es\/en\/wp-json\/wp\/v2\/pages\/110181\/revisions"}],"predecessor-version":[{"id":110241,"href":"https:\/\/menorcaventura.es\/en\/wp-json\/wp\/v2\/pages\/110181\/revisions\/110241"}],"wp:featuredmedia":[{"embeddable":true,"href":"https:\/\/menorcaventura.es\/en\/wp-json\/wp\/v2\/media\/107946"}],"wp:attachment":[{"href":"https:\/\/menorcaventura.es\/en\/wp-json\/wp\/v2\/media?parent=110181"}],"curies":[{"name":"wp","href":"https:\/\/api.w.org\/{rel}","templated":true}]}}