{"id":107173,"date":"2023-03-21T09:51:07","date_gmt":"2023-03-21T09:51:07","guid":{"rendered":"https:\/\/jordil13.sg-host.com\/avis-juridique\/"},"modified":"2024-05-30T09:08:12","modified_gmt":"2024-05-30T09:08:12","slug":"avis-juridique","status":"publish","type":"page","link":"https:\/\/menorcaventura.es\/fr\/avis-juridique\/","title":{"rendered":"Avis juridique"},"content":{"rendered":"<p>[et_pb_section fb_built=\u00a0\u00bb1&Prime; next_background_color=\u00a0\u00bb#000000&Prime; admin_label=\u00a0\u00bbHero\u00a0\u00bb _builder_version=\u00a0\u00bb4.20.2&Prime; custom_padding=\u00a0\u00bb80px|0px|121px|0px|false|false\u00a0\u00bb bottom_divider_style=\u00a0\u00bbarrow\u00a0\u00bb bottom_divider_height=\u00a0\u00bb162px\u00a0\u00bb bottom_divider_height_tablet=\u00a0\u00bb117px\u00a0\u00bb bottom_divider_height_phone=\u00a0\u00bb126px\u00a0\u00bb bottom_divider_height_last_edited=\u00a0\u00bbon|phone\u00a0\u00bb global_colors_info=\u00a0\u00bb{}\u00a0\u00bb da_is_popup=\u00a0\u00bboff\u00a0\u00bb da_exit_intent=\u00a0\u00bboff\u00a0\u00bb da_has_close=\u00a0\u00bbon\u00a0\u00bb da_alt_close=\u00a0\u00bboff\u00a0\u00bb da_dark_close=\u00a0\u00bboff\u00a0\u00bb da_not_modal=\u00a0\u00bbon\u00a0\u00bb da_is_singular=\u00a0\u00bboff\u00a0\u00bb da_with_loader=\u00a0\u00bboff\u00a0\u00bb da_has_shadow=\u00a0\u00bbon\u00a0\u00bb da_disable_devices=\u00a0\u00bboff|off|off\u00a0\u00bb][et_pb_row _builder_version=\u00a0\u00bb4.16&Prime; background_size=\u00a0\u00bbinitial\u00a0\u00bb background_position=\u00a0\u00bbtop_left\u00a0\u00bb background_repeat=\u00a0\u00bbrepeat\u00a0\u00bb max_width=\u00a0\u00bb700px\u00a0\u00bb use_custom_width=\u00a0\u00bbon\u00a0\u00bb custom_width_px=\u00a0\u00bb700px\u00a0\u00bb global_colors_info=\u00a0\u00bb{}\u00a0\u00bb][et_pb_column type=\u00a0\u00bb4_4&Prime; _builder_version=\u00a0\u00bb4.16&Prime; custom_padding=\u00a0\u00bb|||\u00a0\u00bb global_colors_info=\u00a0\u00bb{}\u00a0\u00bb custom_padding__hover=\u00a0\u00bb|||\u00a0\u00bb][et_pb_text _builder_version=\u00a0\u00bb4.20.2&Prime; text_font=\u00a0\u00bbTeko||||||||\u00a0\u00bb text_text_color=\u00a0\u00bb#00A8BE\u00a0\u00bb text_font_size=\u00a0\u00bb26px\u00a0\u00bb text_line_height=\u00a0\u00bb1.2em\u00a0\u00bb ul_font=\u00a0\u00bb||||||||\u00a0\u00bb header_font=\u00a0\u00bbTeko|||on|||||\u00a0\u00bb header_font_size=\u00a0\u00bb96px\u00a0\u00bb header_letter_spacing=\u00a0\u00bb2px\u00a0\u00bb header_line_height=\u00a0\u00bb0.9em\u00a0\u00bb text_orientation=\u00a0\u00bbcenter\u00a0\u00bb custom_margin=\u00a0\u00bb|||\u00a0\u00bb header_font_size_tablet=\u00a0\u00bb66px\u00a0\u00bb header_font_size_phone=\u00a0\u00bb36px\u00a0\u00bb header_font_size_last_edited=\u00a0\u00bbon|phone\u00a0\u00bb global_colors_info=\u00a0\u00bb{}\u00a0\u00bb]<\/p>\n<h1>Avis juridique<\/h1>\n<p>[\/et_pb_text][et_pb_text _builder_version=\u00a0\u00bb4.20.2&Prime; text_font=\u00a0\u00bbLato||||||||\u00a0\u00bb text_font_size=\u00a0\u00bb18px\u00a0\u00bb text_line_height=\u00a0\u00bb1.6em\u00a0\u00bb link_text_color=\u00a0\u00bb#00A8BE\u00a0\u00bb text_font_size_tablet=\u00a0\u00bb18px\u00a0\u00bb text_font_size_phone=\u00a0\u00bb16px\u00a0\u00bb text_font_size_last_edited=\u00a0\u00bbon|desktop\u00a0\u00bb global_colors_info=\u00a0\u00bb{}\u00a0\u00bb]<\/p>\n<p>ACTIVA&rsquo;T GESTIONS 2016 S.L. Vous vous engagez \u00e0 maintenir ce site Web \u00e0 jour et exact. Si, malgr\u00e9 tout, vous trouviez quelque chose d&rsquo;incorrect ou de p\u00e9rim\u00e9, nous vous serions reconnaissants de nous en faire part. Veuillez indiquer o\u00f9 sur le site Web vous avez lu les informations. Ensuite, nous l&rsquo;examinerons d\u00e8s que possible. Veuillez envoyer votre demande par courrier \u00e9lectronique \u00e0:<span><a href=\"mailto:info@menorcaventura.es\">info@menorcaventura.es<\/a><\/span><a href=\"mailto:menorcaventuracalanporter@gmail.com\"><\/a>.<\/p>\n<p>L&rsquo;utilisation du site et de tous ses \u00e9l\u00e9ments (y compris les forums) est soumise \u00e0<span> <\/span><a href=\"https:\/\/menorcaventura.es\/wp-content\/uploads\/2019\/04\/Politica_de_privacidad.pdf\" target=\"_blank\" rel=\"noopener\">conditions g\u00e9n\u00e9rales<\/a>. La simple utilisation de ce site implique la connaissance et l&rsquo;acceptation de ces conditions d&rsquo;utilisation.<\/p>\n<p>ACTIVA&rsquo;T GESTIONS 2016 S.L. Vous devez faire tous les efforts raisonnables pour prot\u00e9ger vos syst\u00e8mes contre toute forme d&rsquo;utilisation ill\u00e9gale. ACTIVA&rsquo;T GESTIONS 2016 S.L. ils appliqueront les mesures techniques et organisationnelles appropri\u00e9es \u00e0 cet effet, en tenant compte, entre autres, de l&rsquo;\u00e9tat actuel de la technique. Cependant, il n&rsquo;est pas responsable des dommages, directs et\/ou indirects, subis par l&rsquo;utilisateur du site Web, qui d\u00e9rivent de l&rsquo;utilisation ill\u00e9gale de leurs syst\u00e8mes par un tiers.<\/p>\n<p>Tous les droits de propri\u00e9t\u00e9 intellectuelle sur le contenu de ce site appartiennent \u00e0 ACTIVA&rsquo;T GESTIONS 2016 S.L..<\/p>\n<p>La copie, la diffusion et toute autre utilisation de ces mat\u00e9riaux ne sont pas autoris\u00e9es sans l&rsquo;autorisation \u00e9crite d&rsquo;ACTIVA&rsquo;T GESTIONS 2016 S.L., sauf et uniquement dans la mesure o\u00f9 il est stipul\u00e9 autrement dans les r\u00e9glementations l\u00e9gales imp\u00e9ratives (comme le droit de citer) , sauf indication contraire du contenu sp\u00e9cifique.<\/p>\n<p>Si vous avez des questions ou des probl\u00e8mes d&rsquo;accessibilit\u00e9 du site, n&rsquo;h\u00e9sitez pas \u00e0 nous contacter.<\/p>\n<p>[\/et_pb_text][\/et_pb_column][\/et_pb_row][\/et_pb_section]<\/p>\n","protected":false},"excerpt":{"rendered":"<p>Avis juridiqueACTIVA&rsquo;T GESTIONS 2016 S.L. Vous vous engagez \u00e0 maintenir ce site Web \u00e0 jour et exact. Si, malgr\u00e9 tout, vous trouviez quelque chose d&rsquo;incorrect ou de p\u00e9rim\u00e9, nous vous serions reconnaissants de nous en faire part. Veuillez indiquer o\u00f9 sur le site Web vous avez lu les informations. Ensuite, nous l&rsquo;examinerons d\u00e8s que possible. [&hellip;]<\/p>\n","protected":false},"author":1,"featured_media":0,"parent":0,"menu_order":0,"comment_status":"closed","ping_status":"closed","template":"","meta":{"_et_pb_use_builder":"on","_et_pb_old_content":"","_et_gb_content_width":"","_joinchat":[],"footnotes":""},"class_list":["post-107173","page","type-page","status-publish","hentry"],"yoast_head":"<!-- This site is optimized with the Yoast SEO plugin v27.0 - https:\/\/yoast.com\/product\/yoast-seo-wordpress\/ -->\n<title>Avis juridique - MENORCAVENTURA<\/title>\n<meta name=\"robots\" content=\"index, follow, max-snippet:-1, max-image-preview:large, max-video-preview:-1\" \/>\n<link rel=\"canonical\" href=\"https:\/\/menorcaventura.es\/fr\/avis-juridique\/\" \/>\n<meta property=\"og:locale\" content=\"fr_FR\" \/>\n<meta property=\"og:type\" content=\"article\" \/>\n<meta property=\"og:title\" content=\"Avis juridique - MENORCAVENTURA\" \/>\n<meta property=\"og:description\" content=\"Avis juridiqueACTIVA&#039;T GESTIONS 2016 S.L. Vous vous engagez \u00e0 maintenir ce site Web \u00e0 jour et exact. Si, malgr\u00e9 tout, vous trouviez quelque chose d&#039;incorrect ou de p\u00e9rim\u00e9, nous vous serions reconnaissants de nous en faire part. Veuillez indiquer o\u00f9 sur le site Web vous avez lu les informations. Ensuite, nous l&#039;examinerons d\u00e8s que possible. [&hellip;]\" \/>\n<meta property=\"og:url\" content=\"https:\/\/menorcaventura.es\/fr\/avis-juridique\/\" \/>\n<meta property=\"og:site_name\" content=\"MENORCAVENTURA\" \/>\n<meta property=\"article:publisher\" content=\"https:\/\/www.facebook.com\/MenorcAventuraCalanPorter\/?fref=ts\" \/>\n<meta property=\"article:modified_time\" content=\"2024-05-30T09:08:12+00:00\" \/>\n<meta property=\"og:image\" content=\"https:\/\/menorcaventura.es\/wp-content\/uploads\/2023\/03\/imagVideoKayacs.webp\" \/>\n\t<meta property=\"og:image:width\" content=\"1920\" \/>\n\t<meta property=\"og:image:height\" content=\"1089\" \/>\n\t<meta property=\"og:image:type\" content=\"image\/webp\" \/>\n<meta name=\"twitter:card\" content=\"summary_large_image\" \/>\n<meta name=\"twitter:label1\" content=\"Dur\u00e9e de lecture estim\u00e9e\" \/>\n\t<meta name=\"twitter:data1\" content=\"3 minutes\" \/>\n<script type=\"application\/ld+json\" class=\"yoast-schema-graph\">{\"@context\":\"https:\/\/schema.org\",\"@graph\":[{\"@type\":\"WebPage\",\"@id\":\"https:\/\/menorcaventura.es\/fr\/avis-juridique\/\",\"url\":\"https:\/\/menorcaventura.es\/fr\/avis-juridique\/\",\"name\":\"Avis juridique - MENORCAVENTURA\",\"isPartOf\":{\"@id\":\"https:\/\/menorcaventura.es\/fr\/#website\"},\"datePublished\":\"2023-03-21T09:51:07+00:00\",\"dateModified\":\"2024-05-30T09:08:12+00:00\",\"breadcrumb\":{\"@id\":\"https:\/\/menorcaventura.es\/fr\/avis-juridique\/#breadcrumb\"},\"inLanguage\":\"fr-FR\",\"potentialAction\":[{\"@type\":\"ReadAction\",\"target\":[\"https:\/\/menorcaventura.es\/fr\/avis-juridique\/\"]}]},{\"@type\":\"BreadcrumbList\",\"@id\":\"https:\/\/menorcaventura.es\/fr\/avis-juridique\/#breadcrumb\",\"itemListElement\":[{\"@type\":\"ListItem\",\"position\":1,\"name\":\"Portada\",\"item\":\"https:\/\/menorcaventura.es\/fr\/\"},{\"@type\":\"ListItem\",\"position\":2,\"name\":\"Avis juridique\"}]},{\"@type\":\"WebSite\",\"@id\":\"https:\/\/menorcaventura.es\/fr\/#website\",\"url\":\"https:\/\/menorcaventura.es\/fr\/\",\"name\":\"MENORCAVENTURA\",\"description\":\"MenorcAventura cuenta con m\u00e1s de diez a\u00f1os de experiencia en actividades n\u00e1uticas y en el medio natural, tales como paseos en barca, rutas y traves\u00edas en kayak, paddle surf, SUPYoga, senderismo, bicicleta de monta\u00f1a, entre otras opciones. Somos especialistas en la gesti\u00f3n de grupos y en la organizaci\u00f3n de experiencias \u201ca medida\u201d.\",\"publisher\":{\"@id\":\"https:\/\/menorcaventura.es\/fr\/#organization\"},\"alternateName\":\"Menorcaventura\",\"potentialAction\":[{\"@type\":\"SearchAction\",\"target\":{\"@type\":\"EntryPoint\",\"urlTemplate\":\"https:\/\/menorcaventura.es\/fr\/?s={search_term_string}\"},\"query-input\":{\"@type\":\"PropertyValueSpecification\",\"valueRequired\":true,\"valueName\":\"search_term_string\"}}],\"inLanguage\":\"fr-FR\"},{\"@type\":\"Organization\",\"@id\":\"https:\/\/menorcaventura.es\/fr\/#organization\",\"name\":\"MENORCAVENTURA\",\"url\":\"https:\/\/menorcaventura.es\/fr\/\",\"logo\":{\"@type\":\"ImageObject\",\"inLanguage\":\"fr-FR\",\"@id\":\"https:\/\/menorcaventura.es\/fr\/#\/schema\/logo\/image\/\",\"url\":\"https:\/\/menorcaventura.es\/wp-content\/uploads\/2023\/05\/menorcavebtura-logo-sinletras.webp\",\"contentUrl\":\"https:\/\/menorcaventura.es\/wp-content\/uploads\/2023\/05\/menorcavebtura-logo-sinletras.webp\",\"width\":250,\"height\":294,\"caption\":\"MENORCAVENTURA\"},\"image\":{\"@id\":\"https:\/\/menorcaventura.es\/fr\/#\/schema\/logo\/image\/\"},\"sameAs\":[\"https:\/\/www.facebook.com\/MenorcAventuraCalanPorter\/?fref=ts\",\"https:\/\/www.instagram.com\/menorcaventura\/\"]}]}<\/script>\n<!-- \/ Yoast SEO plugin. -->","yoast_head_json":{"title":"Avis juridique - MENORCAVENTURA","robots":{"index":"index","follow":"follow","max-snippet":"max-snippet:-1","max-image-preview":"max-image-preview:large","max-video-preview":"max-video-preview:-1"},"canonical":"https:\/\/menorcaventura.es\/fr\/avis-juridique\/","og_locale":"fr_FR","og_type":"article","og_title":"Avis juridique - MENORCAVENTURA","og_description":"Avis juridiqueACTIVA'T GESTIONS 2016 S.L. Vous vous engagez \u00e0 maintenir ce site Web \u00e0 jour et exact. Si, malgr\u00e9 tout, vous trouviez quelque chose d'incorrect ou de p\u00e9rim\u00e9, nous vous serions reconnaissants de nous en faire part. Veuillez indiquer o\u00f9 sur le site Web vous avez lu les informations. Ensuite, nous l'examinerons d\u00e8s que possible. [&hellip;]","og_url":"https:\/\/menorcaventura.es\/fr\/avis-juridique\/","og_site_name":"MENORCAVENTURA","article_publisher":"https:\/\/www.facebook.com\/MenorcAventuraCalanPorter\/?fref=ts","article_modified_time":"2024-05-30T09:08:12+00:00","og_image":[{"width":1920,"height":1089,"url":"https:\/\/menorcaventura.es\/wp-content\/uploads\/2023\/03\/imagVideoKayacs.webp","type":"image\/webp"}],"twitter_card":"summary_large_image","twitter_misc":{"Dur\u00e9e de lecture estim\u00e9e":"3 minutes"},"schema":{"@context":"https:\/\/schema.org","@graph":[{"@type":"WebPage","@id":"https:\/\/menorcaventura.es\/fr\/avis-juridique\/","url":"https:\/\/menorcaventura.es\/fr\/avis-juridique\/","name":"Avis juridique - MENORCAVENTURA","isPartOf":{"@id":"https:\/\/menorcaventura.es\/fr\/#website"},"datePublished":"2023-03-21T09:51:07+00:00","dateModified":"2024-05-30T09:08:12+00:00","breadcrumb":{"@id":"https:\/\/menorcaventura.es\/fr\/avis-juridique\/#breadcrumb"},"inLanguage":"fr-FR","potentialAction":[{"@type":"ReadAction","target":["https:\/\/menorcaventura.es\/fr\/avis-juridique\/"]}]},{"@type":"BreadcrumbList","@id":"https:\/\/menorcaventura.es\/fr\/avis-juridique\/#breadcrumb","itemListElement":[{"@type":"ListItem","position":1,"name":"Portada","item":"https:\/\/menorcaventura.es\/fr\/"},{"@type":"ListItem","position":2,"name":"Avis juridique"}]},{"@type":"WebSite","@id":"https:\/\/menorcaventura.es\/fr\/#website","url":"https:\/\/menorcaventura.es\/fr\/","name":"MENORCAVENTURA","description":"MenorcAventura cuenta con m\u00e1s de diez a\u00f1os de experiencia en actividades n\u00e1uticas y en el medio natural, tales como paseos en barca, rutas y traves\u00edas en kayak, paddle surf, SUPYoga, senderismo, bicicleta de monta\u00f1a, entre otras opciones. Somos especialistas en la gesti\u00f3n de grupos y en la organizaci\u00f3n de experiencias \u201ca medida\u201d.","publisher":{"@id":"https:\/\/menorcaventura.es\/fr\/#organization"},"alternateName":"Menorcaventura","potentialAction":[{"@type":"SearchAction","target":{"@type":"EntryPoint","urlTemplate":"https:\/\/menorcaventura.es\/fr\/?s={search_term_string}"},"query-input":{"@type":"PropertyValueSpecification","valueRequired":true,"valueName":"search_term_string"}}],"inLanguage":"fr-FR"},{"@type":"Organization","@id":"https:\/\/menorcaventura.es\/fr\/#organization","name":"MENORCAVENTURA","url":"https:\/\/menorcaventura.es\/fr\/","logo":{"@type":"ImageObject","inLanguage":"fr-FR","@id":"https:\/\/menorcaventura.es\/fr\/#\/schema\/logo\/image\/","url":"https:\/\/menorcaventura.es\/wp-content\/uploads\/2023\/05\/menorcavebtura-logo-sinletras.webp","contentUrl":"https:\/\/menorcaventura.es\/wp-content\/uploads\/2023\/05\/menorcavebtura-logo-sinletras.webp","width":250,"height":294,"caption":"MENORCAVENTURA"},"image":{"@id":"https:\/\/menorcaventura.es\/fr\/#\/schema\/logo\/image\/"},"sameAs":["https:\/\/www.facebook.com\/MenorcAventuraCalanPorter\/?fref=ts","https:\/\/www.instagram.com\/menorcaventura\/"]}]}},"_links":{"self":[{"href":"https:\/\/menorcaventura.es\/fr\/wp-json\/wp\/v2\/pages\/107173","targetHints":{"allow":["GET"]}}],"collection":[{"href":"https:\/\/menorcaventura.es\/fr\/wp-json\/wp\/v2\/pages"}],"about":[{"href":"https:\/\/menorcaventura.es\/fr\/wp-json\/wp\/v2\/types\/page"}],"author":[{"embeddable":true,"href":"https:\/\/menorcaventura.es\/fr\/wp-json\/wp\/v2\/users\/1"}],"replies":[{"embeddable":true,"href":"https:\/\/menorcaventura.es\/fr\/wp-json\/wp\/v2\/comments?post=107173"}],"version-history":[{"count":4,"href":"https:\/\/menorcaventura.es\/fr\/wp-json\/wp\/v2\/pages\/107173\/revisions"}],"predecessor-version":[{"id":108424,"href":"https:\/\/menorcaventura.es\/fr\/wp-json\/wp\/v2\/pages\/107173\/revisions\/108424"}],"wp:attachment":[{"href":"https:\/\/menorcaventura.es\/fr\/wp-json\/wp\/v2\/media?parent=107173"}],"curies":[{"name":"wp","href":"https:\/\/api.w.org\/{rel}","templated":true}]}}