{"id":107200,"date":"2023-03-21T09:52:09","date_gmt":"2023-03-21T09:52:09","guid":{"rendered":"https:\/\/jordil13.sg-host.com\/politique-dannulation\/"},"modified":"2023-05-24T10:48:14","modified_gmt":"2023-05-24T10:48:14","slug":"politique-dannulation","status":"publish","type":"page","link":"https:\/\/menorcaventura.es\/fr\/politique-dannulation\/","title":{"rendered":"Politique d&rsquo;annulation"},"content":{"rendered":"<p>[et_pb_section fb_built=\u00a0\u00bb1&Prime; next_background_color=\u00a0\u00bb#262626&Prime; admin_label=\u00a0\u00bbHero\u00a0\u00bb _builder_version=\u00a0\u00bb4.20.2&Prime; custom_padding=\u00a0\u00bb80px|0px|121px|0px|false|false\u00a0\u00bb bottom_divider_style=\u00a0\u00bbarrow\u00a0\u00bb bottom_divider_height=\u00a0\u00bb162px\u00a0\u00bb bottom_divider_height_tablet=\u00a0\u00bb117px\u00a0\u00bb bottom_divider_height_phone=\u00a0\u00bb126px\u00a0\u00bb bottom_divider_height_last_edited=\u00a0\u00bbon|phone\u00a0\u00bb global_colors_info=\u00a0\u00bb{}\u00a0\u00bb theme_builder_area=\u00a0\u00bbpost_content\u00a0\u00bb][et_pb_row _builder_version=\u00a0\u00bb4.20.2&Prime; background_size=\u00a0\u00bbinitial\u00a0\u00bb background_position=\u00a0\u00bbtop_left\u00a0\u00bb background_repeat=\u00a0\u00bbrepeat\u00a0\u00bb max_width=\u00a0\u00bb820px\u00a0\u00bb use_custom_width=\u00a0\u00bbon\u00a0\u00bb custom_width_px=\u00a0\u00bb700px\u00a0\u00bb global_colors_info=\u00a0\u00bb{}\u00a0\u00bb theme_builder_area=\u00a0\u00bbpost_content\u00a0\u00bb][et_pb_column type=\u00a0\u00bb4_4&Prime; _builder_version=\u00a0\u00bb4.16&Prime; custom_padding=\u00a0\u00bb|||\u00a0\u00bb global_colors_info=\u00a0\u00bb{}\u00a0\u00bb custom_padding__hover=\u00a0\u00bb|||\u00a0\u00bb theme_builder_area=\u00a0\u00bbpost_content\u00a0\u00bb][et_pb_text _builder_version=\u00a0\u00bb4.20.2&Prime; text_font=\u00a0\u00bbTeko||||||||\u00a0\u00bb text_text_color=\u00a0\u00bb#00A8BE\u00a0\u00bb text_font_size=\u00a0\u00bb26px\u00a0\u00bb text_line_height=\u00a0\u00bb1.2em\u00a0\u00bb ul_font=\u00a0\u00bb||||||||\u00a0\u00bb header_font=\u00a0\u00bbTeko|||on|||||\u00a0\u00bb header_font_size=\u00a0\u00bb96px\u00a0\u00bb header_letter_spacing=\u00a0\u00bb2px\u00a0\u00bb header_line_height=\u00a0\u00bb0.9em\u00a0\u00bb text_orientation=\u00a0\u00bbcenter\u00a0\u00bb custom_margin=\u00a0\u00bb|||\u00a0\u00bb hover_enabled=\u00a0\u00bb0&Prime; header_font_size_tablet=\u00a0\u00bb66px\u00a0\u00bb header_font_size_phone=\u00a0\u00bb36px\u00a0\u00bb header_font_size_last_edited=\u00a0\u00bbon|phone\u00a0\u00bb global_colors_info=\u00a0\u00bb{}\u00a0\u00bb theme_builder_area=\u00a0\u00bbpost_content\u00a0\u00bb sticky_enabled=\u00a0\u00bb0&Prime;]<\/p>\n<h1>Politique d&rsquo;annulation<\/h1>\n<p>[\/et_pb_text][et_pb_text _builder_version=\u00a0\u00bb4.20.2&Prime; text_font=\u00a0\u00bbLato||||||||\u00a0\u00bb text_font_size=\u00a0\u00bb18px\u00a0\u00bb text_line_height=\u00a0\u00bb1.6em\u00a0\u00bb link_text_color=\u00a0\u00bb#00A8BE\u00a0\u00bb header_2_font=\u00a0\u00bbTeko||||||||\u00a0\u00bb header_2_text_color=\u00a0\u00bb#00A8BE\u00a0\u00bb header_2_font_size=\u00a0\u00bb33px\u00a0\u00bb header_2_letter_spacing=\u00a0\u00bb2px\u00a0\u00bb header_2_line_height=\u00a0\u00bb1.3em\u00a0\u00bb header_3_font=\u00a0\u00bbTeko||||||||\u00a0\u00bb header_3_font_size=\u00a0\u00bb23px\u00a0\u00bb max_width=\u00a0\u00bb629px\u00a0\u00bb module_alignment=\u00a0\u00bbcenter\u00a0\u00bb hover_enabled=\u00a0\u00bb0&Prime; text_font_size_tablet=\u00a0\u00bb18px\u00a0\u00bb text_font_size_phone=\u00a0\u00bb16px\u00a0\u00bb text_font_size_last_edited=\u00a0\u00bbon|desktop\u00a0\u00bb header_2_font_size_tablet=\u00a0\u00bb33px\u00a0\u00bb header_2_font_size_phone=\u00a0\u00bb30px\u00a0\u00bb header_2_font_size_last_edited=\u00a0\u00bbon|phone\u00a0\u00bb header_2_line_height_tablet=\u00a0\u00bb1.3em\u00a0\u00bb header_2_line_height_phone=\u00a0\u00bb1.1em\u00a0\u00bb header_2_line_height_last_edited=\u00a0\u00bbon|phone\u00a0\u00bb global_colors_info=\u00a0\u00bb{}\u00a0\u00bb theme_builder_area=\u00a0\u00bbpost_content\u00a0\u00bb sticky_enabled=\u00a0\u00bb0&Prime;]<\/p>\n<h2>Pourquoi r\u00e9server avec nous?<\/h2>\n<p>Notre \u00e9quipe est compos\u00e9e de professionnels du secteur qui travaillent de mani\u00e8re durable et s&rsquo;engagent pour l&rsquo;environnement et notre pr\u00e9cieux environnement naturel, R\u00c9SERVE DE LA BIOSPH\u00c8RE. Vous recevrez un traitement personnalis\u00e9 et proche. Nous voulons vous faire plaisir en vous proposant les meilleures activit\u00e9s de notre \u00eele paradisiaque, en vous \u00e9coutant et en nous adaptant au maximum \u00e0 vos besoins.<\/p>\n<h2>Politique d&rsquo;annulation:<\/h2>\n<p>Avec MenorcAventura, vous pouvez annuler ou modifier votre r\u00e9servation pour des raisons justifi\u00e9es et nous ne facturons pas de frais de gestion. Notre politique est la suivante :<\/p>\n<ul>\n<li>Jusqu&rsquo;\u00e0 7 jours avant vous pouvez annuler avec droit \u00e0 un remboursement \u00e0 100%.<\/li>\n<li>De 7 \u00e0 3 jours avant la r\u00e9servation vous aurez droit \u00e0 un remboursement de 80% du montant total de la r\u00e9servation.<\/li>\n<li>De 24 \u00e0 48 heures avant la r\u00e9servation vous aurez droit \u00e0 un remboursement de 70% du montant total de la r\u00e9servation.<\/li>\n<li>Moins de 24 heures est p\u00e9nalis\u00e9 \u00e0 100% du montant total de la r\u00e9servation.<\/li>\n<\/ul>\n<p>En cas de ne pas pouvoir r\u00e9aliser l&rsquo;activit\u00e9 r\u00e9serv\u00e9e en raison de conditions m\u00e9t\u00e9orologiques ind\u00e9pendantes de la volont\u00e9 des deux parties ou de graves raisons de sant\u00e9 ou familiales, un bon de r\u00e9duction serait g\u00e9n\u00e9r\u00e9 pour le montant pay\u00e9 pour le changement pour la m\u00eame activit\u00e9 ou toute autre que nous proposons. . En cas de devoir l&rsquo;annuler et de ne pas pouvoir en profiter ult\u00e9rieurement pour des raisons justifi\u00e9es, la prestation pourra \u00eatre rembours\u00e9e.<\/p>\n<p>Si vous louez un bateau et que les conditions m\u00e9t\u00e9orologiques affectent l&rsquo;activit\u00e9 une fois qu&rsquo;elle a commenc\u00e9 et pendant la premi\u00e8re heure, le client assumera le co\u00fbt minimum par service, qui est de 60 euros. Le service peut \u00eatre report\u00e9 \u00e0 nouveau sans frais, ou vous aurez droit \u00e0 un remboursement de la diff\u00e9rence.<\/p>\n<p>Dans chacune de nos locations, en cas de retour anticip\u00e9 en raison des conditions m\u00e9t\u00e9orologiques ou de force majeure, il est possible de profiter de la diff\u00e9rence d&rsquo;heures un autre jour avec de meilleures conditions.<\/p>\n<p>L&rsquo;entreprise n&rsquo;assume aucun remboursement en cas de retour \u00e0 tout moment pour des raisons personnelles une fois l&rsquo;activit\u00e9 commenc\u00e9e.<\/p>\n<p>Dans le cas de la location d&rsquo;un itin\u00e9raire en kayak, si les conditions m\u00e9t\u00e9orologiques ne sont pas favorables dans la zone pr\u00e9vue, il est possible de changer le lieu, le jour ou l&rsquo;heure de d\u00e9part. En cas de changement de lieu, le d\u00e9part aurait lieu \u00e0 Cala Mol\u00ed (nord de l&rsquo;\u00eele). Lors de la r\u00e9servation, vous acceptez le changement pour l&rsquo;ex\u00e9cution du service, dans la mesure du possible. Vous en serez inform\u00e9 en temps voulu.<\/p>\n<p><span>MenorcAventura se r\u00e9serve le droit d&rsquo;apporter des modifications ou d&rsquo;annuler toute activit\u00e9 pour toute raison li\u00e9e \u00e0 la pr\u00e9vention et \u00e0 la s\u00e9curit\u00e9.<\/span><\/p>\n<p>[\/et_pb_text][\/et_pb_column][\/et_pb_row][\/et_pb_section]<\/p>\n","protected":false},"excerpt":{"rendered":"<p>Politique d&rsquo;annulationPourquoi r\u00e9server avec nous? Notre \u00e9quipe est compos\u00e9e de professionnels du secteur qui travaillent de mani\u00e8re durable et s&rsquo;engagent pour l&rsquo;environnement et notre pr\u00e9cieux environnement naturel, R\u00c9SERVE DE LA BIOSPH\u00c8RE. Vous recevrez un traitement personnalis\u00e9 et proche. Nous voulons vous faire plaisir en vous proposant les meilleures activit\u00e9s de notre \u00eele paradisiaque, en vous [&hellip;]<\/p>\n","protected":false},"author":1,"featured_media":0,"parent":0,"menu_order":0,"comment_status":"closed","ping_status":"closed","template":"","meta":{"_et_pb_use_builder":"on","_et_pb_old_content":"","_et_gb_content_width":"","_joinchat":[],"footnotes":""},"class_list":["post-107200","page","type-page","status-publish","hentry"],"yoast_head":"<!-- This site is optimized with the Yoast SEO plugin v27.0 - https:\/\/yoast.com\/product\/yoast-seo-wordpress\/ -->\n<title>Politique d&#039;annulation - MENORCAVENTURA<\/title>\n<meta name=\"robots\" content=\"index, follow, max-snippet:-1, max-image-preview:large, max-video-preview:-1\" \/>\n<link rel=\"canonical\" href=\"https:\/\/menorcaventura.es\/fr\/politique-dannulation\/\" \/>\n<meta property=\"og:locale\" content=\"fr_FR\" \/>\n<meta property=\"og:type\" content=\"article\" \/>\n<meta property=\"og:title\" content=\"Politique d&#039;annulation - MENORCAVENTURA\" \/>\n<meta property=\"og:description\" content=\"Politique d&#039;annulationPourquoi r\u00e9server avec nous? Notre \u00e9quipe est compos\u00e9e de professionnels du secteur qui travaillent de mani\u00e8re durable et s&#039;engagent pour l&#039;environnement et notre pr\u00e9cieux environnement naturel, R\u00c9SERVE DE LA BIOSPH\u00c8RE. Vous recevrez un traitement personnalis\u00e9 et proche. Nous voulons vous faire plaisir en vous proposant les meilleures activit\u00e9s de notre \u00eele paradisiaque, en vous [&hellip;]\" \/>\n<meta property=\"og:url\" content=\"https:\/\/menorcaventura.es\/fr\/politique-dannulation\/\" \/>\n<meta property=\"og:site_name\" content=\"MENORCAVENTURA\" \/>\n<meta property=\"article:publisher\" content=\"https:\/\/www.facebook.com\/MenorcAventuraCalanPorter\/?fref=ts\" \/>\n<meta property=\"article:modified_time\" content=\"2023-05-24T10:48:14+00:00\" \/>\n<meta property=\"og:image\" content=\"https:\/\/menorcaventura.es\/wp-content\/uploads\/2023\/03\/imagVideoKayacs.webp\" \/>\n\t<meta property=\"og:image:width\" content=\"1920\" \/>\n\t<meta property=\"og:image:height\" content=\"1089\" \/>\n\t<meta property=\"og:image:type\" content=\"image\/webp\" \/>\n<meta name=\"twitter:card\" content=\"summary_large_image\" \/>\n<meta name=\"twitter:label1\" content=\"Dur\u00e9e de lecture estim\u00e9e\" \/>\n\t<meta name=\"twitter:data1\" content=\"4 minutes\" \/>\n<script type=\"application\/ld+json\" class=\"yoast-schema-graph\">{\"@context\":\"https:\/\/schema.org\",\"@graph\":[{\"@type\":\"WebPage\",\"@id\":\"https:\/\/menorcaventura.es\/fr\/politique-dannulation\/\",\"url\":\"https:\/\/menorcaventura.es\/fr\/politique-dannulation\/\",\"name\":\"Politique d'annulation - MENORCAVENTURA\",\"isPartOf\":{\"@id\":\"https:\/\/menorcaventura.es\/fr\/#website\"},\"datePublished\":\"2023-03-21T09:52:09+00:00\",\"dateModified\":\"2023-05-24T10:48:14+00:00\",\"breadcrumb\":{\"@id\":\"https:\/\/menorcaventura.es\/fr\/politique-dannulation\/#breadcrumb\"},\"inLanguage\":\"fr-FR\",\"potentialAction\":[{\"@type\":\"ReadAction\",\"target\":[\"https:\/\/menorcaventura.es\/fr\/politique-dannulation\/\"]}]},{\"@type\":\"BreadcrumbList\",\"@id\":\"https:\/\/menorcaventura.es\/fr\/politique-dannulation\/#breadcrumb\",\"itemListElement\":[{\"@type\":\"ListItem\",\"position\":1,\"name\":\"Portada\",\"item\":\"https:\/\/menorcaventura.es\/fr\/\"},{\"@type\":\"ListItem\",\"position\":2,\"name\":\"Politique d&#8217;annulation\"}]},{\"@type\":\"WebSite\",\"@id\":\"https:\/\/menorcaventura.es\/fr\/#website\",\"url\":\"https:\/\/menorcaventura.es\/fr\/\",\"name\":\"MENORCAVENTURA\",\"description\":\"MenorcAventura cuenta con m\u00e1s de diez a\u00f1os de experiencia en actividades n\u00e1uticas y en el medio natural, tales como paseos en barca, rutas y traves\u00edas en kayak, paddle surf, SUPYoga, senderismo, bicicleta de monta\u00f1a, entre otras opciones. Somos especialistas en la gesti\u00f3n de grupos y en la organizaci\u00f3n de experiencias \u201ca medida\u201d.\",\"publisher\":{\"@id\":\"https:\/\/menorcaventura.es\/fr\/#organization\"},\"alternateName\":\"Menorcaventura\",\"potentialAction\":[{\"@type\":\"SearchAction\",\"target\":{\"@type\":\"EntryPoint\",\"urlTemplate\":\"https:\/\/menorcaventura.es\/fr\/?s={search_term_string}\"},\"query-input\":{\"@type\":\"PropertyValueSpecification\",\"valueRequired\":true,\"valueName\":\"search_term_string\"}}],\"inLanguage\":\"fr-FR\"},{\"@type\":\"Organization\",\"@id\":\"https:\/\/menorcaventura.es\/fr\/#organization\",\"name\":\"MENORCAVENTURA\",\"url\":\"https:\/\/menorcaventura.es\/fr\/\",\"logo\":{\"@type\":\"ImageObject\",\"inLanguage\":\"fr-FR\",\"@id\":\"https:\/\/menorcaventura.es\/fr\/#\/schema\/logo\/image\/\",\"url\":\"https:\/\/menorcaventura.es\/wp-content\/uploads\/2023\/05\/menorcavebtura-logo-sinletras.webp\",\"contentUrl\":\"https:\/\/menorcaventura.es\/wp-content\/uploads\/2023\/05\/menorcavebtura-logo-sinletras.webp\",\"width\":250,\"height\":294,\"caption\":\"MENORCAVENTURA\"},\"image\":{\"@id\":\"https:\/\/menorcaventura.es\/fr\/#\/schema\/logo\/image\/\"},\"sameAs\":[\"https:\/\/www.facebook.com\/MenorcAventuraCalanPorter\/?fref=ts\",\"https:\/\/www.instagram.com\/menorcaventura\/\"]}]}<\/script>\n<!-- \/ Yoast SEO plugin. -->","yoast_head_json":{"title":"Politique d'annulation - MENORCAVENTURA","robots":{"index":"index","follow":"follow","max-snippet":"max-snippet:-1","max-image-preview":"max-image-preview:large","max-video-preview":"max-video-preview:-1"},"canonical":"https:\/\/menorcaventura.es\/fr\/politique-dannulation\/","og_locale":"fr_FR","og_type":"article","og_title":"Politique d'annulation - MENORCAVENTURA","og_description":"Politique d'annulationPourquoi r\u00e9server avec nous? Notre \u00e9quipe est compos\u00e9e de professionnels du secteur qui travaillent de mani\u00e8re durable et s'engagent pour l'environnement et notre pr\u00e9cieux environnement naturel, R\u00c9SERVE DE LA BIOSPH\u00c8RE. Vous recevrez un traitement personnalis\u00e9 et proche. Nous voulons vous faire plaisir en vous proposant les meilleures activit\u00e9s de notre \u00eele paradisiaque, en vous [&hellip;]","og_url":"https:\/\/menorcaventura.es\/fr\/politique-dannulation\/","og_site_name":"MENORCAVENTURA","article_publisher":"https:\/\/www.facebook.com\/MenorcAventuraCalanPorter\/?fref=ts","article_modified_time":"2023-05-24T10:48:14+00:00","og_image":[{"width":1920,"height":1089,"url":"https:\/\/menorcaventura.es\/wp-content\/uploads\/2023\/03\/imagVideoKayacs.webp","type":"image\/webp"}],"twitter_card":"summary_large_image","twitter_misc":{"Dur\u00e9e de lecture estim\u00e9e":"4 minutes"},"schema":{"@context":"https:\/\/schema.org","@graph":[{"@type":"WebPage","@id":"https:\/\/menorcaventura.es\/fr\/politique-dannulation\/","url":"https:\/\/menorcaventura.es\/fr\/politique-dannulation\/","name":"Politique d'annulation - MENORCAVENTURA","isPartOf":{"@id":"https:\/\/menorcaventura.es\/fr\/#website"},"datePublished":"2023-03-21T09:52:09+00:00","dateModified":"2023-05-24T10:48:14+00:00","breadcrumb":{"@id":"https:\/\/menorcaventura.es\/fr\/politique-dannulation\/#breadcrumb"},"inLanguage":"fr-FR","potentialAction":[{"@type":"ReadAction","target":["https:\/\/menorcaventura.es\/fr\/politique-dannulation\/"]}]},{"@type":"BreadcrumbList","@id":"https:\/\/menorcaventura.es\/fr\/politique-dannulation\/#breadcrumb","itemListElement":[{"@type":"ListItem","position":1,"name":"Portada","item":"https:\/\/menorcaventura.es\/fr\/"},{"@type":"ListItem","position":2,"name":"Politique d&#8217;annulation"}]},{"@type":"WebSite","@id":"https:\/\/menorcaventura.es\/fr\/#website","url":"https:\/\/menorcaventura.es\/fr\/","name":"MENORCAVENTURA","description":"MenorcAventura cuenta con m\u00e1s de diez a\u00f1os de experiencia en actividades n\u00e1uticas y en el medio natural, tales como paseos en barca, rutas y traves\u00edas en kayak, paddle surf, SUPYoga, senderismo, bicicleta de monta\u00f1a, entre otras opciones. Somos especialistas en la gesti\u00f3n de grupos y en la organizaci\u00f3n de experiencias \u201ca medida\u201d.","publisher":{"@id":"https:\/\/menorcaventura.es\/fr\/#organization"},"alternateName":"Menorcaventura","potentialAction":[{"@type":"SearchAction","target":{"@type":"EntryPoint","urlTemplate":"https:\/\/menorcaventura.es\/fr\/?s={search_term_string}"},"query-input":{"@type":"PropertyValueSpecification","valueRequired":true,"valueName":"search_term_string"}}],"inLanguage":"fr-FR"},{"@type":"Organization","@id":"https:\/\/menorcaventura.es\/fr\/#organization","name":"MENORCAVENTURA","url":"https:\/\/menorcaventura.es\/fr\/","logo":{"@type":"ImageObject","inLanguage":"fr-FR","@id":"https:\/\/menorcaventura.es\/fr\/#\/schema\/logo\/image\/","url":"https:\/\/menorcaventura.es\/wp-content\/uploads\/2023\/05\/menorcavebtura-logo-sinletras.webp","contentUrl":"https:\/\/menorcaventura.es\/wp-content\/uploads\/2023\/05\/menorcavebtura-logo-sinletras.webp","width":250,"height":294,"caption":"MENORCAVENTURA"},"image":{"@id":"https:\/\/menorcaventura.es\/fr\/#\/schema\/logo\/image\/"},"sameAs":["https:\/\/www.facebook.com\/MenorcAventuraCalanPorter\/?fref=ts","https:\/\/www.instagram.com\/menorcaventura\/"]}]}},"_links":{"self":[{"href":"https:\/\/menorcaventura.es\/fr\/wp-json\/wp\/v2\/pages\/107200","targetHints":{"allow":["GET"]}}],"collection":[{"href":"https:\/\/menorcaventura.es\/fr\/wp-json\/wp\/v2\/pages"}],"about":[{"href":"https:\/\/menorcaventura.es\/fr\/wp-json\/wp\/v2\/types\/page"}],"author":[{"embeddable":true,"href":"https:\/\/menorcaventura.es\/fr\/wp-json\/wp\/v2\/users\/1"}],"replies":[{"embeddable":true,"href":"https:\/\/menorcaventura.es\/fr\/wp-json\/wp\/v2\/comments?post=107200"}],"version-history":[{"count":2,"href":"https:\/\/menorcaventura.es\/fr\/wp-json\/wp\/v2\/pages\/107200\/revisions"}],"predecessor-version":[{"id":107202,"href":"https:\/\/menorcaventura.es\/fr\/wp-json\/wp\/v2\/pages\/107200\/revisions\/107202"}],"wp:attachment":[{"href":"https:\/\/menorcaventura.es\/fr\/wp-json\/wp\/v2\/media?parent=107200"}],"curies":[{"name":"wp","href":"https:\/\/api.w.org\/{rel}","templated":true}]}}