{"id":107203,"date":"2023-03-21T09:50:26","date_gmt":"2023-03-21T09:50:26","guid":{"rendered":"https:\/\/jordil13.sg-host.com\/politique-de-confidentialite\/"},"modified":"2024-05-30T10:13:25","modified_gmt":"2024-05-30T10:13:25","slug":"politique-de-confidentialite","status":"publish","type":"page","link":"https:\/\/menorcaventura.es\/fr\/politique-de-confidentialite\/","title":{"rendered":"Politique de confidentialit\u00e9"},"content":{"rendered":"<p>[et_pb_section fb_built=\u00a0\u00bb1&Prime; next_background_color=\u00a0\u00bb#000000&Prime; admin_label=\u00a0\u00bbHero\u00a0\u00bb _builder_version=\u00a0\u00bb4.20.2&Prime; custom_padding=\u00a0\u00bb80px|0px|121px|0px|false|false\u00a0\u00bb bottom_divider_style=\u00a0\u00bbarrow\u00a0\u00bb bottom_divider_height=\u00a0\u00bb162px\u00a0\u00bb bottom_divider_height_tablet=\u00a0\u00bb117px\u00a0\u00bb bottom_divider_height_phone=\u00a0\u00bb126px\u00a0\u00bb bottom_divider_height_last_edited=\u00a0\u00bbon|phone\u00a0\u00bb da_disable_devices=\u00a0\u00bboff|off|off\u00a0\u00bb global_colors_info=\u00a0\u00bb{}\u00a0\u00bb da_is_popup=\u00a0\u00bboff\u00a0\u00bb da_exit_intent=\u00a0\u00bboff\u00a0\u00bb da_has_close=\u00a0\u00bbon\u00a0\u00bb da_alt_close=\u00a0\u00bboff\u00a0\u00bb da_dark_close=\u00a0\u00bboff\u00a0\u00bb da_not_modal=\u00a0\u00bbon\u00a0\u00bb da_is_singular=\u00a0\u00bboff\u00a0\u00bb da_with_loader=\u00a0\u00bboff\u00a0\u00bb da_has_shadow=\u00a0\u00bbon\u00a0\u00bb][et_pb_row _builder_version=\u00a0\u00bb4.20.2&Prime; background_size=\u00a0\u00bbinitial\u00a0\u00bb background_position=\u00a0\u00bbtop_left\u00a0\u00bb background_repeat=\u00a0\u00bbrepeat\u00a0\u00bb max_width=\u00a0\u00bb820px\u00a0\u00bb use_custom_width=\u00a0\u00bbon\u00a0\u00bb custom_width_px=\u00a0\u00bb700px\u00a0\u00bb global_colors_info=\u00a0\u00bb{}\u00a0\u00bb][et_pb_column type=\u00a0\u00bb4_4&Prime; _builder_version=\u00a0\u00bb4.16&Prime; custom_padding=\u00a0\u00bb|||\u00a0\u00bb global_colors_info=\u00a0\u00bb{}\u00a0\u00bb custom_padding__hover=\u00a0\u00bb|||\u00a0\u00bb][et_pb_text _builder_version=\u00a0\u00bb4.20.2&Prime; text_font=\u00a0\u00bbTeko||||||||\u00a0\u00bb text_text_color=\u00a0\u00bb#00A8BE\u00a0\u00bb text_font_size=\u00a0\u00bb26px\u00a0\u00bb text_line_height=\u00a0\u00bb1.2em\u00a0\u00bb ul_font=\u00a0\u00bb||||||||\u00a0\u00bb header_font=\u00a0\u00bbTeko|||on|||||\u00a0\u00bb header_font_size=\u00a0\u00bb96px\u00a0\u00bb header_letter_spacing=\u00a0\u00bb2px\u00a0\u00bb header_line_height=\u00a0\u00bb0.9em\u00a0\u00bb text_orientation=\u00a0\u00bbcenter\u00a0\u00bb custom_margin=\u00a0\u00bb|||\u00a0\u00bb header_font_size_tablet=\u00a0\u00bb66px\u00a0\u00bb header_font_size_phone=\u00a0\u00bb36px\u00a0\u00bb header_font_size_last_edited=\u00a0\u00bbon|phone\u00a0\u00bb global_colors_info=\u00a0\u00bb{}\u00a0\u00bb]<\/p>\n<h1>Politique de confidentialit\u00e9<\/h1>\n<p>[\/et_pb_text][et_pb_text _builder_version=\u00a0\u00bb4.20.2&Prime; text_font=\u00a0\u00bbLato||||||||\u00a0\u00bb text_font_size=\u00a0\u00bb18px\u00a0\u00bb text_line_height=\u00a0\u00bb1.6em\u00a0\u00bb link_text_color=\u00a0\u00bb#00A8BE\u00a0\u00bb header_2_font=\u00a0\u00bbTeko||||||||\u00a0\u00bb header_2_text_color=\u00a0\u00bb#00A8BE\u00a0\u00bb header_2_font_size=\u00a0\u00bb33px\u00a0\u00bb header_2_letter_spacing=\u00a0\u00bb2px\u00a0\u00bb header_2_line_height=\u00a0\u00bb1.3em\u00a0\u00bb header_3_font=\u00a0\u00bbTeko||||||||\u00a0\u00bb header_3_font_size=\u00a0\u00bb23px\u00a0\u00bb max_width=\u00a0\u00bb629px\u00a0\u00bb module_alignment=\u00a0\u00bbcenter\u00a0\u00bb text_font_size_tablet=\u00a0\u00bb18px\u00a0\u00bb text_font_size_phone=\u00a0\u00bb16px\u00a0\u00bb text_font_size_last_edited=\u00a0\u00bbon|desktop\u00a0\u00bb header_2_font_size_tablet=\u00a0\u00bb33px\u00a0\u00bb header_2_font_size_phone=\u00a0\u00bb30px\u00a0\u00bb header_2_font_size_last_edited=\u00a0\u00bbon|phone\u00a0\u00bb header_2_line_height_tablet=\u00a0\u00bb1.3em\u00a0\u00bb header_2_line_height_phone=\u00a0\u00bb1.1em\u00a0\u00bb header_2_line_height_last_edited=\u00a0\u00bbon|phone\u00a0\u00bb global_colors_info=\u00a0\u00bb{}\u00a0\u00bb]<\/p>\n<p><i>Cette politique de confidentialit\u00e9 a \u00e9t\u00e9 mise \u00e0 jour pour la derni\u00e8re fois le 05\/08\/2021 et s&rsquo;applique aux citoyens de l&rsquo;Espace \u00e9conomique europ\u00e9en (UE).<\/i><\/p>\n<p>Dans cette d\u00e9claration de confidentialit\u00e9, nous expliquons ce que nous faisons des donn\u00e9es que nous obtenons \u00e0 votre sujet via <a href=\"https:\/\/menorcaventura.es\/fr\/\">https:\/\/menorcaventura.es.<\/a> Nous vous recommandons de lire attentivement cette d\u00e9claration. Dans notre traitement, nous nous conformons aux exigences de la l\u00e9gislation sur la confidentialit\u00e9. Ce qui signifie, entre autres, que :<\/p>\n<ul>\n<li>nous indiquons clairement les finalit\u00e9s pour lesquelles nous traitons les donn\u00e9es personnelles. Nous le faisons au moyen de cette d\u00e9claration de confidentialit\u00e9.<\/li>\n<li>notre objectif est de limiter notre collecte de donn\u00e9es personnelles aux donn\u00e9es personnelles n\u00e9cessaires \u00e0 des fins l\u00e9gitimes.<\/li>\n<li>Tout d&rsquo;abord, nous demandons votre consentement explicite pour le traitement de vos donn\u00e9es personnelles dans les cas o\u00f9 cela est n\u00e9cessaire.<\/li>\n<li>nous prenons des mesures de s\u00e9curit\u00e9 appropri\u00e9es pour prot\u00e9ger vos donn\u00e9es personnelles et exigeons \u00e9galement cela des parties qui traitent des donn\u00e9es personnelles en notre nom ;<\/li>\n<li>Nous respectons votre droit d&rsquo;acc\u00e8s, de rectification ou d&rsquo;annulation de vos donn\u00e9es personnelles sur demande.<\/li>\n<\/ul>\n<p>Si vous avez des questions ou souhaitez savoir exactement quelles donn\u00e9es nous stockons \u00e0 votre sujet, veuillez nous contacter.<\/p>\n<h2>1. Finalit\u00e9, donn\u00e9es et dur\u00e9e de conservation<\/h2>\n<h3>1.1 Contact &#8211; Par t\u00e9l\u00e9phone, courrier, email et\/ou formulaires sur le site<\/h3>\n<p class=\"cmplz-subtitle\">Pour cela, nous utilisons les donn\u00e9es suivantes :<\/p>\n<ul>\n<li>Nom, adresses et ville<\/li>\n<li>Adresse de courrier \u00e9lectronique<\/li>\n<\/ul>\n<p class=\"cmplz-subtitle\">La base sur laquelle nous pouvons traiter ces donn\u00e9es est :<\/p>\n<p><a href=\"https:\/\/cookiedatabase.org\/legal-bases\/#agreement\" target=\"_blank\" rel=\"noopener noreferrer nofollow\">Ex\u00e9cution d&rsquo;un accord<\/a><\/p>\n<p class=\"cmplz-subtitle\">Dur\u00e9e de conservation<\/p>\n<p>Nous conserverons ces donn\u00e9es jusqu&rsquo;\u00e0 l&rsquo;annulation du service.<\/p>\n<h3>1.2 Paiements<\/h3>\n<p class=\"cmplz-subtitle\">Pour cela, nous utilisons les donn\u00e9es suivantes :<\/p>\n<ul>\n<li>Nom, adresses et ville<\/li>\n<li>Adresse de courrier \u00e9lectronique<\/li>\n<li>Donn\u00e9es financi\u00e8res<\/li>\n<\/ul>\n<p class=\"cmplz-subtitle\">La base sur laquelle nous pouvons traiter ces donn\u00e9es est :<\/p>\n<p><a href=\"https:\/\/cookiedatabase.org\/legal-bases\/#agreement\" target=\"_blank\" rel=\"noopener noreferrer nofollow\">Ex\u00e9cution d&rsquo;un accord<\/a><\/p>\n<p class=\"cmplz-subtitle\">Dur\u00e9e de conservation<\/p>\n<p>Nous conserverons ces donn\u00e9es jusqu&rsquo;\u00e0 l&rsquo;annulation du service.<\/p>\n<h3>1.3 Pour prendre en charge des services ou des produits qu&rsquo;un client souhaite acheter ou a achet\u00e9s<\/h3>\n<p class=\"cmplz-subtitle\">Pour cela, nous utilisons les donn\u00e9es suivantes :<\/p>\n<ul>\n<li>Nom, adresses et ville<\/li>\n<li>Adresse de courrier \u00e9lectronique<\/li>\n<li>Date de naissance<\/li>\n<li>Emplacement<\/li>\n<\/ul>\n<p class=\"cmplz-subtitle\">La base sur laquelle nous pouvons traiter ces donn\u00e9es est :<\/p>\n<p><a href=\"https:\/\/cookiedatabase.org\/legal-bases\/#agreement\" target=\"_blank\" rel=\"noopener noreferrer nofollow\">Ex\u00e9cution d&rsquo;un accord<\/a><\/p>\n<p class=\"cmplz-subtitle\">Dur\u00e9e de conservation<\/p>\n<p>Nous conserverons ces donn\u00e9es jusqu&rsquo;\u00e0 l&rsquo;annulation du service.<\/p>\n<h2>2. Cookies<\/h2>\n<p>Notre site Web utilise des cookies. Pour plus d&rsquo;informations sur les cookies, veuillez consulter notre D\u00e9claration de <a href=\"\/?page_id=4645\">politique relative aux cookies<\/a>. Nous avons un accord de traitement des donn\u00e9es avec Google. Google ne peut pas utiliser ces donn\u00e9es pour d&rsquo;autres services Google.<\/p>\n<h2>3. S\u00e9curit\u00e9<\/h2>\n<p>Nous nous engageons sur la s\u00e9curit\u00e9 des donn\u00e9es personnelles. Nous prenons les mesures de s\u00e9curit\u00e9 appropri\u00e9es pour limiter les abus et l&rsquo;acc\u00e8s non autoris\u00e9 aux donn\u00e9es personnelles. Cela garantit que seules les personnes n\u00e9cessaires ont acc\u00e8s \u00e0 vos donn\u00e9es, que l&rsquo;acc\u00e8s aux donn\u00e9es est prot\u00e9g\u00e9 et que nos mesures de s\u00e9curit\u00e9 sont r\u00e9guli\u00e8rement revues.<\/p>\n<h2>4. Sites Web tiers<\/h2>\n<p>Cette d\u00e9claration de confidentialit\u00e9 ne s&rsquo;applique pas aux sites Web tiers connect\u00e9s via des liens sur notre site Web. Nous ne pouvons garantir que ces tiers traiteront vos donn\u00e9es personnelles de mani\u00e8re fiable ou s\u00e9curis\u00e9e. Nous vous recommandons de lire les d\u00e9clarations de confidentialit\u00e9 de ces sites Web avant de les utiliser.<\/p>\n<h2>5. Confidentialit\u00e9 et r\u00e9f\u00e9rence \u00e0 la d\u00e9claration de confidentialit\u00e9<\/h2>\n<p>Nous nous r\u00e9servons le droit de modifier cette d\u00e9claration de confidentialit\u00e9. Il est recommand\u00e9 de v\u00e9rifier r\u00e9guli\u00e8rement cette d\u00e9claration de confidentialit\u00e9 pour \u00eatre au courant de tout changement. De plus, nous vous informerons activement dans la mesure du possible.<\/p>\n<h2>6. Acc\u00e8s et modification de vos donn\u00e9es<\/h2>\n<p>Si vous avez des questions ou souhaitez savoir quelles donn\u00e9es personnelles nous d\u00e9tenons \u00e0 votre sujet, veuillez nous contacter. Vous pouvez nous contacter en utilisant les informations ci-dessous. Vous disposez des droits suivants :<\/p>\n<ul>\n<li>Vous avez le droit de savoir pourquoi vos donn\u00e9es personnelles sont n\u00e9cessaires, ce qu&rsquo;il en adviendra et pendant combien de temps elles seront conserv\u00e9es.<\/li>\n<li>Droit d&rsquo;acc\u00e8s : Vous avez le droit d&rsquo;acc\u00e9der aux donn\u00e9es personnelles que nous connaissons sur vous.<\/li>\n<li>Droit de rectification : vous avez le droit de compl\u00e9ter, rectifier, supprimer ou bloquer vos donn\u00e9es personnelles quand vous le souhaitez.<\/li>\n<li>Si vous nous donnez votre consentement au traitement de vos donn\u00e9es, vous avez le droit de r\u00e9voquer ce consentement et de faire supprimer vos donn\u00e9es personnelles.<\/li>\n<li>Droit de transf\u00e9rer vos donn\u00e9es : vous avez le droit de demander toutes vos donn\u00e9es personnelles au responsable du traitement et de les transf\u00e9rer dans leur int\u00e9gralit\u00e9 \u00e0 un autre responsable du traitement.<\/li>\n<li>Droit d&rsquo;opposition : vous pouvez vous opposer au traitement de vos donn\u00e9es. Nous nous y conformons, sauf s&rsquo;il existe des motifs justifi\u00e9s pour le traitement.<\/li>\n<\/ul>\n<p>Veuillez vous assurer que vous indiquez toujours clairement qui vous \u00eates, afin que nous puissions \u00eatre s\u00fbrs de ne pas modifier ou supprimer les donn\u00e9es de la mauvaise personne.<\/p>\n<h2>7. D\u00e9poser une r\u00e9clamation<\/h2>\n<p>Si vous n&rsquo;\u00eates pas satisfait de la mani\u00e8re dont nous traitons ou traitons vos donn\u00e9es personnelles, vous avez le droit de d\u00e9poser une plainte aupr\u00e8s de l&rsquo;Autorit\u00e9 de protection des donn\u00e9es.<\/p>\n<h2>8. Coordonn\u00e9es<\/h2>\n<p>ACTIVA&rsquo;T GESTIONS 2016 S.L.<br \/>Av. Central, 99 Cala En Porter<br \/>07730 ALAIOR<br \/>Espa\u00f1a<br \/>Site Web : <a href=\"https:\/\/menorcaventura.es\/fr\/\">https:\/\/menorcaventura.es<\/a><br \/>E-mail: <a href=\"mailto:info@menorcaventura.es\">info@menorcaventura.es<\/a><\/p>\n<p>[\/et_pb_text][\/et_pb_column][\/et_pb_row][\/et_pb_section][et_pb_section fb_built=\u00a0\u00bb1&Prime; theme_builder_area=\u00a0\u00bbpost_content\u00a0\u00bb _builder_version=\u00a0\u00bb4.24.0&Prime; _module_preset=\u00a0\u00bbdefault\u00a0\u00bb da_is_popup=\u00a0\u00bboff\u00a0\u00bb da_exit_intent=\u00a0\u00bboff\u00a0\u00bb da_has_close=\u00a0\u00bbon\u00a0\u00bb da_alt_close=\u00a0\u00bboff\u00a0\u00bb da_dark_close=\u00a0\u00bboff\u00a0\u00bb da_not_modal=\u00a0\u00bbon\u00a0\u00bb da_is_singular=\u00a0\u00bboff\u00a0\u00bb da_with_loader=\u00a0\u00bboff\u00a0\u00bb da_has_shadow=\u00a0\u00bbon\u00a0\u00bb da_disable_devices=\u00a0\u00bboff|off|off\u00a0\u00bb][et_pb_row _builder_version=\u00a0\u00bb4.24.0&Prime; _module_preset=\u00a0\u00bbdefault\u00a0\u00bb column_structure=\u00a0\u00bb1_2,1_2&Prime; theme_builder_area=\u00a0\u00bbpost_content\u00a0\u00bb][et_pb_column _builder_version=\u00a0\u00bb4.24.0&Prime; _module_preset=\u00a0\u00bbdefault\u00a0\u00bb type=\u00a0\u00bb1_2&Prime; theme_builder_area=\u00a0\u00bbpost_content\u00a0\u00bb][et_pb_button button_text=\u00a0\u00bbT\u00c9L\u00c9CHARGER LE CONTRAT DE LOCATION DE KAYAKS-SUP-BICI\u00a0\u00bb _builder_version=\u00a0\u00bb4.24.0&Prime; _module_preset=\u00a0\u00bbdefault\u00a0\u00bb theme_builder_area=\u00a0\u00bbpost_content\u00a0\u00bb hover_enabled=\u00a0\u00bb0&Prime; sticky_enabled=\u00a0\u00bb0&Prime; button_url=\u00a0\u00bbhttps:\/\/menorcaventura.es\/wp-content\/uploads\/2024\/05\/CONTRATO-ALQUILER-KAYAKS-SUP-BICI-AQUA.odt\u00a0\u00bb url_new_window=\u00a0\u00bbon\u00a0\u00bb][\/et_pb_button][\/et_pb_column][et_pb_column _builder_version=\u00a0\u00bb4.24.0&Prime; _module_preset=\u00a0\u00bbdefault\u00a0\u00bb type=\u00a0\u00bb1_2&Prime; theme_builder_area=\u00a0\u00bbpost_content\u00a0\u00bb][et_pb_button button_text=\u00a0\u00bbT\u00c9L\u00c9CHARGER CONTRAT ITIN\u00c9RAIRE GROTTES 2024.\u00a0\u00bb _builder_version=\u00a0\u00bb4.24.0&Prime; _module_preset=\u00a0\u00bbdefault\u00a0\u00bb theme_builder_area=\u00a0\u00bbpost_content\u00a0\u00bb hover_enabled=\u00a0\u00bb0&Prime; sticky_enabled=\u00a0\u00bb0&Prime; button_url=\u00a0\u00bbhttps:\/\/menorcaventura.es\/wp-content\/uploads\/2024\/05\/CONTRATO-RUTA-CUEVAS-2024.odt\u00a0\u00bb url_new_window=\u00a0\u00bbon\u00a0\u00bb][\/et_pb_button][\/et_pb_column][\/et_pb_row][\/et_pb_section]<\/p>\n","protected":false},"excerpt":{"rendered":"<p>Politique de confidentialit\u00e9Cette politique de confidentialit\u00e9 a \u00e9t\u00e9 mise \u00e0 jour pour la derni\u00e8re fois le 05\/08\/2021 et s&rsquo;applique aux citoyens de l&rsquo;Espace \u00e9conomique europ\u00e9en (UE). Dans cette d\u00e9claration de confidentialit\u00e9, nous expliquons ce que nous faisons des donn\u00e9es que nous obtenons \u00e0 votre sujet via https:\/\/menorcaventura.es. Nous vous recommandons de lire attentivement cette d\u00e9claration. [&hellip;]<\/p>\n","protected":false},"author":1,"featured_media":0,"parent":0,"menu_order":0,"comment_status":"closed","ping_status":"closed","template":"","meta":{"_et_pb_use_builder":"on","_et_pb_old_content":"","_et_gb_content_width":"","_joinchat":[],"footnotes":""},"class_list":["post-107203","page","type-page","status-publish","hentry"],"yoast_head":"<!-- This site is optimized with the Yoast SEO plugin v27.0 - https:\/\/yoast.com\/product\/yoast-seo-wordpress\/ -->\n<title>Politique de confidentialit\u00e9 - MENORCAVENTURA<\/title>\n<meta name=\"robots\" content=\"index, follow, max-snippet:-1, max-image-preview:large, max-video-preview:-1\" \/>\n<link rel=\"canonical\" href=\"https:\/\/menorcaventura.es\/fr\/politique-de-confidentialite\/\" \/>\n<meta property=\"og:locale\" content=\"fr_FR\" \/>\n<meta property=\"og:type\" content=\"article\" \/>\n<meta property=\"og:title\" content=\"Politique de confidentialit\u00e9 - MENORCAVENTURA\" \/>\n<meta property=\"og:description\" content=\"Politique de confidentialit\u00e9Cette politique de confidentialit\u00e9 a \u00e9t\u00e9 mise \u00e0 jour pour la derni\u00e8re fois le 05\/08\/2021 et s&#039;applique aux citoyens de l&#039;Espace \u00e9conomique europ\u00e9en (UE). Dans cette d\u00e9claration de confidentialit\u00e9, nous expliquons ce que nous faisons des donn\u00e9es que nous obtenons \u00e0 votre sujet via https:\/\/menorcaventura.es. Nous vous recommandons de lire attentivement cette d\u00e9claration. [&hellip;]\" \/>\n<meta property=\"og:url\" content=\"https:\/\/menorcaventura.es\/fr\/politique-de-confidentialite\/\" \/>\n<meta property=\"og:site_name\" content=\"MENORCAVENTURA\" \/>\n<meta property=\"article:publisher\" content=\"https:\/\/www.facebook.com\/MenorcAventuraCalanPorter\/?fref=ts\" \/>\n<meta property=\"article:modified_time\" content=\"2024-05-30T10:13:25+00:00\" \/>\n<meta property=\"og:image\" content=\"https:\/\/menorcaventura.es\/wp-content\/uploads\/2023\/03\/imagVideoKayacs.webp\" \/>\n\t<meta property=\"og:image:width\" content=\"1920\" \/>\n\t<meta property=\"og:image:height\" content=\"1089\" \/>\n\t<meta property=\"og:image:type\" content=\"image\/webp\" \/>\n<meta name=\"twitter:card\" content=\"summary_large_image\" \/>\n<meta name=\"twitter:label1\" content=\"Dur\u00e9e de lecture estim\u00e9e\" \/>\n\t<meta name=\"twitter:data1\" content=\"7 minutes\" \/>\n<script type=\"application\/ld+json\" class=\"yoast-schema-graph\">{\"@context\":\"https:\/\/schema.org\",\"@graph\":[{\"@type\":\"WebPage\",\"@id\":\"https:\/\/menorcaventura.es\/fr\/politique-de-confidentialite\/\",\"url\":\"https:\/\/menorcaventura.es\/fr\/politique-de-confidentialite\/\",\"name\":\"Politique de confidentialit\u00e9 - MENORCAVENTURA\",\"isPartOf\":{\"@id\":\"https:\/\/menorcaventura.es\/fr\/#website\"},\"datePublished\":\"2023-03-21T09:50:26+00:00\",\"dateModified\":\"2024-05-30T10:13:25+00:00\",\"breadcrumb\":{\"@id\":\"https:\/\/menorcaventura.es\/fr\/politique-de-confidentialite\/#breadcrumb\"},\"inLanguage\":\"fr-FR\",\"potentialAction\":[{\"@type\":\"ReadAction\",\"target\":[\"https:\/\/menorcaventura.es\/fr\/politique-de-confidentialite\/\"]}]},{\"@type\":\"BreadcrumbList\",\"@id\":\"https:\/\/menorcaventura.es\/fr\/politique-de-confidentialite\/#breadcrumb\",\"itemListElement\":[{\"@type\":\"ListItem\",\"position\":1,\"name\":\"Portada\",\"item\":\"https:\/\/menorcaventura.es\/fr\/\"},{\"@type\":\"ListItem\",\"position\":2,\"name\":\"Politique de confidentialit\u00e9\"}]},{\"@type\":\"WebSite\",\"@id\":\"https:\/\/menorcaventura.es\/fr\/#website\",\"url\":\"https:\/\/menorcaventura.es\/fr\/\",\"name\":\"MENORCAVENTURA\",\"description\":\"MenorcAventura cuenta con m\u00e1s de diez a\u00f1os de experiencia en actividades n\u00e1uticas y en el medio natural, tales como paseos en barca, rutas y traves\u00edas en kayak, paddle surf, SUPYoga, senderismo, bicicleta de monta\u00f1a, entre otras opciones. Somos especialistas en la gesti\u00f3n de grupos y en la organizaci\u00f3n de experiencias \u201ca medida\u201d.\",\"publisher\":{\"@id\":\"https:\/\/menorcaventura.es\/fr\/#organization\"},\"alternateName\":\"Menorcaventura\",\"potentialAction\":[{\"@type\":\"SearchAction\",\"target\":{\"@type\":\"EntryPoint\",\"urlTemplate\":\"https:\/\/menorcaventura.es\/fr\/?s={search_term_string}\"},\"query-input\":{\"@type\":\"PropertyValueSpecification\",\"valueRequired\":true,\"valueName\":\"search_term_string\"}}],\"inLanguage\":\"fr-FR\"},{\"@type\":\"Organization\",\"@id\":\"https:\/\/menorcaventura.es\/fr\/#organization\",\"name\":\"MENORCAVENTURA\",\"url\":\"https:\/\/menorcaventura.es\/fr\/\",\"logo\":{\"@type\":\"ImageObject\",\"inLanguage\":\"fr-FR\",\"@id\":\"https:\/\/menorcaventura.es\/fr\/#\/schema\/logo\/image\/\",\"url\":\"https:\/\/menorcaventura.es\/wp-content\/uploads\/2023\/05\/menorcavebtura-logo-sinletras.webp\",\"contentUrl\":\"https:\/\/menorcaventura.es\/wp-content\/uploads\/2023\/05\/menorcavebtura-logo-sinletras.webp\",\"width\":250,\"height\":294,\"caption\":\"MENORCAVENTURA\"},\"image\":{\"@id\":\"https:\/\/menorcaventura.es\/fr\/#\/schema\/logo\/image\/\"},\"sameAs\":[\"https:\/\/www.facebook.com\/MenorcAventuraCalanPorter\/?fref=ts\",\"https:\/\/www.instagram.com\/menorcaventura\/\"]}]}<\/script>\n<!-- \/ Yoast SEO plugin. -->","yoast_head_json":{"title":"Politique de confidentialit\u00e9 - MENORCAVENTURA","robots":{"index":"index","follow":"follow","max-snippet":"max-snippet:-1","max-image-preview":"max-image-preview:large","max-video-preview":"max-video-preview:-1"},"canonical":"https:\/\/menorcaventura.es\/fr\/politique-de-confidentialite\/","og_locale":"fr_FR","og_type":"article","og_title":"Politique de confidentialit\u00e9 - MENORCAVENTURA","og_description":"Politique de confidentialit\u00e9Cette politique de confidentialit\u00e9 a \u00e9t\u00e9 mise \u00e0 jour pour la derni\u00e8re fois le 05\/08\/2021 et s'applique aux citoyens de l'Espace \u00e9conomique europ\u00e9en (UE). Dans cette d\u00e9claration de confidentialit\u00e9, nous expliquons ce que nous faisons des donn\u00e9es que nous obtenons \u00e0 votre sujet via https:\/\/menorcaventura.es. Nous vous recommandons de lire attentivement cette d\u00e9claration. [&hellip;]","og_url":"https:\/\/menorcaventura.es\/fr\/politique-de-confidentialite\/","og_site_name":"MENORCAVENTURA","article_publisher":"https:\/\/www.facebook.com\/MenorcAventuraCalanPorter\/?fref=ts","article_modified_time":"2024-05-30T10:13:25+00:00","og_image":[{"width":1920,"height":1089,"url":"https:\/\/menorcaventura.es\/wp-content\/uploads\/2023\/03\/imagVideoKayacs.webp","type":"image\/webp"}],"twitter_card":"summary_large_image","twitter_misc":{"Dur\u00e9e de lecture estim\u00e9e":"7 minutes"},"schema":{"@context":"https:\/\/schema.org","@graph":[{"@type":"WebPage","@id":"https:\/\/menorcaventura.es\/fr\/politique-de-confidentialite\/","url":"https:\/\/menorcaventura.es\/fr\/politique-de-confidentialite\/","name":"Politique de confidentialit\u00e9 - MENORCAVENTURA","isPartOf":{"@id":"https:\/\/menorcaventura.es\/fr\/#website"},"datePublished":"2023-03-21T09:50:26+00:00","dateModified":"2024-05-30T10:13:25+00:00","breadcrumb":{"@id":"https:\/\/menorcaventura.es\/fr\/politique-de-confidentialite\/#breadcrumb"},"inLanguage":"fr-FR","potentialAction":[{"@type":"ReadAction","target":["https:\/\/menorcaventura.es\/fr\/politique-de-confidentialite\/"]}]},{"@type":"BreadcrumbList","@id":"https:\/\/menorcaventura.es\/fr\/politique-de-confidentialite\/#breadcrumb","itemListElement":[{"@type":"ListItem","position":1,"name":"Portada","item":"https:\/\/menorcaventura.es\/fr\/"},{"@type":"ListItem","position":2,"name":"Politique de confidentialit\u00e9"}]},{"@type":"WebSite","@id":"https:\/\/menorcaventura.es\/fr\/#website","url":"https:\/\/menorcaventura.es\/fr\/","name":"MENORCAVENTURA","description":"MenorcAventura cuenta con m\u00e1s de diez a\u00f1os de experiencia en actividades n\u00e1uticas y en el medio natural, tales como paseos en barca, rutas y traves\u00edas en kayak, paddle surf, SUPYoga, senderismo, bicicleta de monta\u00f1a, entre otras opciones. Somos especialistas en la gesti\u00f3n de grupos y en la organizaci\u00f3n de experiencias \u201ca medida\u201d.","publisher":{"@id":"https:\/\/menorcaventura.es\/fr\/#organization"},"alternateName":"Menorcaventura","potentialAction":[{"@type":"SearchAction","target":{"@type":"EntryPoint","urlTemplate":"https:\/\/menorcaventura.es\/fr\/?s={search_term_string}"},"query-input":{"@type":"PropertyValueSpecification","valueRequired":true,"valueName":"search_term_string"}}],"inLanguage":"fr-FR"},{"@type":"Organization","@id":"https:\/\/menorcaventura.es\/fr\/#organization","name":"MENORCAVENTURA","url":"https:\/\/menorcaventura.es\/fr\/","logo":{"@type":"ImageObject","inLanguage":"fr-FR","@id":"https:\/\/menorcaventura.es\/fr\/#\/schema\/logo\/image\/","url":"https:\/\/menorcaventura.es\/wp-content\/uploads\/2023\/05\/menorcavebtura-logo-sinletras.webp","contentUrl":"https:\/\/menorcaventura.es\/wp-content\/uploads\/2023\/05\/menorcavebtura-logo-sinletras.webp","width":250,"height":294,"caption":"MENORCAVENTURA"},"image":{"@id":"https:\/\/menorcaventura.es\/fr\/#\/schema\/logo\/image\/"},"sameAs":["https:\/\/www.facebook.com\/MenorcAventuraCalanPorter\/?fref=ts","https:\/\/www.instagram.com\/menorcaventura\/"]}]}},"_links":{"self":[{"href":"https:\/\/menorcaventura.es\/fr\/wp-json\/wp\/v2\/pages\/107203","targetHints":{"allow":["GET"]}}],"collection":[{"href":"https:\/\/menorcaventura.es\/fr\/wp-json\/wp\/v2\/pages"}],"about":[{"href":"https:\/\/menorcaventura.es\/fr\/wp-json\/wp\/v2\/types\/page"}],"author":[{"embeddable":true,"href":"https:\/\/menorcaventura.es\/fr\/wp-json\/wp\/v2\/users\/1"}],"replies":[{"embeddable":true,"href":"https:\/\/menorcaventura.es\/fr\/wp-json\/wp\/v2\/comments?post=107203"}],"version-history":[{"count":4,"href":"https:\/\/menorcaventura.es\/fr\/wp-json\/wp\/v2\/pages\/107203\/revisions"}],"predecessor-version":[{"id":108443,"href":"https:\/\/menorcaventura.es\/fr\/wp-json\/wp\/v2\/pages\/107203\/revisions\/108443"}],"wp:attachment":[{"href":"https:\/\/menorcaventura.es\/fr\/wp-json\/wp\/v2\/media?parent=107203"}],"curies":[{"name":"wp","href":"https:\/\/api.w.org\/{rel}","templated":true}]}}