{"id":109653,"date":"2025-05-26T16:37:34","date_gmt":"2025-05-26T16:37:34","guid":{"rendered":"https:\/\/menorcaventura.es\/terminos-y-condiciones\/"},"modified":"2025-05-26T16:43:09","modified_gmt":"2025-05-26T16:43:09","slug":"terminos-y-condiciones","status":"publish","type":"page","link":"https:\/\/menorcaventura.es\/fr\/terminos-y-condiciones\/","title":{"rendered":"T\u00e9rminos y condiciones"},"content":{"rendered":"<p>[et_pb_section fb_built=\u00a0\u00bb1&Prime; next_background_color=\u00a0\u00bb#000000&Prime; admin_label=\u00a0\u00bbHero\u00a0\u00bb _builder_version=\u00a0\u00bb4.20.2&Prime; custom_padding=\u00a0\u00bb80px|0px|121px|0px|false|false\u00a0\u00bb bottom_divider_style=\u00a0\u00bbarrow\u00a0\u00bb bottom_divider_height=\u00a0\u00bb162px\u00a0\u00bb bottom_divider_height_tablet=\u00a0\u00bb117px\u00a0\u00bb bottom_divider_height_phone=\u00a0\u00bb126px\u00a0\u00bb bottom_divider_height_last_edited=\u00a0\u00bbon|phone\u00a0\u00bb da_disable_devices=\u00a0\u00bboff|off|off\u00a0\u00bb global_colors_info=\u00a0\u00bb{}\u00a0\u00bb da_is_popup=\u00a0\u00bboff\u00a0\u00bb da_exit_intent=\u00a0\u00bboff\u00a0\u00bb da_has_close=\u00a0\u00bbon\u00a0\u00bb da_alt_close=\u00a0\u00bboff\u00a0\u00bb da_dark_close=\u00a0\u00bboff\u00a0\u00bb da_not_modal=\u00a0\u00bbon\u00a0\u00bb da_is_singular=\u00a0\u00bboff\u00a0\u00bb da_with_loader=\u00a0\u00bboff\u00a0\u00bb da_has_shadow=\u00a0\u00bbon\u00a0\u00bb][et_pb_row _builder_version=\u00a0\u00bb4.20.2&Prime; background_size=\u00a0\u00bbinitial\u00a0\u00bb background_position=\u00a0\u00bbtop_left\u00a0\u00bb background_repeat=\u00a0\u00bbrepeat\u00a0\u00bb max_width=\u00a0\u00bb820px\u00a0\u00bb use_custom_width=\u00a0\u00bbon\u00a0\u00bb custom_width_px=\u00a0\u00bb700px\u00a0\u00bb global_colors_info=\u00a0\u00bb{}\u00a0\u00bb][et_pb_column type=\u00a0\u00bb4_4&Prime; _builder_version=\u00a0\u00bb4.16&Prime; custom_padding=\u00a0\u00bb|||\u00a0\u00bb global_colors_info=\u00a0\u00bb{}\u00a0\u00bb custom_padding__hover=\u00a0\u00bb|||\u00a0\u00bb][et_pb_text _builder_version=\u00a0\u00bb4.27.4&Prime; text_font=\u00a0\u00bbTeko||||||||\u00a0\u00bb text_text_color=\u00a0\u00bb#00A8BE\u00a0\u00bb text_font_size=\u00a0\u00bb26px\u00a0\u00bb text_line_height=\u00a0\u00bb1.2em\u00a0\u00bb ul_font=\u00a0\u00bb||||||||\u00a0\u00bb header_font=\u00a0\u00bbTeko|||on|||||\u00a0\u00bb header_font_size=\u00a0\u00bb96px\u00a0\u00bb header_letter_spacing=\u00a0\u00bb2px\u00a0\u00bb header_line_height=\u00a0\u00bb0.9em\u00a0\u00bb text_orientation=\u00a0\u00bbcenter\u00a0\u00bb custom_margin=\u00a0\u00bb|||\u00a0\u00bb header_font_size_tablet=\u00a0\u00bb66px\u00a0\u00bb header_font_size_phone=\u00a0\u00bb36px\u00a0\u00bb header_font_size_last_edited=\u00a0\u00bbon|phone\u00a0\u00bb global_colors_info=\u00a0\u00bb{}\u00a0\u00bb]<\/p>\n<h1>T\u00e9rminos y condiciones de participaci\u00f3n en actividades de kayak guiado<\/h1>\n<p>[\/et_pb_text][et_pb_text _builder_version=\u00a0\u00bb4.27.4&Prime; text_font=\u00a0\u00bbLato||||||||\u00a0\u00bb text_font_size=\u00a0\u00bb18px\u00a0\u00bb text_line_height=\u00a0\u00bb1.6em\u00a0\u00bb link_text_color=\u00a0\u00bb#00A8BE\u00a0\u00bb header_2_font=\u00a0\u00bbTeko||||||||\u00a0\u00bb header_2_text_color=\u00a0\u00bb#00A8BE\u00a0\u00bb header_2_font_size=\u00a0\u00bb33px\u00a0\u00bb header_2_letter_spacing=\u00a0\u00bb2px\u00a0\u00bb header_2_line_height=\u00a0\u00bb1.3em\u00a0\u00bb header_3_font=\u00a0\u00bbTeko||||||||\u00a0\u00bb header_3_font_size=\u00a0\u00bb23px\u00a0\u00bb max_width=\u00a0\u00bb629px\u00a0\u00bb module_alignment=\u00a0\u00bbcenter\u00a0\u00bb text_font_size_tablet=\u00a0\u00bb18px\u00a0\u00bb text_font_size_phone=\u00a0\u00bb16px\u00a0\u00bb text_font_size_last_edited=\u00a0\u00bbon|desktop\u00a0\u00bb header_2_font_size_tablet=\u00a0\u00bb33px\u00a0\u00bb header_2_font_size_phone=\u00a0\u00bb30px\u00a0\u00bb header_2_font_size_last_edited=\u00a0\u00bbon|phone\u00a0\u00bb header_2_line_height_tablet=\u00a0\u00bb1.3em\u00a0\u00bb header_2_line_height_phone=\u00a0\u00bb1.1em\u00a0\u00bb header_2_line_height_last_edited=\u00a0\u00bbon|phone\u00a0\u00bb global_colors_info=\u00a0\u00bb{}\u00a0\u00bb]<\/p>\n<p>ACTIVA\u2019T GESTIONS 2016 S.L. &#8211; MENORCAVENTURA<br \/>Este documento establece las condiciones legales de participaci\u00f3n en las actividades organizadas por ACTIVA\u2019T GESTIONS 2016, S.L., en adelante MenorcAventura, titular del sitio web www.menorcaventura.es.<br \/>La participaci\u00f3n en nuestras actividades implica la aceptaci\u00f3n plena de estas condiciones. Si no est\u00e1 de acuerdo con ellas, no deber\u00e1 realizar la reserva ni participar en la actividad.<\/p>\n<p>1. ACEPTACI\u00d3N DEL CONTRATO<br \/>Al marcar la casilla correspondiente y completar la reserva, el\/la cliente declara haber le\u00eddo, comprendido y aceptado este contrato de participaci\u00f3n, incluyendo la exoneraci\u00f3n de responsabilidad de la empresa.<\/p>\n<p>La aceptaci\u00f3n expresa mediante casilla en la web, registro por plataformas externas o firma presencial constituye un consentimiento v\u00e1lido legalmente conforme a la normativa vigente.<\/p>\n<p>2. DECLARACIONES DEL PARTICIPANTE<br \/>El participante manifiesta:<\/p>\n<ul>\n<li>Haber recibido informaci\u00f3n suficiente sobre el contenido, nivel f\u00edsico y riesgos inherentes a la actividad.<\/li>\n<li>Estar en condiciones f\u00edsicas adecuadas, saber nadar y no padecer enfermedades incompatibles con la actividad.<\/li>\n<li>Seguir en todo momento las instrucciones del monitor o gu\u00eda responsable.<\/li>\n<li>Asumir la responsabilidad sobre los menores a su cargo durante la actividad.<\/li>\n<\/ul>\n<p>3. EXONERACI\u00d3N DE RESPONSABILIDAD<br \/>MenorcAventura queda exenta de responsabilidad por:<\/p>\n<ul>\n<li>Da\u00f1os derivados del incumplimiento de las indicaciones del personal responsable.<\/li>\n<li>Conductas imprudentes o negligentes por parte del participante o acompa\u00f1antes.<\/li>\n<li>P\u00e9rdida o da\u00f1o de objetos personales durante la actividad.<\/li>\n<li>Consecuencias derivadas de accidentes provocados por causas externas, fuerza mayor o naturaleza de la actividad.<\/li>\n<li>La empresa dispone de los seguros obligatorios de Responsabilidad Civil y del equipamiento de seguridad necesario.<\/li>\n<\/ul>\n<p>4. PROTECCI\u00d3N DE DATOS<br \/>De conformidad con el Reglamento (UE) 2016\/679 (RGPD), sus datos ser\u00e1n tratados por MenorcAventura con fines de gesti\u00f3n de reservas y comunicaci\u00f3n comercial. Puede ejercer sus derechos de acceso, rectificaci\u00f3n, cancelaci\u00f3n y oposici\u00f3n mediante correo a: info@menorcaventura.es.<\/p>\n<p>5. USO DE IMAGEN<br \/>El cliente autoriza el uso de su imagen en fotograf\u00edas o v\u00eddeos captados durante la actividad para fines promocionales de MenorcAventura. Esta autorizaci\u00f3n podr\u00e1 ser revocada en cualquier momento escribiendo a: info@menorcaventura.es.<\/p>\n<p>6. FIRMAS Y FORMALIZACI\u00d3N<br \/>Este contrato se considerar\u00e1 formalizado mediante:<\/p>\n<ul>\n<li>Aceptaci\u00f3n online con registro de datos (IP, fecha, email, casilla marcada).<\/li>\n<li>Confirmaci\u00f3n por plataformas de terceros que integren estos t\u00e9rminos.<\/li>\n<li>Firma presencial en caso de reservas en punto de encuentro o inscripci\u00f3n directa.<\/li>\n<\/ul>\n<p>Con la aceptaci\u00f3n de la reserva, usted acepta las presentes condiciones legales.<\/p>\n<h2>8. Detalles de contacto<\/h2>\n<p>ACTIVA&rsquo;T GESTIONS 2016 S.L.<br \/>Av. Central, 99 Cala En Porter<br \/>07730 ALAIOR<br \/>Espa\u00f1a<br \/>Sitio web:\u00a0<a href=\"https:\/\/menorcaventura.es\/fr\/\">https:\/\/menorcaventura.es<\/a><br \/>Email: <a href=\"mailto:info@menorcaventura.es\">info@menorcaventura.es\u00a0\u00a0<\/a><\/p>\n<p>[\/et_pb_text][\/et_pb_column][\/et_pb_row][\/et_pb_section][et_pb_section fb_built=\u00a0\u00bb1&Prime; _builder_version=\u00a0\u00bb4.24.0&Prime; _module_preset=\u00a0\u00bbdefault\u00a0\u00bb da_disable_devices=\u00a0\u00bboff|off|off\u00a0\u00bb global_colors_info=\u00a0\u00bb{}\u00a0\u00bb da_is_popup=\u00a0\u00bboff\u00a0\u00bb da_exit_intent=\u00a0\u00bboff\u00a0\u00bb da_has_close=\u00a0\u00bbon\u00a0\u00bb da_alt_close=\u00a0\u00bboff\u00a0\u00bb da_dark_close=\u00a0\u00bboff\u00a0\u00bb da_not_modal=\u00a0\u00bbon\u00a0\u00bb da_is_singular=\u00a0\u00bboff\u00a0\u00bb da_with_loader=\u00a0\u00bboff\u00a0\u00bb da_has_shadow=\u00a0\u00bbon\u00a0\u00bb][et_pb_row column_structure=\u00a0\u00bb1_2,1_2&Prime; _builder_version=\u00a0\u00bb4.24.0&Prime; _module_preset=\u00a0\u00bbdefault\u00a0\u00bb global_colors_info=\u00a0\u00bb{}\u00a0\u00bb][et_pb_column type=\u00a0\u00bb1_2&Prime; _builder_version=\u00a0\u00bb4.24.0&Prime; _module_preset=\u00a0\u00bbdefault\u00a0\u00bb global_colors_info=\u00a0\u00bb{}\u00a0\u00bb][et_pb_button button_url=\u00a0\u00bbhttps:\/\/menorcaventura.es\/wp-content\/uploads\/2024\/05\/CONTRATO-ALQUILER-KAYAKS-SUP-BICI-AQUA.odt\u00a0\u00bb url_new_window=\u00a0\u00bbon\u00a0\u00bb button_text=\u00a0\u00bbDESCARGAR CONTRATO ALQUILER KAYAKS-SUP-BICI\u00a0\u00bb _builder_version=\u00a0\u00bb4.27.4&Prime; _module_preset=\u00a0\u00bbdefault\u00a0\u00bb global_colors_info=\u00a0\u00bb{}\u00a0\u00bb][\/et_pb_button][\/et_pb_column][et_pb_column type=\u00a0\u00bb1_2&Prime; _builder_version=\u00a0\u00bb4.24.0&Prime; _module_preset=\u00a0\u00bbdefault\u00a0\u00bb global_colors_info=\u00a0\u00bb{}\u00a0\u00bb][et_pb_button button_url=\u00a0\u00bbhttps:\/\/menorcaventura.es\/wp-content\/uploads\/2024\/05\/CONTRATO-RUTA-CUEVAS-2024.odt\u00a0\u00bb url_new_window=\u00a0\u00bbon\u00a0\u00bb button_text=\u00a0\u00bbDESCARGAR CONTRATO RUTA CUEVAS 2024.\u00a0\u00bb _builder_version=\u00a0\u00bb4.27.4&Prime; _module_preset=\u00a0\u00bbdefault\u00a0\u00bb global_colors_info=\u00a0\u00bb{}\u00a0\u00bb][\/et_pb_button][\/et_pb_column][\/et_pb_row][\/et_pb_section]<\/p>\n","protected":false},"excerpt":{"rendered":"<p>T\u00e9rminos y condiciones de participaci\u00f3n en actividades de kayak guiadoACTIVA\u2019T GESTIONS 2016 S.L. &#8211; MENORCAVENTURAEste documento establece las condiciones legales de participaci\u00f3n en las actividades organizadas por ACTIVA\u2019T GESTIONS 2016, S.L., en adelante MenorcAventura, titular del sitio web www.menorcaventura.es.La participaci\u00f3n en nuestras actividades implica la aceptaci\u00f3n plena de estas condiciones. Si no est\u00e1 de acuerdo [&hellip;]<\/p>\n","protected":false},"author":3,"featured_media":0,"parent":0,"menu_order":0,"comment_status":"closed","ping_status":"closed","template":"","meta":{"_et_pb_use_builder":"on","_et_pb_old_content":"","_et_gb_content_width":"","_joinchat":[],"footnotes":""},"class_list":["post-109653","page","type-page","status-publish","hentry"],"yoast_head":"<!-- This site is optimized with the Yoast SEO plugin v27.0 - https:\/\/yoast.com\/product\/yoast-seo-wordpress\/ -->\n<title>T\u00e9rminos y condiciones - MENORCAVENTURA<\/title>\n<meta name=\"description\" content=\"T\u00e9rminos y condiciones\" \/>\n<meta name=\"robots\" content=\"index, follow, max-snippet:-1, max-image-preview:large, max-video-preview:-1\" \/>\n<link rel=\"canonical\" href=\"https:\/\/menorcaventura.es\/fr\/terminos-y-condiciones\/\" \/>\n<meta property=\"og:locale\" content=\"fr_FR\" \/>\n<meta property=\"og:type\" content=\"article\" \/>\n<meta property=\"og:title\" content=\"T\u00e9rminos y condiciones - MENORCAVENTURA\" \/>\n<meta property=\"og:description\" content=\"T\u00e9rminos y condiciones\" \/>\n<meta property=\"og:url\" content=\"https:\/\/menorcaventura.es\/fr\/terminos-y-condiciones\/\" \/>\n<meta property=\"og:site_name\" content=\"MENORCAVENTURA\" \/>\n<meta property=\"article:publisher\" content=\"https:\/\/www.facebook.com\/MenorcAventuraCalanPorter\/?fref=ts\" \/>\n<meta property=\"article:modified_time\" content=\"2025-05-26T16:43:09+00:00\" \/>\n<meta property=\"og:image\" content=\"https:\/\/menorcaventura.es\/wp-content\/uploads\/2023\/03\/imagVideoKayacs.webp\" \/>\n\t<meta property=\"og:image:width\" content=\"1920\" \/>\n\t<meta property=\"og:image:height\" content=\"1089\" \/>\n\t<meta property=\"og:image:type\" content=\"image\/webp\" \/>\n<meta name=\"twitter:card\" content=\"summary_large_image\" \/>\n<meta name=\"twitter:label1\" content=\"Dur\u00e9e de lecture estim\u00e9e\" \/>\n\t<meta name=\"twitter:data1\" content=\"2 minutes\" \/>\n<script type=\"application\/ld+json\" class=\"yoast-schema-graph\">{\"@context\":\"https:\/\/schema.org\",\"@graph\":[{\"@type\":\"WebPage\",\"@id\":\"https:\/\/menorcaventura.es\/fr\/terminos-y-condiciones\/\",\"url\":\"https:\/\/menorcaventura.es\/fr\/terminos-y-condiciones\/\",\"name\":\"T\u00e9rminos y condiciones - MENORCAVENTURA\",\"isPartOf\":{\"@id\":\"https:\/\/menorcaventura.es\/fr\/#website\"},\"datePublished\":\"2025-05-26T16:37:34+00:00\",\"dateModified\":\"2025-05-26T16:43:09+00:00\",\"description\":\"T\u00e9rminos y condiciones\",\"breadcrumb\":{\"@id\":\"https:\/\/menorcaventura.es\/fr\/terminos-y-condiciones\/#breadcrumb\"},\"inLanguage\":\"fr-FR\",\"potentialAction\":[{\"@type\":\"ReadAction\",\"target\":[\"https:\/\/menorcaventura.es\/fr\/terminos-y-condiciones\/\"]}]},{\"@type\":\"BreadcrumbList\",\"@id\":\"https:\/\/menorcaventura.es\/fr\/terminos-y-condiciones\/#breadcrumb\",\"itemListElement\":[{\"@type\":\"ListItem\",\"position\":1,\"name\":\"Portada\",\"item\":\"https:\/\/menorcaventura.es\/fr\/\"},{\"@type\":\"ListItem\",\"position\":2,\"name\":\"T\u00e9rminos y condiciones\"}]},{\"@type\":\"WebSite\",\"@id\":\"https:\/\/menorcaventura.es\/fr\/#website\",\"url\":\"https:\/\/menorcaventura.es\/fr\/\",\"name\":\"MENORCAVENTURA\",\"description\":\"MenorcAventura cuenta con m\u00e1s de diez a\u00f1os de experiencia en actividades n\u00e1uticas y en el medio natural, tales como paseos en barca, rutas y traves\u00edas en kayak, paddle surf, SUPYoga, senderismo, bicicleta de monta\u00f1a, entre otras opciones. Somos especialistas en la gesti\u00f3n de grupos y en la organizaci\u00f3n de experiencias \u201ca medida\u201d.\",\"publisher\":{\"@id\":\"https:\/\/menorcaventura.es\/fr\/#organization\"},\"alternateName\":\"Menorcaventura\",\"potentialAction\":[{\"@type\":\"SearchAction\",\"target\":{\"@type\":\"EntryPoint\",\"urlTemplate\":\"https:\/\/menorcaventura.es\/fr\/?s={search_term_string}\"},\"query-input\":{\"@type\":\"PropertyValueSpecification\",\"valueRequired\":true,\"valueName\":\"search_term_string\"}}],\"inLanguage\":\"fr-FR\"},{\"@type\":\"Organization\",\"@id\":\"https:\/\/menorcaventura.es\/fr\/#organization\",\"name\":\"MENORCAVENTURA\",\"url\":\"https:\/\/menorcaventura.es\/fr\/\",\"logo\":{\"@type\":\"ImageObject\",\"inLanguage\":\"fr-FR\",\"@id\":\"https:\/\/menorcaventura.es\/fr\/#\/schema\/logo\/image\/\",\"url\":\"https:\/\/menorcaventura.es\/wp-content\/uploads\/2023\/05\/menorcavebtura-logo-sinletras.webp\",\"contentUrl\":\"https:\/\/menorcaventura.es\/wp-content\/uploads\/2023\/05\/menorcavebtura-logo-sinletras.webp\",\"width\":250,\"height\":294,\"caption\":\"MENORCAVENTURA\"},\"image\":{\"@id\":\"https:\/\/menorcaventura.es\/fr\/#\/schema\/logo\/image\/\"},\"sameAs\":[\"https:\/\/www.facebook.com\/MenorcAventuraCalanPorter\/?fref=ts\",\"https:\/\/www.instagram.com\/menorcaventura\/\"]}]}<\/script>\n<!-- \/ Yoast SEO plugin. -->","yoast_head_json":{"title":"T\u00e9rminos y condiciones - MENORCAVENTURA","description":"T\u00e9rminos y condiciones","robots":{"index":"index","follow":"follow","max-snippet":"max-snippet:-1","max-image-preview":"max-image-preview:large","max-video-preview":"max-video-preview:-1"},"canonical":"https:\/\/menorcaventura.es\/fr\/terminos-y-condiciones\/","og_locale":"fr_FR","og_type":"article","og_title":"T\u00e9rminos y condiciones - MENORCAVENTURA","og_description":"T\u00e9rminos y condiciones","og_url":"https:\/\/menorcaventura.es\/fr\/terminos-y-condiciones\/","og_site_name":"MENORCAVENTURA","article_publisher":"https:\/\/www.facebook.com\/MenorcAventuraCalanPorter\/?fref=ts","article_modified_time":"2025-05-26T16:43:09+00:00","og_image":[{"width":1920,"height":1089,"url":"https:\/\/menorcaventura.es\/wp-content\/uploads\/2023\/03\/imagVideoKayacs.webp","type":"image\/webp"}],"twitter_card":"summary_large_image","twitter_misc":{"Dur\u00e9e de lecture estim\u00e9e":"2 minutes"},"schema":{"@context":"https:\/\/schema.org","@graph":[{"@type":"WebPage","@id":"https:\/\/menorcaventura.es\/fr\/terminos-y-condiciones\/","url":"https:\/\/menorcaventura.es\/fr\/terminos-y-condiciones\/","name":"T\u00e9rminos y condiciones - MENORCAVENTURA","isPartOf":{"@id":"https:\/\/menorcaventura.es\/fr\/#website"},"datePublished":"2025-05-26T16:37:34+00:00","dateModified":"2025-05-26T16:43:09+00:00","description":"T\u00e9rminos y condiciones","breadcrumb":{"@id":"https:\/\/menorcaventura.es\/fr\/terminos-y-condiciones\/#breadcrumb"},"inLanguage":"fr-FR","potentialAction":[{"@type":"ReadAction","target":["https:\/\/menorcaventura.es\/fr\/terminos-y-condiciones\/"]}]},{"@type":"BreadcrumbList","@id":"https:\/\/menorcaventura.es\/fr\/terminos-y-condiciones\/#breadcrumb","itemListElement":[{"@type":"ListItem","position":1,"name":"Portada","item":"https:\/\/menorcaventura.es\/fr\/"},{"@type":"ListItem","position":2,"name":"T\u00e9rminos y condiciones"}]},{"@type":"WebSite","@id":"https:\/\/menorcaventura.es\/fr\/#website","url":"https:\/\/menorcaventura.es\/fr\/","name":"MENORCAVENTURA","description":"MenorcAventura cuenta con m\u00e1s de diez a\u00f1os de experiencia en actividades n\u00e1uticas y en el medio natural, tales como paseos en barca, rutas y traves\u00edas en kayak, paddle surf, SUPYoga, senderismo, bicicleta de monta\u00f1a, entre otras opciones. Somos especialistas en la gesti\u00f3n de grupos y en la organizaci\u00f3n de experiencias \u201ca medida\u201d.","publisher":{"@id":"https:\/\/menorcaventura.es\/fr\/#organization"},"alternateName":"Menorcaventura","potentialAction":[{"@type":"SearchAction","target":{"@type":"EntryPoint","urlTemplate":"https:\/\/menorcaventura.es\/fr\/?s={search_term_string}"},"query-input":{"@type":"PropertyValueSpecification","valueRequired":true,"valueName":"search_term_string"}}],"inLanguage":"fr-FR"},{"@type":"Organization","@id":"https:\/\/menorcaventura.es\/fr\/#organization","name":"MENORCAVENTURA","url":"https:\/\/menorcaventura.es\/fr\/","logo":{"@type":"ImageObject","inLanguage":"fr-FR","@id":"https:\/\/menorcaventura.es\/fr\/#\/schema\/logo\/image\/","url":"https:\/\/menorcaventura.es\/wp-content\/uploads\/2023\/05\/menorcavebtura-logo-sinletras.webp","contentUrl":"https:\/\/menorcaventura.es\/wp-content\/uploads\/2023\/05\/menorcavebtura-logo-sinletras.webp","width":250,"height":294,"caption":"MENORCAVENTURA"},"image":{"@id":"https:\/\/menorcaventura.es\/fr\/#\/schema\/logo\/image\/"},"sameAs":["https:\/\/www.facebook.com\/MenorcAventuraCalanPorter\/?fref=ts","https:\/\/www.instagram.com\/menorcaventura\/"]}]}},"_links":{"self":[{"href":"https:\/\/menorcaventura.es\/fr\/wp-json\/wp\/v2\/pages\/109653","targetHints":{"allow":["GET"]}}],"collection":[{"href":"https:\/\/menorcaventura.es\/fr\/wp-json\/wp\/v2\/pages"}],"about":[{"href":"https:\/\/menorcaventura.es\/fr\/wp-json\/wp\/v2\/types\/page"}],"author":[{"embeddable":true,"href":"https:\/\/menorcaventura.es\/fr\/wp-json\/wp\/v2\/users\/3"}],"replies":[{"embeddable":true,"href":"https:\/\/menorcaventura.es\/fr\/wp-json\/wp\/v2\/comments?post=109653"}],"version-history":[{"count":1,"href":"https:\/\/menorcaventura.es\/fr\/wp-json\/wp\/v2\/pages\/109653\/revisions"}],"predecessor-version":[{"id":109655,"href":"https:\/\/menorcaventura.es\/fr\/wp-json\/wp\/v2\/pages\/109653\/revisions\/109655"}],"wp:attachment":[{"href":"https:\/\/menorcaventura.es\/fr\/wp-json\/wp\/v2\/media?parent=109653"}],"curies":[{"name":"wp","href":"https:\/\/api.w.org\/{rel}","templated":true}]}}